{"id":10353,"date":"2024-03-11T15:49:46","date_gmt":"2024-03-11T14:49:46","guid":{"rendered":"https:\/\/seobest.de\/demo11222\/?page_id=10353"},"modified":"2025-10-18T10:58:17","modified_gmt":"2025-10-18T08:58:17","slug":"sobre-nosotros","status":"publish","type":"page","link":"https:\/\/www.eprotec-extrusion.com\/es\/sobre-nosotros\/","title":{"rendered":"Sobre nosotros"},"content":{"rendered":"\n<div style=\"height:40px\" aria-hidden=\"true\" class=\"wp-block-spacer\"><\/div>\n\n\n\n<div class=\"wp-block-columns is-layout-flex wp-container-core-columns-is-layout-9d6595d7 wp-block-columns-is-layout-flex\">\n<div class=\"wp-block-column animated fadeInLeft is-layout-flow wp-block-column-is-layout-flow\">\n<h2 class=\"wp-block-heading has-text-color has-link-color wp-elements-1f977a746b23cdf505cecd8c5269b67d\" style=\"color:#ffad29;font-size:60px\">acerca de eprotec<\/h2>\n<\/div>\n\n\n\n<div class=\"wp-block-column is-vertically-aligned-center animated fadeInRight is-layout-flow wp-block-column-is-layout-flow\" style=\"flex-basis:60%\">\n<p>eprotec Las bombas de fusi\u00f3n (bombas de engranajes) tienen un dise\u00f1o optimizado para el proceso de descarga y exprimido. Esto garantiza un transporte continuo y suave del pol\u00edmero bajo las m\u00e1s variadas condiciones de presi\u00f3n, temperatura y viscosidad de la extrusi\u00f3n. Con la bomba de fusi\u00f3n, que aumenta la presi\u00f3n entre el extrusor y el troquel o el peletizador, se pueden configurar los par\u00e1metros de extrusi\u00f3n para garantizar una fusi\u00f3n homog\u00e9nea con un mayor rendimiento y unas tolerancias m\u00e1s peque\u00f1as del producto final. Durante m\u00e1s de 40 a\u00f1os, los procesadores de pol\u00edmeros han utilizado bombas de engranajes en la extrusi\u00f3n de l\u00e1minas, tableros y perfiles. As\u00ed como en la producci\u00f3n de compuestos altamente rellenos para resolver procesos cr\u00edticos en la exigente industria de procesamiento de pol\u00edmeros.<\/p>\n<\/div>\n<\/div>\n\n\n\n<div style=\"height:40px\" aria-hidden=\"true\" class=\"wp-block-spacer\"><\/div>\n\n\n\n<div class=\"wp-block-group animated fadeInUp\"><div class=\"wp-block-group__inner-container is-layout-constrained wp-block-group-is-layout-constrained\">\n<h3 class=\"wp-block-heading has-text-align-center has-text-color has-link-color wp-elements-f6ff831fc08e62cb6582acb590cc57cb\" style=\"color:#ffad29\">Como usuario final le ofrecemos las siguientes ventajas:<\/h3>\n\n\n\n<div style=\"height:40px\" aria-hidden=\"true\" class=\"wp-block-spacer\"><\/div>\n\n\n\n<div class=\"wp-block-group\"><div class=\"wp-block-group__inner-container is-layout-constrained wp-block-group-is-layout-constrained\">\n<div class=\"wp-block-columns is-layout-flex wp-container-core-columns-is-layout-9d6595d7 wp-block-columns-is-layout-flex\">\n<div class=\"wp-block-column clm_schw has-background is-layout-flow wp-block-column-is-layout-flow\" style=\"background-color:#eeeeee\">\n<ul class=\"wp-block-list is-style-checkbox\">\n<li>Mejor estabilidad dimensional &#8211; la bomba de fusi\u00f3n suaviza las pulsaciones (fluctuaciones de presi\u00f3n, aumento) del tornillo extrusor<\/li>\n\n\n\n<li>Calidad controlada de la masa fundida &#8211; con la bomba de fusi\u00f3n la contrapresi\u00f3n del extrusor ser\u00e1 mucho menor, por lo que habr\u00e1 menos fricci\u00f3n y, por tanto, menor temperatura de la masa fundida<\/li>\n\n\n\n<li>Aumento de la tasa de entrega &#8211; la bomba de engranajes hace posible procesar un mayor porcentaje de rectificaci\u00f3n y seguir manteniendo las tolerancias m\u00e1s peque\u00f1as<\/li>\n\n\n\n<li>Reducci\u00f3n del consumo de materias primas gracias a las tolerancias m\u00e1s estrictas<\/li>\n<\/ul>\n<\/div>\n\n\n\n<div class=\"wp-block-column clm_schw has-background is-layout-flow wp-block-column-is-layout-flow\" style=\"background-color:#eeeeee\">\n<div style=\"height:15px\" aria-hidden=\"true\" class=\"wp-block-spacer\"><\/div>\n\n\n\n<ul class=\"wp-block-list is-style-checkbox\">\n<li>Optimizaci\u00f3n del proceso de puesta en marcha m\u00e1s r\u00e1pida mediante el control de la presi\u00f3n de entrada de la bomba el ahorro de tiempo puede ser del 50%<\/li>\n\n\n\n<li>Aumento de la vida \u00fatil de la unidad de procesamiento. La bomba de composici\u00f3n reduce la fuerza axial y el consumo de energ\u00eda de la extrusora<\/li>\n\n\n\n<li>Mayor productividad y estabilidad del proceso la bomba de extrusi\u00f3n es un componente eficiente para el transporte, eliminando los problemas de calidad y aumentando el volumen de producci\u00f3n<\/li>\n<\/ul>\n<\/div>\n<\/div>\n<\/div><\/div>\n<\/div><\/div>\n","protected":false},"excerpt":{"rendered":"<p>acerca de eprotec eprotec Las bombas de fusi\u00f3n (bombas de engranajes) tienen un dise\u00f1o optimizado para el proceso de descarga y exprimido. Esto garantiza un transporte continuo y suave del &#8230;<\/p>\n","protected":false},"author":1,"featured_media":10841,"parent":0,"menu_order":0,"comment_status":"closed","ping_status":"closed","template":"","meta":{"_coblocks_attr":"","_coblocks_dimensions":"","_coblocks_responsive_height":"","_coblocks_accordion_ie_support":"","pgc_sgb_lightbox_settings":"","footnotes":""},"class_list":["post-10353","page","type-page","status-publish","has-post-thumbnail","hentry"],"yoast_head":"<!-- This site is optimized with the Yoast SEO plugin v27.5 - https:\/\/yoast.com\/product\/yoast-seo-wordpress\/ -->\n<title>Sobre nosotros - eprotec extrusion technology ag<\/title>\n<meta name=\"robots\" content=\"index, follow, max-snippet:-1, max-image-preview:large, max-video-preview:-1\" \/>\n<link rel=\"canonical\" href=\"https:\/\/www.eprotec-extrusion.com\/es\/sobre-nosotros\/\" \/>\n<meta property=\"og:locale\" content=\"es_ES\" \/>\n<meta property=\"og:type\" content=\"article\" \/>\n<meta property=\"og:title\" content=\"Sobre nosotros - eprotec extrusion technology ag\" \/>\n<meta property=\"og:description\" content=\"acerca de eprotec eprotec Las bombas de fusi\u00f3n (bombas de engranajes) tienen un dise\u00f1o optimizado para el proceso de descarga y exprimido. Esto garantiza un transporte continuo y suave del ...\" \/>\n<meta property=\"og:url\" content=\"https:\/\/www.eprotec-extrusion.com\/es\/sobre-nosotros\/\" \/>\n<meta property=\"og:site_name\" content=\"eprotec extrusion technology ag\" \/>\n<meta property=\"article:modified_time\" content=\"2025-10-18T08:58:17+00:00\" \/>\n<meta property=\"og:image\" content=\"https:\/\/www.eprotec-extrusion.com\/es\/wp-content\/uploads\/2025\/04\/Products2.jpg\" \/>\n\t<meta property=\"og:image:width\" content=\"2198\" \/>\n\t<meta property=\"og:image:height\" content=\"1148\" \/>\n\t<meta property=\"og:image:type\" content=\"image\/jpeg\" \/>\n<meta name=\"twitter:card\" content=\"summary_large_image\" \/>\n<meta name=\"twitter:label1\" content=\"Tiempo de lectura\" \/>\n\t<meta name=\"twitter:data1\" content=\"2 minutos\" \/>\n<script type=\"application\/ld+json\" class=\"yoast-schema-graph\">{\"@context\":\"https:\\\/\\\/schema.org\",\"@graph\":[{\"@type\":\"WebPage\",\"@id\":\"https:\\\/\\\/www.eprotec-extrusion.com\\\/es\\\/sobre-nosotros\\\/\",\"url\":\"https:\\\/\\\/www.eprotec-extrusion.com\\\/es\\\/sobre-nosotros\\\/\",\"name\":\"Sobre nosotros - eprotec extrusion technology ag\",\"isPartOf\":{\"@id\":\"https:\\\/\\\/www.eprotec-extrusion.com\\\/es\\\/#website\"},\"primaryImageOfPage\":{\"@id\":\"https:\\\/\\\/www.eprotec-extrusion.com\\\/es\\\/sobre-nosotros\\\/#primaryimage\"},\"image\":{\"@id\":\"https:\\\/\\\/www.eprotec-extrusion.com\\\/es\\\/sobre-nosotros\\\/#primaryimage\"},\"thumbnailUrl\":\"https:\\\/\\\/www.eprotec-extrusion.com\\\/es\\\/wp-content\\\/uploads\\\/2025\\\/04\\\/Products2.jpg\",\"datePublished\":\"2024-03-11T14:49:46+00:00\",\"dateModified\":\"2025-10-18T08:58:17+00:00\",\"breadcrumb\":{\"@id\":\"https:\\\/\\\/www.eprotec-extrusion.com\\\/es\\\/sobre-nosotros\\\/#breadcrumb\"},\"inLanguage\":\"es\",\"potentialAction\":[{\"@type\":\"ReadAction\",\"target\":[\"https:\\\/\\\/www.eprotec-extrusion.com\\\/es\\\/sobre-nosotros\\\/\"]}]},{\"@type\":\"ImageObject\",\"inLanguage\":\"es\",\"@id\":\"https:\\\/\\\/www.eprotec-extrusion.com\\\/es\\\/sobre-nosotros\\\/#primaryimage\",\"url\":\"https:\\\/\\\/www.eprotec-extrusion.com\\\/es\\\/wp-content\\\/uploads\\\/2025\\\/04\\\/Products2.jpg\",\"contentUrl\":\"https:\\\/\\\/www.eprotec-extrusion.com\\\/es\\\/wp-content\\\/uploads\\\/2025\\\/04\\\/Products2.jpg\",\"width\":2198,\"height\":1148},{\"@type\":\"BreadcrumbList\",\"@id\":\"https:\\\/\\\/www.eprotec-extrusion.com\\\/es\\\/sobre-nosotros\\\/#breadcrumb\",\"itemListElement\":[{\"@type\":\"ListItem\",\"position\":1,\"name\":\"Home\",\"item\":\"https:\\\/\\\/www.eprotec-extrusion.com\\\/es\\\/\"},{\"@type\":\"ListItem\",\"position\":2,\"name\":\"Sobre nosotros\"}]},{\"@type\":\"WebSite\",\"@id\":\"https:\\\/\\\/www.eprotec-extrusion.com\\\/es\\\/#website\",\"url\":\"https:\\\/\\\/www.eprotec-extrusion.com\\\/es\\\/\",\"name\":\"eprotec extrusion technology ag\",\"description\":\"eprotec est\u00e1 especializada en el desarrollo y la fabricaci\u00f3n de bombas de extrusi\u00f3n de alta precisi\u00f3n\",\"publisher\":{\"@id\":\"https:\\\/\\\/www.eprotec-extrusion.com\\\/es\\\/#organization\"},\"potentialAction\":[{\"@type\":\"SearchAction\",\"target\":{\"@type\":\"EntryPoint\",\"urlTemplate\":\"https:\\\/\\\/www.eprotec-extrusion.com\\\/es\\\/?s={search_term_string}\"},\"query-input\":{\"@type\":\"PropertyValueSpecification\",\"valueRequired\":true,\"valueName\":\"search_term_string\"}}],\"inLanguage\":\"es\"},{\"@type\":\"Organization\",\"@id\":\"https:\\\/\\\/www.eprotec-extrusion.com\\\/es\\\/#organization\",\"name\":\"Mustermann GmbH\",\"url\":\"https:\\\/\\\/www.eprotec-extrusion.com\\\/es\\\/\",\"logo\":{\"@type\":\"ImageObject\",\"inLanguage\":\"es\",\"@id\":\"https:\\\/\\\/www.eprotec-extrusion.com\\\/es\\\/#\\\/schema\\\/logo\\\/image\\\/\",\"url\":\"https:\\\/\\\/www.eprotec-extrusion.com\\\/es\\\/wp-content\\\/uploads\\\/2025\\\/04\\\/eprotecLogo.png\",\"contentUrl\":\"https:\\\/\\\/www.eprotec-extrusion.com\\\/es\\\/wp-content\\\/uploads\\\/2025\\\/04\\\/eprotecLogo.png\",\"width\":332,\"height\":200,\"caption\":\"Mustermann GmbH\"},\"image\":{\"@id\":\"https:\\\/\\\/www.eprotec-extrusion.com\\\/es\\\/#\\\/schema\\\/logo\\\/image\\\/\"}}]}<\/script>\n<!-- \/ Yoast SEO plugin. -->","yoast_head_json":{"title":"Sobre nosotros - eprotec extrusion technology ag","robots":{"index":"index","follow":"follow","max-snippet":"max-snippet:-1","max-image-preview":"max-image-preview:large","max-video-preview":"max-video-preview:-1"},"canonical":"https:\/\/www.eprotec-extrusion.com\/es\/sobre-nosotros\/","og_locale":"es_ES","og_type":"article","og_title":"Sobre nosotros - eprotec extrusion technology ag","og_description":"acerca de eprotec eprotec Las bombas de fusi\u00f3n (bombas de engranajes) tienen un dise\u00f1o optimizado para el proceso de descarga y exprimido. Esto garantiza un transporte continuo y suave del ...","og_url":"https:\/\/www.eprotec-extrusion.com\/es\/sobre-nosotros\/","og_site_name":"eprotec extrusion technology ag","article_modified_time":"2025-10-18T08:58:17+00:00","og_image":[{"width":2198,"height":1148,"url":"https:\/\/www.eprotec-extrusion.com\/es\/wp-content\/uploads\/2025\/04\/Products2.jpg","type":"image\/jpeg"}],"twitter_card":"summary_large_image","twitter_misc":{"Tiempo de lectura":"2 minutos"},"schema":{"@context":"https:\/\/schema.org","@graph":[{"@type":"WebPage","@id":"https:\/\/www.eprotec-extrusion.com\/es\/sobre-nosotros\/","url":"https:\/\/www.eprotec-extrusion.com\/es\/sobre-nosotros\/","name":"Sobre nosotros - eprotec extrusion technology ag","isPartOf":{"@id":"https:\/\/www.eprotec-extrusion.com\/es\/#website"},"primaryImageOfPage":{"@id":"https:\/\/www.eprotec-extrusion.com\/es\/sobre-nosotros\/#primaryimage"},"image":{"@id":"https:\/\/www.eprotec-extrusion.com\/es\/sobre-nosotros\/#primaryimage"},"thumbnailUrl":"https:\/\/www.eprotec-extrusion.com\/es\/wp-content\/uploads\/2025\/04\/Products2.jpg","datePublished":"2024-03-11T14:49:46+00:00","dateModified":"2025-10-18T08:58:17+00:00","breadcrumb":{"@id":"https:\/\/www.eprotec-extrusion.com\/es\/sobre-nosotros\/#breadcrumb"},"inLanguage":"es","potentialAction":[{"@type":"ReadAction","target":["https:\/\/www.eprotec-extrusion.com\/es\/sobre-nosotros\/"]}]},{"@type":"ImageObject","inLanguage":"es","@id":"https:\/\/www.eprotec-extrusion.com\/es\/sobre-nosotros\/#primaryimage","url":"https:\/\/www.eprotec-extrusion.com\/es\/wp-content\/uploads\/2025\/04\/Products2.jpg","contentUrl":"https:\/\/www.eprotec-extrusion.com\/es\/wp-content\/uploads\/2025\/04\/Products2.jpg","width":2198,"height":1148},{"@type":"BreadcrumbList","@id":"https:\/\/www.eprotec-extrusion.com\/es\/sobre-nosotros\/#breadcrumb","itemListElement":[{"@type":"ListItem","position":1,"name":"Home","item":"https:\/\/www.eprotec-extrusion.com\/es\/"},{"@type":"ListItem","position":2,"name":"Sobre nosotros"}]},{"@type":"WebSite","@id":"https:\/\/www.eprotec-extrusion.com\/es\/#website","url":"https:\/\/www.eprotec-extrusion.com\/es\/","name":"eprotec extrusion technology ag","description":"eprotec est\u00e1 especializada en el desarrollo y la fabricaci\u00f3n de bombas de extrusi\u00f3n de alta precisi\u00f3n","publisher":{"@id":"https:\/\/www.eprotec-extrusion.com\/es\/#organization"},"potentialAction":[{"@type":"SearchAction","target":{"@type":"EntryPoint","urlTemplate":"https:\/\/www.eprotec-extrusion.com\/es\/?s={search_term_string}"},"query-input":{"@type":"PropertyValueSpecification","valueRequired":true,"valueName":"search_term_string"}}],"inLanguage":"es"},{"@type":"Organization","@id":"https:\/\/www.eprotec-extrusion.com\/es\/#organization","name":"Mustermann GmbH","url":"https:\/\/www.eprotec-extrusion.com\/es\/","logo":{"@type":"ImageObject","inLanguage":"es","@id":"https:\/\/www.eprotec-extrusion.com\/es\/#\/schema\/logo\/image\/","url":"https:\/\/www.eprotec-extrusion.com\/es\/wp-content\/uploads\/2025\/04\/eprotecLogo.png","contentUrl":"https:\/\/www.eprotec-extrusion.com\/es\/wp-content\/uploads\/2025\/04\/eprotecLogo.png","width":332,"height":200,"caption":"Mustermann GmbH"},"image":{"@id":"https:\/\/www.eprotec-extrusion.com\/es\/#\/schema\/logo\/image\/"}}]}},"_links":{"self":[{"href":"https:\/\/www.eprotec-extrusion.com\/es\/wp-json\/wp\/v2\/pages\/10353","targetHints":{"allow":["GET"]}}],"collection":[{"href":"https:\/\/www.eprotec-extrusion.com\/es\/wp-json\/wp\/v2\/pages"}],"about":[{"href":"https:\/\/www.eprotec-extrusion.com\/es\/wp-json\/wp\/v2\/types\/page"}],"author":[{"embeddable":true,"href":"https:\/\/www.eprotec-extrusion.com\/es\/wp-json\/wp\/v2\/users\/1"}],"replies":[{"embeddable":true,"href":"https:\/\/www.eprotec-extrusion.com\/es\/wp-json\/wp\/v2\/comments?post=10353"}],"version-history":[{"count":34,"href":"https:\/\/www.eprotec-extrusion.com\/es\/wp-json\/wp\/v2\/pages\/10353\/revisions"}],"predecessor-version":[{"id":11961,"href":"https:\/\/www.eprotec-extrusion.com\/es\/wp-json\/wp\/v2\/pages\/10353\/revisions\/11961"}],"wp:featuredmedia":[{"embeddable":true,"href":"https:\/\/www.eprotec-extrusion.com\/es\/wp-json\/wp\/v2\/media\/10841"}],"wp:attachment":[{"href":"https:\/\/www.eprotec-extrusion.com\/es\/wp-json\/wp\/v2\/media?parent=10353"}],"curies":[{"name":"wp","href":"https:\/\/api.w.org\/{rel}","templated":true}]}}