{"id":10540,"date":"2024-04-06T14:07:58","date_gmt":"2024-04-06T12:07:58","guid":{"rendered":"https:\/\/seobest.de\/demo11222\/?page_id=10540"},"modified":"2025-11-04T20:41:27","modified_gmt":"2025-11-04T19:41:27","slug":"distribuidores","status":"publish","type":"page","link":"https:\/\/www.eprotec-extrusion.com\/es\/distribuidores\/","title":{"rendered":"Distribuidores"},"content":{"rendered":"\n<div style=\"height:40px\" aria-hidden=\"true\" class=\"wp-block-spacer\"><\/div>\n\n\n\n<div class=\"wp-block-columns is-layout-flex wp-container-core-columns-is-layout-9d6595d7 wp-block-columns-is-layout-flex\">\n<div class=\"wp-block-column is-layout-flow wp-block-column-is-layout-flow\">\n<div class=\"wp-block-columns is-layout-flex wp-container-core-columns-is-layout-054a8836 wp-block-columns-is-layout-flex\" style=\"margin-top:0px;margin-bottom:30px\">\n<div class=\"wp-block-column animated fadeInUp clm_flag has-border-color has-black-border-color has-white-background-color has-background is-layout-flow wp-block-column-is-layout-flow\" style=\"border-width:1px;border-radius:12px;padding-top:25px;padding-right:25px;padding-bottom:25px;padding-left:25px\">\n<div style=\"height:15px\" aria-hidden=\"true\" class=\"wp-block-spacer\"><\/div>\n\n\n\n<h2 class=\"wp-block-heading has-text-color has-link-color has-helvetica-font-family has-custom-font wp-elements-3b80a7633a8977903437ca84464cc60f\" style=\"color:#ffad29;font-size:25px;line-height:1.5;font-family:Helvetica\"><strong><strong><strong><a href=\"https:\/\/extrusion.at\/\" target=\"_blank\" rel=\"noreferrer noopener\">Austria<\/a><\/strong><\/strong><\/strong><\/h2>\n\n\n\n<p class=\"sp_s\"><\/p>\n\n\n\n<figure class=\"wp-block-image size-full has-lightbox\"><a href=\"https:\/\/extrusion.at\/\" target=\"_blank\" rel=\" noreferrer noopener\"><img loading=\"lazy\" decoding=\"async\" width=\"750\" height=\"750\" src=\"https:\/\/www.eprotec-extrusion.com\/es\/wp-content\/uploads\/2025\/06\/eprotec1austria.jpg\" alt=\"\" class=\"wp-image-11420\" srcset=\"https:\/\/www.eprotec-extrusion.com\/es\/wp-content\/uploads\/2025\/06\/eprotec1austria.jpg 750w, https:\/\/www.eprotec-extrusion.com\/es\/wp-content\/uploads\/2025\/06\/eprotec1austria-300x300.jpg 300w, https:\/\/www.eprotec-extrusion.com\/es\/wp-content\/uploads\/2025\/06\/eprotec1austria-150x150.jpg 150w\" sizes=\"auto, (max-width: 750px) 100vw, 750px\" \/><\/a><\/figure>\n<\/div>\n<\/div>\n<\/div>\n\n\n\n<div class=\"wp-block-column is-layout-flow wp-block-column-is-layout-flow\">\n<div class=\"wp-block-columns is-layout-flex wp-container-core-columns-is-layout-054a8836 wp-block-columns-is-layout-flex\" style=\"margin-top:0px;margin-bottom:30px\">\n<div class=\"wp-block-column animated fadeInUp clm_flag has-border-color has-black-border-color has-white-background-color has-background is-layout-flow wp-block-column-is-layout-flow\" style=\"border-width:1px;border-radius:12px;padding-top:25px;padding-right:25px;padding-bottom:25px;padding-left:25px\">\n<div style=\"height:15px\" aria-hidden=\"true\" class=\"wp-block-spacer\"><\/div>\n\n\n\n<h3 class=\"wp-block-heading has-text-color has-link-color has-helvetica-font-family has-custom-font wp-elements-0ffc3d5d56b2b33e076148a95ff57490\" style=\"color:#ffad29;font-size:25px;line-height:1.5;font-family:Helvetica\"><strong><strong><strong><a href=\"https:\/\/plettenburg.com\/vertegenwoordigingen\/eprotec\/\" target=\"_blank\" rel=\"noreferrer noopener\">Holanda<\/a><\/strong><\/strong><\/strong><\/h3>\n\n\n\n<p class=\"sp_s\"><\/p>\n\n\n\n<figure class=\"wp-block-image size-full has-lightbox\"><a href=\"https:\/\/plettenburg.com\/vertegenwoordigingen\/eprotec\/\" target=\"_blank\" rel=\" noreferrer noopener\"><img loading=\"lazy\" decoding=\"async\" width=\"750\" height=\"750\" src=\"https:\/\/seobest.de\/demo310311\/wp-content\/uploads\/2025\/06\/eprotec2netherlands.jpg\" alt=\"\" class=\"wp-image-11421\" srcset=\"https:\/\/www.eprotec-extrusion.com\/es\/wp-content\/uploads\/2025\/06\/eprotec2netherlands.jpg 750w, https:\/\/www.eprotec-extrusion.com\/es\/wp-content\/uploads\/2025\/06\/eprotec2netherlands-300x300.jpg 300w, https:\/\/www.eprotec-extrusion.com\/es\/wp-content\/uploads\/2025\/06\/eprotec2netherlands-150x150.jpg 150w\" sizes=\"auto, (max-width: 750px) 100vw, 750px\" \/><\/a><\/figure>\n<\/div>\n<\/div>\n<\/div>\n\n\n\n<div class=\"wp-block-column is-layout-flow wp-block-column-is-layout-flow\">\n<div class=\"wp-block-columns is-layout-flex wp-container-core-columns-is-layout-054a8836 wp-block-columns-is-layout-flex\" style=\"margin-top:0px;margin-bottom:30px\">\n<div class=\"wp-block-column animated fadeInUp clm_flag has-border-color has-black-border-color has-white-background-color has-background is-layout-flow wp-block-column-is-layout-flow\" style=\"border-width:1px;border-radius:12px;padding-top:25px;padding-right:25px;padding-bottom:25px;padding-left:25px\">\n<div style=\"height:15px\" aria-hidden=\"true\" class=\"wp-block-spacer\"><\/div>\n\n\n\n<h3 class=\"wp-block-heading has-text-color has-link-color has-helvetica-font-family has-custom-font wp-elements-e9044a364ba6e749aa6bd9d189fff0e9\" style=\"color:#ffad29;font-size:25px;line-height:1.5;font-family:Helvetica\"><strong><strong><strong><a href=\"https:\/\/www.gupa.it\/\" target=\"_blank\" rel=\"noreferrer noopener\">Italia<\/a><\/strong><\/strong><\/strong><\/h3>\n\n\n\n<p class=\"sp_s\"><\/p>\n\n\n\n<figure class=\"wp-block-image size-full has-lightbox\"><a href=\"https:\/\/www.gupa.it\/\" target=\"_blank\" rel=\" noreferrer noopener\"><img loading=\"lazy\" decoding=\"async\" width=\"750\" height=\"750\" src=\"https:\/\/seobest.de\/demo310311\/wp-content\/uploads\/2025\/06\/eprotec3italy.jpg\" alt=\"\" class=\"wp-image-11422\" srcset=\"https:\/\/www.eprotec-extrusion.com\/es\/wp-content\/uploads\/2025\/06\/eprotec3italy.jpg 750w, https:\/\/www.eprotec-extrusion.com\/es\/wp-content\/uploads\/2025\/06\/eprotec3italy-300x300.jpg 300w, https:\/\/www.eprotec-extrusion.com\/es\/wp-content\/uploads\/2025\/06\/eprotec3italy-150x150.jpg 150w\" sizes=\"auto, (max-width: 750px) 100vw, 750px\" \/><\/a><\/figure>\n<\/div>\n<\/div>\n<\/div>\n<\/div>\n\n\n\n<div class=\"wp-block-columns is-layout-flex wp-container-core-columns-is-layout-9d6595d7 wp-block-columns-is-layout-flex\">\n<div class=\"wp-block-column is-layout-flow wp-block-column-is-layout-flow\">\n<div class=\"wp-block-columns is-layout-flex wp-container-core-columns-is-layout-054a8836 wp-block-columns-is-layout-flex\" style=\"margin-top:0px;margin-bottom:30px\">\n<div class=\"wp-block-column animated fadeInUp clm_flag has-border-color has-black-border-color has-white-background-color has-background is-layout-flow wp-block-column-is-layout-flow\" style=\"border-width:1px;border-radius:12px;padding-top:25px;padding-right:25px;padding-bottom:25px;padding-left:25px\">\n<div style=\"height:15px\" aria-hidden=\"true\" class=\"wp-block-spacer\"><\/div>\n\n\n\n<h2 class=\"wp-block-heading has-text-color has-link-color has-helvetica-font-family has-custom-font wp-elements-634d7337c58d829ffb56910bb972a21a\" style=\"color:#ffad29;font-size:25px;line-height:1.5;font-family:Helvetica\"><strong><strong><strong><a href=\"https:\/\/www.pronix.fr\/\" target=\"_blank\" rel=\"noreferrer noopener\">Francia<\/a><\/strong><\/strong><\/strong><\/h2>\n\n\n\n<p class=\"sp_s\"><\/p>\n\n\n\n<figure class=\"wp-block-image size-full has-lightbox\"><a href=\"https:\/\/www.pronix.fr\/\" target=\"_blank\" rel=\" noreferrer noopener\"><img loading=\"lazy\" decoding=\"async\" width=\"750\" height=\"750\" src=\"https:\/\/www.eprotec-extrusion.com\/es\/wp-content\/uploads\/2025\/06\/eprotec4france.jpg\" alt=\"\" class=\"wp-image-11431\" srcset=\"https:\/\/www.eprotec-extrusion.com\/es\/wp-content\/uploads\/2025\/06\/eprotec4france.jpg 750w, https:\/\/www.eprotec-extrusion.com\/es\/wp-content\/uploads\/2025\/06\/eprotec4france-300x300.jpg 300w, https:\/\/www.eprotec-extrusion.com\/es\/wp-content\/uploads\/2025\/06\/eprotec4france-150x150.jpg 150w\" sizes=\"auto, (max-width: 750px) 100vw, 750px\" \/><\/a><\/figure>\n<\/div>\n<\/div>\n<\/div>\n\n\n\n<div class=\"wp-block-column is-layout-flow wp-block-column-is-layout-flow\">\n<div class=\"wp-block-columns is-layout-flex wp-container-core-columns-is-layout-054a8836 wp-block-columns-is-layout-flex\" style=\"margin-top:0px;margin-bottom:30px\">\n<div class=\"wp-block-column animated fadeInUp clm_flag has-border-color has-black-border-color has-white-background-color has-background is-layout-flow wp-block-column-is-layout-flow\" style=\"border-width:1px;border-radius:12px;padding-top:25px;padding-right:25px;padding-bottom:25px;padding-left:25px\">\n<div style=\"height:15px\" aria-hidden=\"true\" class=\"wp-block-spacer\"><\/div>\n\n\n\n<h3 class=\"wp-block-heading has-text-color has-link-color has-helvetica-font-family has-custom-font wp-elements-a990f2e66fa4bcfe5865fdb917d99a91\" style=\"color:#ffad29;font-size:25px;line-height:1.5;font-family:Helvetica\"><strong><strong><strong><a href=\"https:\/\/wtsolutions.es\/\" target=\"_blank\" rel=\"noreferrer noopener\">Espa\u00f1a<\/a><\/strong><\/strong><\/strong><\/h3>\n\n\n\n<p class=\"sp_s\"><\/p>\n\n\n\n<figure class=\"wp-block-image size-full has-lightbox\"><a href=\"https:\/\/wtsolutions.es\/\" target=\"_blank\" rel=\" noreferrer noopener\"><img loading=\"lazy\" decoding=\"async\" width=\"750\" height=\"750\" src=\"https:\/\/www.eprotec-extrusion.com\/es\/wp-content\/uploads\/2025\/06\/eprotec5spain.jpg\" alt=\"\" class=\"wp-image-11432\" srcset=\"https:\/\/www.eprotec-extrusion.com\/es\/wp-content\/uploads\/2025\/06\/eprotec5spain.jpg 750w, https:\/\/www.eprotec-extrusion.com\/es\/wp-content\/uploads\/2025\/06\/eprotec5spain-300x300.jpg 300w, https:\/\/www.eprotec-extrusion.com\/es\/wp-content\/uploads\/2025\/06\/eprotec5spain-150x150.jpg 150w\" sizes=\"auto, (max-width: 750px) 100vw, 750px\" \/><\/a><\/figure>\n<\/div>\n<\/div>\n<\/div>\n\n\n\n<div class=\"wp-block-column is-layout-flow wp-block-column-is-layout-flow\">\n<div class=\"wp-block-columns is-layout-flex wp-container-core-columns-is-layout-054a8836 wp-block-columns-is-layout-flex\" style=\"margin-top:0px;margin-bottom:30px\">\n<div class=\"wp-block-column animated fadeInUp clm_flag has-border-color has-black-border-color has-white-background-color has-background is-layout-flow wp-block-column-is-layout-flow\" style=\"border-width:1px;border-radius:12px;padding-top:25px;padding-right:25px;padding-bottom:25px;padding-left:25px\">\n<div style=\"height:15px\" aria-hidden=\"true\" class=\"wp-block-spacer\"><\/div>\n\n\n\n<h3 class=\"wp-block-heading has-text-color has-link-color has-helvetica-font-family has-custom-font wp-elements-6e1f5b6ae7f4fe4d4d9919c220a6faf7\" style=\"color:#ffad29;font-size:25px;line-height:1.5;font-family:Helvetica\"><strong><strong><strong><a href=\"http:\/\/www.teknomakine.com.tr\/\" target=\"_blank\" rel=\"noreferrer noopener\">Turqu\u00eda<\/a><\/strong><\/strong><\/strong><\/h3>\n\n\n\n<p class=\"sp_s\"><\/p>\n\n\n\n<figure class=\"wp-block-image size-full has-lightbox\"><a href=\"http:\/\/www.teknomakine.com.tr\/\" target=\"_blank\" rel=\" noreferrer noopener\"><img loading=\"lazy\" decoding=\"async\" width=\"750\" height=\"750\" src=\"https:\/\/www.eprotec-extrusion.com\/es\/wp-content\/uploads\/2025\/06\/eprotec6turkey.jpg\" alt=\"\" class=\"wp-image-11433\" srcset=\"https:\/\/www.eprotec-extrusion.com\/es\/wp-content\/uploads\/2025\/06\/eprotec6turkey.jpg 750w, https:\/\/www.eprotec-extrusion.com\/es\/wp-content\/uploads\/2025\/06\/eprotec6turkey-300x300.jpg 300w, https:\/\/www.eprotec-extrusion.com\/es\/wp-content\/uploads\/2025\/06\/eprotec6turkey-150x150.jpg 150w\" sizes=\"auto, (max-width: 750px) 100vw, 750px\" \/><\/a><\/figure>\n<\/div>\n<\/div>\n<\/div>\n<\/div>\n\n\n\n<div class=\"wp-block-columns is-layout-flex wp-container-core-columns-is-layout-9d6595d7 wp-block-columns-is-layout-flex\">\n<div class=\"wp-block-column is-layout-flow wp-block-column-is-layout-flow\">\n<div class=\"wp-block-columns is-layout-flex wp-container-core-columns-is-layout-054a8836 wp-block-columns-is-layout-flex\" style=\"margin-top:0px;margin-bottom:30px\">\n<div class=\"wp-block-column animated fadeInUp clm_flag has-border-color has-black-border-color has-white-background-color has-background is-layout-flow wp-block-column-is-layout-flow\" style=\"border-width:1px;border-radius:12px;padding-top:25px;padding-right:25px;padding-bottom:25px;padding-left:25px\">\n<div style=\"height:15px\" aria-hidden=\"true\" class=\"wp-block-spacer\"><\/div>\n\n\n\n<h2 class=\"wp-block-heading has-text-color has-link-color has-helvetica-font-family has-custom-font wp-elements-70556d9e0fcaed0e6d5d41a7061e8766\" style=\"color:#ffad29;font-size:25px;line-height:1.5;font-family:Helvetica\"><strong><strong><strong>China<\/strong><\/strong><\/strong><\/h2>\n\n\n\n<p>ikvpump(at)126.com<\/p>\n\n\n\n<p class=\"sp_s\"><\/p>\n\n\n\n<figure class=\"wp-block-image size-full\"><img loading=\"lazy\" decoding=\"async\" width=\"750\" height=\"750\" src=\"https:\/\/www.eprotec-extrusion.com\/es\/wp-content\/uploads\/2025\/06\/eprotec7china.jpg\" alt=\"\" class=\"wp-image-11434\" srcset=\"https:\/\/www.eprotec-extrusion.com\/es\/wp-content\/uploads\/2025\/06\/eprotec7china.jpg 750w, https:\/\/www.eprotec-extrusion.com\/es\/wp-content\/uploads\/2025\/06\/eprotec7china-300x300.jpg 300w, https:\/\/www.eprotec-extrusion.com\/es\/wp-content\/uploads\/2025\/06\/eprotec7china-150x150.jpg 150w\" sizes=\"auto, (max-width: 750px) 100vw, 750px\" \/><\/figure>\n<\/div>\n<\/div>\n<\/div>\n\n\n\n<div class=\"wp-block-column is-layout-flow wp-block-column-is-layout-flow\">\n<div class=\"wp-block-columns is-layout-flex wp-container-core-columns-is-layout-054a8836 wp-block-columns-is-layout-flex\" style=\"margin-top:0px;margin-bottom:30px\">\n<div class=\"wp-block-column animated fadeInUp clm_flag has-border-color has-black-border-color has-white-background-color has-background is-layout-flow wp-block-column-is-layout-flow\" style=\"border-width:1px;border-radius:12px;padding-top:25px;padding-right:25px;padding-bottom:25px;padding-left:25px\">\n<div style=\"height:15px\" aria-hidden=\"true\" class=\"wp-block-spacer\"><\/div>\n\n\n\n<h3 class=\"wp-block-heading has-text-color has-link-color has-helvetica-font-family has-custom-font wp-elements-af401bfcc48a3574b014986737aa5b9a\" style=\"color:#ffad29;font-size:25px;line-height:1.5;font-family:Helvetica\"><strong><strong><strong>Corea del Sur<\/strong><\/strong><\/strong><\/h3>\n\n\n\n<p>eprokor-viet(at)naver.com<\/p>\n\n\n\n<p class=\"sp_s\"><\/p>\n\n\n\n<figure class=\"wp-block-image size-full\"><img loading=\"lazy\" decoding=\"async\" width=\"750\" height=\"750\" src=\"https:\/\/www.eprotec-extrusion.com\/es\/wp-content\/uploads\/2025\/06\/eprotec8south-korea.jpg\" alt=\"\" class=\"wp-image-11435\" srcset=\"https:\/\/www.eprotec-extrusion.com\/es\/wp-content\/uploads\/2025\/06\/eprotec8south-korea.jpg 750w, https:\/\/www.eprotec-extrusion.com\/es\/wp-content\/uploads\/2025\/06\/eprotec8south-korea-300x300.jpg 300w, https:\/\/www.eprotec-extrusion.com\/es\/wp-content\/uploads\/2025\/06\/eprotec8south-korea-150x150.jpg 150w\" sizes=\"auto, (max-width: 750px) 100vw, 750px\" \/><\/figure>\n<\/div>\n<\/div>\n<\/div>\n\n\n\n<div class=\"wp-block-column is-layout-flow wp-block-column-is-layout-flow\">\n<div class=\"wp-block-columns is-layout-flex wp-container-core-columns-is-layout-054a8836 wp-block-columns-is-layout-flex\" style=\"margin-top:0px;margin-bottom:30px\">\n<div class=\"wp-block-column animated fadeInUp clm_flag has-border-color has-black-border-color has-white-background-color has-background is-layout-flow wp-block-column-is-layout-flow\" style=\"border-width:1px;border-radius:12px;padding-top:25px;padding-right:25px;padding-bottom:25px;padding-left:25px\">\n<div style=\"height:15px\" aria-hidden=\"true\" class=\"wp-block-spacer\"><\/div>\n\n\n\n<h3 class=\"wp-block-heading has-text-color has-link-color has-helvetica-font-family has-custom-font wp-elements-cafe4f7405aedcd6d2f6979aecc51e07\" style=\"color:#ffad29;font-size:25px;line-height:1.5;font-family:Helvetica\"><strong><strong><strong>Taiw\u00e1n<\/strong><\/strong><\/strong><\/h3>\n\n\n\n<p>service(at)zamer.com.tw<\/p>\n\n\n\n<p class=\"sp_s\"><\/p>\n\n\n\n<figure class=\"wp-block-image size-full\"><img loading=\"lazy\" decoding=\"async\" width=\"500\" height=\"500\" src=\"https:\/\/www.eprotec-extrusion.com\/es\/wp-content\/uploads\/2025\/06\/eprotec9taiwan.jpg\" alt=\"\" class=\"wp-image-11436\" srcset=\"https:\/\/www.eprotec-extrusion.com\/es\/wp-content\/uploads\/2025\/06\/eprotec9taiwan.jpg 500w, https:\/\/www.eprotec-extrusion.com\/es\/wp-content\/uploads\/2025\/06\/eprotec9taiwan-300x300.jpg 300w, https:\/\/www.eprotec-extrusion.com\/es\/wp-content\/uploads\/2025\/06\/eprotec9taiwan-150x150.jpg 150w\" sizes=\"auto, (max-width: 500px) 100vw, 500px\" \/><\/figure>\n<\/div>\n<\/div>\n<\/div>\n<\/div>\n","protected":false},"excerpt":{"rendered":"<p>Austria Holanda Italia Francia Espa\u00f1a Turqu\u00eda China ikvpump(at)126.com Corea del Sur eprokor-viet(at)naver.com Taiw\u00e1n service(at)zamer.com.tw<\/p>\n","protected":false},"author":1,"featured_media":10841,"parent":0,"menu_order":0,"comment_status":"closed","ping_status":"closed","template":"","meta":{"_coblocks_attr":"","_coblocks_dimensions":"","_coblocks_responsive_height":"","_coblocks_accordion_ie_support":"","pgc_sgb_lightbox_settings":"","footnotes":""},"class_list":["post-10540","page","type-page","status-publish","has-post-thumbnail","hentry"],"yoast_head":"<!-- This site is optimized with the Yoast SEO plugin v27.5 - https:\/\/yoast.com\/product\/yoast-seo-wordpress\/ -->\n<title>Distribuidores - eprotec extrusion technology ag<\/title>\n<meta name=\"robots\" content=\"index, follow, max-snippet:-1, max-image-preview:large, max-video-preview:-1\" \/>\n<link rel=\"canonical\" href=\"https:\/\/www.eprotec-extrusion.com\/es\/distribuidores\/\" \/>\n<meta property=\"og:locale\" content=\"es_ES\" \/>\n<meta property=\"og:type\" content=\"article\" \/>\n<meta property=\"og:title\" content=\"Distribuidores - eprotec extrusion technology ag\" \/>\n<meta property=\"og:description\" content=\"Austria Holanda Italia Francia Espa\u00f1a Turqu\u00eda China ikvpump(at)126.com Corea del Sur eprokor-viet(at)naver.com Taiw\u00e1n service(at)zamer.com.tw\" \/>\n<meta property=\"og:url\" content=\"https:\/\/www.eprotec-extrusion.com\/es\/distribuidores\/\" \/>\n<meta property=\"og:site_name\" content=\"eprotec extrusion technology ag\" \/>\n<meta property=\"article:modified_time\" content=\"2025-11-04T19:41:27+00:00\" \/>\n<meta property=\"og:image\" content=\"https:\/\/www.eprotec-extrusion.com\/es\/wp-content\/uploads\/2025\/04\/Products2.jpg\" \/>\n\t<meta property=\"og:image:width\" content=\"2198\" \/>\n\t<meta property=\"og:image:height\" content=\"1148\" \/>\n\t<meta property=\"og:image:type\" content=\"image\/jpeg\" \/>\n<meta name=\"twitter:card\" content=\"summary_large_image\" \/>\n<script type=\"application\/ld+json\" class=\"yoast-schema-graph\">{\"@context\":\"https:\\\/\\\/schema.org\",\"@graph\":[{\"@type\":\"WebPage\",\"@id\":\"https:\\\/\\\/www.eprotec-extrusion.com\\\/es\\\/distribuidores\\\/\",\"url\":\"https:\\\/\\\/www.eprotec-extrusion.com\\\/es\\\/distribuidores\\\/\",\"name\":\"Distribuidores - eprotec extrusion technology ag\",\"isPartOf\":{\"@id\":\"https:\\\/\\\/www.eprotec-extrusion.com\\\/es\\\/#website\"},\"primaryImageOfPage\":{\"@id\":\"https:\\\/\\\/www.eprotec-extrusion.com\\\/es\\\/distribuidores\\\/#primaryimage\"},\"image\":{\"@id\":\"https:\\\/\\\/www.eprotec-extrusion.com\\\/es\\\/distribuidores\\\/#primaryimage\"},\"thumbnailUrl\":\"https:\\\/\\\/www.eprotec-extrusion.com\\\/es\\\/wp-content\\\/uploads\\\/2025\\\/04\\\/Products2.jpg\",\"datePublished\":\"2024-04-06T12:07:58+00:00\",\"dateModified\":\"2025-11-04T19:41:27+00:00\",\"breadcrumb\":{\"@id\":\"https:\\\/\\\/www.eprotec-extrusion.com\\\/es\\\/distribuidores\\\/#breadcrumb\"},\"inLanguage\":\"es\",\"potentialAction\":[{\"@type\":\"ReadAction\",\"target\":[\"https:\\\/\\\/www.eprotec-extrusion.com\\\/es\\\/distribuidores\\\/\"]}]},{\"@type\":\"ImageObject\",\"inLanguage\":\"es\",\"@id\":\"https:\\\/\\\/www.eprotec-extrusion.com\\\/es\\\/distribuidores\\\/#primaryimage\",\"url\":\"https:\\\/\\\/www.eprotec-extrusion.com\\\/es\\\/wp-content\\\/uploads\\\/2025\\\/04\\\/Products2.jpg\",\"contentUrl\":\"https:\\\/\\\/www.eprotec-extrusion.com\\\/es\\\/wp-content\\\/uploads\\\/2025\\\/04\\\/Products2.jpg\",\"width\":2198,\"height\":1148},{\"@type\":\"BreadcrumbList\",\"@id\":\"https:\\\/\\\/www.eprotec-extrusion.com\\\/es\\\/distribuidores\\\/#breadcrumb\",\"itemListElement\":[{\"@type\":\"ListItem\",\"position\":1,\"name\":\"Home\",\"item\":\"https:\\\/\\\/www.eprotec-extrusion.com\\\/es\\\/\"},{\"@type\":\"ListItem\",\"position\":2,\"name\":\"Distribuidores\"}]},{\"@type\":\"WebSite\",\"@id\":\"https:\\\/\\\/www.eprotec-extrusion.com\\\/es\\\/#website\",\"url\":\"https:\\\/\\\/www.eprotec-extrusion.com\\\/es\\\/\",\"name\":\"eprotec extrusion technology ag\",\"description\":\"eprotec est\u00e1 especializada en el desarrollo y la fabricaci\u00f3n de bombas de extrusi\u00f3n de alta precisi\u00f3n\",\"publisher\":{\"@id\":\"https:\\\/\\\/www.eprotec-extrusion.com\\\/es\\\/#organization\"},\"potentialAction\":[{\"@type\":\"SearchAction\",\"target\":{\"@type\":\"EntryPoint\",\"urlTemplate\":\"https:\\\/\\\/www.eprotec-extrusion.com\\\/es\\\/?s={search_term_string}\"},\"query-input\":{\"@type\":\"PropertyValueSpecification\",\"valueRequired\":true,\"valueName\":\"search_term_string\"}}],\"inLanguage\":\"es\"},{\"@type\":\"Organization\",\"@id\":\"https:\\\/\\\/www.eprotec-extrusion.com\\\/es\\\/#organization\",\"name\":\"Mustermann GmbH\",\"url\":\"https:\\\/\\\/www.eprotec-extrusion.com\\\/es\\\/\",\"logo\":{\"@type\":\"ImageObject\",\"inLanguage\":\"es\",\"@id\":\"https:\\\/\\\/www.eprotec-extrusion.com\\\/es\\\/#\\\/schema\\\/logo\\\/image\\\/\",\"url\":\"https:\\\/\\\/www.eprotec-extrusion.com\\\/es\\\/wp-content\\\/uploads\\\/2025\\\/04\\\/eprotecLogo.png\",\"contentUrl\":\"https:\\\/\\\/www.eprotec-extrusion.com\\\/es\\\/wp-content\\\/uploads\\\/2025\\\/04\\\/eprotecLogo.png\",\"width\":332,\"height\":200,\"caption\":\"Mustermann GmbH\"},\"image\":{\"@id\":\"https:\\\/\\\/www.eprotec-extrusion.com\\\/es\\\/#\\\/schema\\\/logo\\\/image\\\/\"}}]}<\/script>\n<!-- \/ Yoast SEO plugin. -->","yoast_head_json":{"title":"Distribuidores - eprotec extrusion technology ag","robots":{"index":"index","follow":"follow","max-snippet":"max-snippet:-1","max-image-preview":"max-image-preview:large","max-video-preview":"max-video-preview:-1"},"canonical":"https:\/\/www.eprotec-extrusion.com\/es\/distribuidores\/","og_locale":"es_ES","og_type":"article","og_title":"Distribuidores - eprotec extrusion technology ag","og_description":"Austria Holanda Italia Francia Espa\u00f1a Turqu\u00eda China ikvpump(at)126.com Corea del Sur eprokor-viet(at)naver.com Taiw\u00e1n service(at)zamer.com.tw","og_url":"https:\/\/www.eprotec-extrusion.com\/es\/distribuidores\/","og_site_name":"eprotec extrusion technology ag","article_modified_time":"2025-11-04T19:41:27+00:00","og_image":[{"width":2198,"height":1148,"url":"https:\/\/www.eprotec-extrusion.com\/es\/wp-content\/uploads\/2025\/04\/Products2.jpg","type":"image\/jpeg"}],"twitter_card":"summary_large_image","schema":{"@context":"https:\/\/schema.org","@graph":[{"@type":"WebPage","@id":"https:\/\/www.eprotec-extrusion.com\/es\/distribuidores\/","url":"https:\/\/www.eprotec-extrusion.com\/es\/distribuidores\/","name":"Distribuidores - eprotec extrusion technology ag","isPartOf":{"@id":"https:\/\/www.eprotec-extrusion.com\/es\/#website"},"primaryImageOfPage":{"@id":"https:\/\/www.eprotec-extrusion.com\/es\/distribuidores\/#primaryimage"},"image":{"@id":"https:\/\/www.eprotec-extrusion.com\/es\/distribuidores\/#primaryimage"},"thumbnailUrl":"https:\/\/www.eprotec-extrusion.com\/es\/wp-content\/uploads\/2025\/04\/Products2.jpg","datePublished":"2024-04-06T12:07:58+00:00","dateModified":"2025-11-04T19:41:27+00:00","breadcrumb":{"@id":"https:\/\/www.eprotec-extrusion.com\/es\/distribuidores\/#breadcrumb"},"inLanguage":"es","potentialAction":[{"@type":"ReadAction","target":["https:\/\/www.eprotec-extrusion.com\/es\/distribuidores\/"]}]},{"@type":"ImageObject","inLanguage":"es","@id":"https:\/\/www.eprotec-extrusion.com\/es\/distribuidores\/#primaryimage","url":"https:\/\/www.eprotec-extrusion.com\/es\/wp-content\/uploads\/2025\/04\/Products2.jpg","contentUrl":"https:\/\/www.eprotec-extrusion.com\/es\/wp-content\/uploads\/2025\/04\/Products2.jpg","width":2198,"height":1148},{"@type":"BreadcrumbList","@id":"https:\/\/www.eprotec-extrusion.com\/es\/distribuidores\/#breadcrumb","itemListElement":[{"@type":"ListItem","position":1,"name":"Home","item":"https:\/\/www.eprotec-extrusion.com\/es\/"},{"@type":"ListItem","position":2,"name":"Distribuidores"}]},{"@type":"WebSite","@id":"https:\/\/www.eprotec-extrusion.com\/es\/#website","url":"https:\/\/www.eprotec-extrusion.com\/es\/","name":"eprotec extrusion technology ag","description":"eprotec est\u00e1 especializada en el desarrollo y la fabricaci\u00f3n de bombas de extrusi\u00f3n de alta precisi\u00f3n","publisher":{"@id":"https:\/\/www.eprotec-extrusion.com\/es\/#organization"},"potentialAction":[{"@type":"SearchAction","target":{"@type":"EntryPoint","urlTemplate":"https:\/\/www.eprotec-extrusion.com\/es\/?s={search_term_string}"},"query-input":{"@type":"PropertyValueSpecification","valueRequired":true,"valueName":"search_term_string"}}],"inLanguage":"es"},{"@type":"Organization","@id":"https:\/\/www.eprotec-extrusion.com\/es\/#organization","name":"Mustermann GmbH","url":"https:\/\/www.eprotec-extrusion.com\/es\/","logo":{"@type":"ImageObject","inLanguage":"es","@id":"https:\/\/www.eprotec-extrusion.com\/es\/#\/schema\/logo\/image\/","url":"https:\/\/www.eprotec-extrusion.com\/es\/wp-content\/uploads\/2025\/04\/eprotecLogo.png","contentUrl":"https:\/\/www.eprotec-extrusion.com\/es\/wp-content\/uploads\/2025\/04\/eprotecLogo.png","width":332,"height":200,"caption":"Mustermann GmbH"},"image":{"@id":"https:\/\/www.eprotec-extrusion.com\/es\/#\/schema\/logo\/image\/"}}]}},"_links":{"self":[{"href":"https:\/\/www.eprotec-extrusion.com\/es\/wp-json\/wp\/v2\/pages\/10540","targetHints":{"allow":["GET"]}}],"collection":[{"href":"https:\/\/www.eprotec-extrusion.com\/es\/wp-json\/wp\/v2\/pages"}],"about":[{"href":"https:\/\/www.eprotec-extrusion.com\/es\/wp-json\/wp\/v2\/types\/page"}],"author":[{"embeddable":true,"href":"https:\/\/www.eprotec-extrusion.com\/es\/wp-json\/wp\/v2\/users\/1"}],"replies":[{"embeddable":true,"href":"https:\/\/www.eprotec-extrusion.com\/es\/wp-json\/wp\/v2\/comments?post=10540"}],"version-history":[{"count":28,"href":"https:\/\/www.eprotec-extrusion.com\/es\/wp-json\/wp\/v2\/pages\/10540\/revisions"}],"predecessor-version":[{"id":12001,"href":"https:\/\/www.eprotec-extrusion.com\/es\/wp-json\/wp\/v2\/pages\/10540\/revisions\/12001"}],"wp:featuredmedia":[{"embeddable":true,"href":"https:\/\/www.eprotec-extrusion.com\/es\/wp-json\/wp\/v2\/media\/10841"}],"wp:attachment":[{"href":"https:\/\/www.eprotec-extrusion.com\/es\/wp-json\/wp\/v2\/media?parent=10540"}],"curies":[{"name":"wp","href":"https:\/\/api.w.org\/{rel}","templated":true}]}}