{"id":10587,"date":"2024-04-06T14:38:22","date_gmt":"2024-04-06T12:38:22","guid":{"rendered":"https:\/\/seobest.de\/demo11222\/?page_id=10587"},"modified":"2026-03-31T14:54:52","modified_gmt":"2026-03-31T12:54:52","slug":"bombas-melt-x","status":"publish","type":"page","link":"https:\/\/www.eprotec-extrusion.com\/es\/bombas-melt-x\/","title":{"rendered":"Bombas melt-X"},"content":{"rendered":"\n<div style=\"height:40px\" aria-hidden=\"true\" class=\"wp-block-spacer\"><\/div>\n\n\n\n<p><\/p>\n\n\n\n<div class=\"wp-block-group fwd-p\"><div class=\"wp-block-group__inner-container is-layout-constrained wp-block-group-is-layout-constrained\">\n<div class=\"wp-block-columns is-layout-flex wp-container-core-columns-is-layout-9d6595d7 wp-block-columns-is-layout-flex\">\n<div class=\"wp-block-column is-layout-flow wp-block-column-is-layout-flow\">\n<div class=\"wp-block-columns is-layout-flex wp-container-core-columns-is-layout-9d6595d7 wp-block-columns-is-layout-flex\">\n<div class=\"wp-block-column clm_schw animated fadeInLeft has-white-color has-text-color has-background has-link-color wp-elements-51572531d67ddaf139cd18cd814f898e is-layout-flow wp-block-column-is-layout-flow\" style=\"background-color:#ffad29\">\n<figure class=\"wp-block-image size-full\"><img loading=\"lazy\" decoding=\"async\" width=\"590\" height=\"556\" src=\"https:\/\/www.eprotec-extrusion.com\/es\/wp-content\/uploads\/2025\/06\/melt-XXT-1.jpg\" alt=\"\" class=\"wp-image-11056\" style=\"object-fit:cover\" srcset=\"https:\/\/www.eprotec-extrusion.com\/es\/wp-content\/uploads\/2025\/06\/melt-XXT-1.jpg 590w, https:\/\/www.eprotec-extrusion.com\/es\/wp-content\/uploads\/2025\/06\/melt-XXT-1-300x283.jpg 300w\" sizes=\"auto, (max-width: 590px) 100vw, 590px\" \/><\/figure>\n\n\n\n<div style=\"height:30px\" aria-hidden=\"true\" class=\"wp-block-spacer\"><\/div>\n\n\n\n<h3 class=\"wp-block-heading has-text-align-left has-white-color has-text-color has-link-color wp-elements-c7520816fc6f8ce4dbd6ebd9cfeb8609\" style=\"font-size:25px\">eprotec melt-X XT<\/h3>\n\n\n\n<p style=\"font-size:18px\">L\u00edquido (aceite) calentado<\/p>\n\n\n\n<p style=\"font-size:18px\">eprotec melt-X XT para ATEX EX II<\/p>\n\n\n\n<p>melt-X XT para el control de la temperatura con fluido t\u00e9rmico para aplicaciones en las que el calentamiento el\u00e9ctrico no es posible o recomendado.<\/p>\n\n\n\n<div style=\"height:100px\" aria-hidden=\"true\" class=\"wp-block-spacer\"><\/div>\n\n\n\n<div class=\"wp-block-buttons is-layout-flex wp-block-buttons-is-layout-flex\">\n<div class=\"wp-block-button is-style-outline is-style-outline--1\"><a class=\"wp-block-button__link has-white-color has-text-color has-link-color has-custom-font-size wp-element-button\" href=\"https:\/\/www.eprotec-extrusion.com\/es\/melt-x-xt\/\" style=\"font-size:17px\">Leer m\u00e1s<\/a><\/div>\n<\/div>\n\n\n\n<div style=\"height:15px\" aria-hidden=\"true\" class=\"wp-block-spacer\"><\/div>\n<\/div>\n\n\n\n<div class=\"wp-block-column animated fadeInRight clm_schw has-white-color has-text-color has-background has-link-color wp-elements-81ba07953e3249449d1ad42c4346b32b is-layout-flow wp-block-column-is-layout-flow\" style=\"background-color:#ffad29\">\n<figure class=\"wp-block-image size-full\"><img loading=\"lazy\" decoding=\"async\" width=\"993\" height=\"931\" src=\"https:\/\/www.eprotec-extrusion.com\/es\/wp-content\/uploads\/2025\/06\/eprotecdrainage2-1.jpg\" alt=\"\" class=\"wp-image-11057\" style=\"object-fit:cover\" srcset=\"https:\/\/www.eprotec-extrusion.com\/es\/wp-content\/uploads\/2025\/06\/eprotecdrainage2-1.jpg 993w, https:\/\/www.eprotec-extrusion.com\/es\/wp-content\/uploads\/2025\/06\/eprotecdrainage2-1-300x281.jpg 300w, https:\/\/www.eprotec-extrusion.com\/es\/wp-content\/uploads\/2025\/06\/eprotecdrainage2-1-768x720.jpg 768w\" sizes=\"auto, (max-width: 993px) 100vw, 993px\" \/><\/figure>\n\n\n\n<div style=\"height:30px\" aria-hidden=\"true\" class=\"wp-block-spacer\"><\/div>\n\n\n\n<h3 class=\"wp-block-heading has-text-align-left has-white-color has-text-color has-link-color wp-elements-b75806e8f3214ac91808b9631d6a7fcf\" style=\"font-size:25px\">eprotec melt-X S<\/h3>\n\n\n\n<p style=\"font-size:18px\">Drenaje<\/p>\n\n\n\n<p>Drenaje para aplicaciones \u00f3pticas y transparentes<\/p>\n\n\n\n<p>Para todos los pol\u00edmeros sensibles al cizallamiento, la temperatura y el tiempo de residencia.<\/p>\n\n\n\n<ul class=\"wp-block-list\">\n<li>Policarbonato<\/li>\n\n\n\n<li>PMMA (Polimetilmetacrilato)<\/li>\n\n\n\n<li>as\u00ed como TPE-V, PE-X (Silan &#8211; Sioplas)<\/li>\n<\/ul>\n\n\n\n<div style=\"height:20px\" aria-hidden=\"true\" class=\"wp-block-spacer\"><\/div>\n\n\n\n<div class=\"wp-block-buttons is-layout-flex wp-block-buttons-is-layout-flex\">\n<div class=\"wp-block-button is-style-outline is-style-outline--2\"><a class=\"wp-block-button__link has-white-color has-text-color has-link-color has-custom-font-size wp-element-button\" href=\"https:\/\/www.eprotec-extrusion.com\/es\/melt-x-s\/\" style=\"font-size:17px\">Leer m\u00e1s<\/a><\/div>\n<\/div>\n<\/div>\n<\/div>\n\n\n\n<div style=\"height:60px\" aria-hidden=\"true\" class=\"wp-block-spacer\"><\/div>\n\n\n\n<div class=\"wp-block-columns is-layout-flex wp-container-core-columns-is-layout-9d6595d7 wp-block-columns-is-layout-flex\">\n<div class=\"wp-block-column animated fadeInLeft clm_schw has-white-color has-text-color has-background has-link-color wp-elements-6df824a53a835200587eeb3d98d873c4 is-layout-flow wp-block-column-is-layout-flow\" style=\"background-color:#ffad29\">\n<figure class=\"wp-block-image size-full is-resized\"><img loading=\"lazy\" decoding=\"async\" width=\"500\" height=\"507\" src=\"https:\/\/www.eprotec-extrusion.com\/es\/wp-content\/uploads\/2025\/06\/020_00053Massblatt20H_NEU.jpg\" alt=\"\" class=\"wp-image-11058\" style=\"object-fit:cover;width:521px;height:501px\" srcset=\"https:\/\/www.eprotec-extrusion.com\/es\/wp-content\/uploads\/2025\/06\/020_00053Massblatt20H_NEU.jpg 500w, https:\/\/www.eprotec-extrusion.com\/es\/wp-content\/uploads\/2025\/06\/020_00053Massblatt20H_NEU-296x300.jpg 296w\" sizes=\"auto, (max-width: 500px) 100vw, 500px\" \/><\/figure>\n\n\n\n<div style=\"height:30px\" aria-hidden=\"true\" class=\"wp-block-spacer\"><\/div>\n\n\n\n<h3 class=\"wp-block-heading has-text-align-left has-white-color has-text-color has-link-color wp-elements-db404c780feee5851e8b4312ad4fc1d2\" style=\"font-size:25px\">eprotec melt-X H<\/h3>\n\n\n\n<p style=\"font-size:18px\">Alta presi\u00f3n<\/p>\n\n\n\n<p style=\"font-size:18px\">eprotec melt-X H para alta presi\u00f3n 500 bar<\/p>\n\n\n\n<div style=\"height:30px\" aria-hidden=\"true\" class=\"wp-block-spacer\"><\/div>\n\n\n\n<div class=\"wp-block-buttons is-layout-flex wp-block-buttons-is-layout-flex\">\n<div class=\"wp-block-button is-style-outline is-style-outline--3\"><a class=\"wp-block-button__link has-white-color has-text-color has-link-color has-custom-font-size wp-element-button\" href=\"https:\/\/www.eprotec-extrusion.com\/es\/melt-x-h\/\" style=\"font-size:17px\">Leer m\u00e1s<\/a><\/div>\n<\/div>\n<\/div>\n\n\n\n<div class=\"wp-block-column animated fadeInRight clm_schw has-white-color has-text-color has-background has-link-color wp-elements-1b72b28da6ca4e80e7915fb5ddbb769f is-layout-flow wp-block-column-is-layout-flow\" style=\"background-color:#ffad29\">\n<figure class=\"wp-block-image size-full\"><img loading=\"lazy\" decoding=\"async\" width=\"889\" height=\"855\" src=\"https:\/\/www.eprotec-extrusion.com\/es\/wp-content\/uploads\/2025\/06\/melt-X1MB.jpg\" alt=\"\" class=\"wp-image-11059\" style=\"object-fit:cover\" srcset=\"https:\/\/www.eprotec-extrusion.com\/es\/wp-content\/uploads\/2025\/06\/melt-X1MB.jpg 889w, https:\/\/www.eprotec-extrusion.com\/es\/wp-content\/uploads\/2025\/06\/melt-X1MB-300x289.jpg 300w, https:\/\/www.eprotec-extrusion.com\/es\/wp-content\/uploads\/2025\/06\/melt-X1MB-768x739.jpg 768w\" sizes=\"auto, (max-width: 889px) 100vw, 889px\" \/><\/figure>\n\n\n\n<div style=\"height:30px\" aria-hidden=\"true\" class=\"wp-block-spacer\"><\/div>\n\n\n\n<h3 class=\"wp-block-heading has-text-align-left has-white-color has-text-color has-link-color wp-elements-e066844b4be9b852a6d21bd5943f1712\" style=\"font-size:25px\">eprotec melt-X MB<\/h3>\n\n\n\n<p style=\"font-size:18px\">melt Blown<\/p>\n\n\n\n<p style=\"font-size:18px\">eprotec melt-X MB para pol\u00edmeros de alto IMF<\/p>\n\n\n\n<div style=\"height:30px\" aria-hidden=\"true\" class=\"wp-block-spacer\"><\/div>\n\n\n\n<div class=\"wp-block-buttons is-layout-flex wp-block-buttons-is-layout-flex\">\n<div class=\"wp-block-button is-style-outline is-style-outline--4\"><a class=\"wp-block-button__link has-white-color has-text-color has-link-color has-custom-font-size wp-element-button\" href=\"https:\/\/www.eprotec-extrusion.com\/es\/melt-x-mb\/\" style=\"font-size:17px\">Leer m\u00e1s<\/a><\/div>\n<\/div>\n<\/div>\n<\/div>\n<\/div>\n<\/div>\n<\/div><\/div>\n","protected":false},"excerpt":{"rendered":"<p>eprotec melt-X XT L\u00edquido (aceite) calentado eprotec melt-X XT para ATEX EX II melt-X XT para el control de la temperatura con fluido t\u00e9rmico para aplicaciones en las que el &#8230;<\/p>\n","protected":false},"author":1,"featured_media":10841,"parent":0,"menu_order":0,"comment_status":"closed","ping_status":"closed","template":"","meta":{"_coblocks_attr":"","_coblocks_dimensions":"","_coblocks_responsive_height":"","_coblocks_accordion_ie_support":"","pgc_sgb_lightbox_settings":"","footnotes":""},"class_list":["post-10587","page","type-page","status-publish","has-post-thumbnail","hentry"],"yoast_head":"<!-- This site is optimized with the Yoast SEO plugin v27.5 - https:\/\/yoast.com\/product\/yoast-seo-wordpress\/ -->\n<title>Bombas melt-X - eprotec extrusion technology ag<\/title>\n<meta name=\"robots\" content=\"index, follow, max-snippet:-1, max-image-preview:large, max-video-preview:-1\" \/>\n<link rel=\"canonical\" href=\"https:\/\/www.eprotec-extrusion.com\/es\/bombas-melt-x\/\" \/>\n<meta property=\"og:locale\" content=\"es_ES\" \/>\n<meta property=\"og:type\" content=\"article\" \/>\n<meta property=\"og:title\" content=\"Bombas melt-X - eprotec extrusion technology ag\" \/>\n<meta property=\"og:description\" content=\"eprotec melt-X XT L\u00edquido (aceite) calentado eprotec melt-X XT para ATEX EX II melt-X XT para el control de la temperatura con fluido t\u00e9rmico para aplicaciones en las que el ...\" \/>\n<meta property=\"og:url\" content=\"https:\/\/www.eprotec-extrusion.com\/es\/bombas-melt-x\/\" \/>\n<meta property=\"og:site_name\" content=\"eprotec extrusion technology ag\" \/>\n<meta property=\"article:modified_time\" content=\"2026-03-31T12:54:52+00:00\" \/>\n<meta property=\"og:image\" content=\"https:\/\/www.eprotec-extrusion.com\/es\/wp-content\/uploads\/2025\/04\/Products2.jpg\" \/>\n\t<meta property=\"og:image:width\" content=\"2198\" \/>\n\t<meta property=\"og:image:height\" content=\"1148\" \/>\n\t<meta property=\"og:image:type\" content=\"image\/jpeg\" \/>\n<meta name=\"twitter:card\" content=\"summary_large_image\" \/>\n<meta name=\"twitter:label1\" content=\"Tiempo de lectura\" \/>\n\t<meta name=\"twitter:data1\" content=\"2 minutos\" \/>\n<script type=\"application\/ld+json\" class=\"yoast-schema-graph\">{\"@context\":\"https:\\\/\\\/schema.org\",\"@graph\":[{\"@type\":\"WebPage\",\"@id\":\"https:\\\/\\\/www.eprotec-extrusion.com\\\/es\\\/bombas-melt-x\\\/\",\"url\":\"https:\\\/\\\/www.eprotec-extrusion.com\\\/es\\\/bombas-melt-x\\\/\",\"name\":\"Bombas melt-X - eprotec extrusion technology ag\",\"isPartOf\":{\"@id\":\"https:\\\/\\\/www.eprotec-extrusion.com\\\/es\\\/#website\"},\"primaryImageOfPage\":{\"@id\":\"https:\\\/\\\/www.eprotec-extrusion.com\\\/es\\\/bombas-melt-x\\\/#primaryimage\"},\"image\":{\"@id\":\"https:\\\/\\\/www.eprotec-extrusion.com\\\/es\\\/bombas-melt-x\\\/#primaryimage\"},\"thumbnailUrl\":\"https:\\\/\\\/www.eprotec-extrusion.com\\\/es\\\/wp-content\\\/uploads\\\/2025\\\/04\\\/Products2.jpg\",\"datePublished\":\"2024-04-06T12:38:22+00:00\",\"dateModified\":\"2026-03-31T12:54:52+00:00\",\"breadcrumb\":{\"@id\":\"https:\\\/\\\/www.eprotec-extrusion.com\\\/es\\\/bombas-melt-x\\\/#breadcrumb\"},\"inLanguage\":\"es\",\"potentialAction\":[{\"@type\":\"ReadAction\",\"target\":[\"https:\\\/\\\/www.eprotec-extrusion.com\\\/es\\\/bombas-melt-x\\\/\"]}]},{\"@type\":\"ImageObject\",\"inLanguage\":\"es\",\"@id\":\"https:\\\/\\\/www.eprotec-extrusion.com\\\/es\\\/bombas-melt-x\\\/#primaryimage\",\"url\":\"https:\\\/\\\/www.eprotec-extrusion.com\\\/es\\\/wp-content\\\/uploads\\\/2025\\\/04\\\/Products2.jpg\",\"contentUrl\":\"https:\\\/\\\/www.eprotec-extrusion.com\\\/es\\\/wp-content\\\/uploads\\\/2025\\\/04\\\/Products2.jpg\",\"width\":2198,\"height\":1148},{\"@type\":\"BreadcrumbList\",\"@id\":\"https:\\\/\\\/www.eprotec-extrusion.com\\\/es\\\/bombas-melt-x\\\/#breadcrumb\",\"itemListElement\":[{\"@type\":\"ListItem\",\"position\":1,\"name\":\"Home\",\"item\":\"https:\\\/\\\/www.eprotec-extrusion.com\\\/es\\\/\"},{\"@type\":\"ListItem\",\"position\":2,\"name\":\"Bombas melt-X\"}]},{\"@type\":\"WebSite\",\"@id\":\"https:\\\/\\\/www.eprotec-extrusion.com\\\/es\\\/#website\",\"url\":\"https:\\\/\\\/www.eprotec-extrusion.com\\\/es\\\/\",\"name\":\"eprotec extrusion technology ag\",\"description\":\"eprotec est\u00e1 especializada en el desarrollo y la fabricaci\u00f3n de bombas de extrusi\u00f3n de alta precisi\u00f3n\",\"publisher\":{\"@id\":\"https:\\\/\\\/www.eprotec-extrusion.com\\\/es\\\/#organization\"},\"potentialAction\":[{\"@type\":\"SearchAction\",\"target\":{\"@type\":\"EntryPoint\",\"urlTemplate\":\"https:\\\/\\\/www.eprotec-extrusion.com\\\/es\\\/?s={search_term_string}\"},\"query-input\":{\"@type\":\"PropertyValueSpecification\",\"valueRequired\":true,\"valueName\":\"search_term_string\"}}],\"inLanguage\":\"es\"},{\"@type\":\"Organization\",\"@id\":\"https:\\\/\\\/www.eprotec-extrusion.com\\\/es\\\/#organization\",\"name\":\"Mustermann GmbH\",\"url\":\"https:\\\/\\\/www.eprotec-extrusion.com\\\/es\\\/\",\"logo\":{\"@type\":\"ImageObject\",\"inLanguage\":\"es\",\"@id\":\"https:\\\/\\\/www.eprotec-extrusion.com\\\/es\\\/#\\\/schema\\\/logo\\\/image\\\/\",\"url\":\"https:\\\/\\\/www.eprotec-extrusion.com\\\/es\\\/wp-content\\\/uploads\\\/2025\\\/04\\\/eprotecLogo.png\",\"contentUrl\":\"https:\\\/\\\/www.eprotec-extrusion.com\\\/es\\\/wp-content\\\/uploads\\\/2025\\\/04\\\/eprotecLogo.png\",\"width\":332,\"height\":200,\"caption\":\"Mustermann GmbH\"},\"image\":{\"@id\":\"https:\\\/\\\/www.eprotec-extrusion.com\\\/es\\\/#\\\/schema\\\/logo\\\/image\\\/\"}}]}<\/script>\n<!-- \/ Yoast SEO plugin. -->","yoast_head_json":{"title":"Bombas melt-X - eprotec extrusion technology ag","robots":{"index":"index","follow":"follow","max-snippet":"max-snippet:-1","max-image-preview":"max-image-preview:large","max-video-preview":"max-video-preview:-1"},"canonical":"https:\/\/www.eprotec-extrusion.com\/es\/bombas-melt-x\/","og_locale":"es_ES","og_type":"article","og_title":"Bombas melt-X - eprotec extrusion technology ag","og_description":"eprotec melt-X XT L\u00edquido (aceite) calentado eprotec melt-X XT para ATEX EX II melt-X XT para el control de la temperatura con fluido t\u00e9rmico para aplicaciones en las que el ...","og_url":"https:\/\/www.eprotec-extrusion.com\/es\/bombas-melt-x\/","og_site_name":"eprotec extrusion technology ag","article_modified_time":"2026-03-31T12:54:52+00:00","og_image":[{"width":2198,"height":1148,"url":"https:\/\/www.eprotec-extrusion.com\/es\/wp-content\/uploads\/2025\/04\/Products2.jpg","type":"image\/jpeg"}],"twitter_card":"summary_large_image","twitter_misc":{"Tiempo de lectura":"2 minutos"},"schema":{"@context":"https:\/\/schema.org","@graph":[{"@type":"WebPage","@id":"https:\/\/www.eprotec-extrusion.com\/es\/bombas-melt-x\/","url":"https:\/\/www.eprotec-extrusion.com\/es\/bombas-melt-x\/","name":"Bombas melt-X - eprotec extrusion technology ag","isPartOf":{"@id":"https:\/\/www.eprotec-extrusion.com\/es\/#website"},"primaryImageOfPage":{"@id":"https:\/\/www.eprotec-extrusion.com\/es\/bombas-melt-x\/#primaryimage"},"image":{"@id":"https:\/\/www.eprotec-extrusion.com\/es\/bombas-melt-x\/#primaryimage"},"thumbnailUrl":"https:\/\/www.eprotec-extrusion.com\/es\/wp-content\/uploads\/2025\/04\/Products2.jpg","datePublished":"2024-04-06T12:38:22+00:00","dateModified":"2026-03-31T12:54:52+00:00","breadcrumb":{"@id":"https:\/\/www.eprotec-extrusion.com\/es\/bombas-melt-x\/#breadcrumb"},"inLanguage":"es","potentialAction":[{"@type":"ReadAction","target":["https:\/\/www.eprotec-extrusion.com\/es\/bombas-melt-x\/"]}]},{"@type":"ImageObject","inLanguage":"es","@id":"https:\/\/www.eprotec-extrusion.com\/es\/bombas-melt-x\/#primaryimage","url":"https:\/\/www.eprotec-extrusion.com\/es\/wp-content\/uploads\/2025\/04\/Products2.jpg","contentUrl":"https:\/\/www.eprotec-extrusion.com\/es\/wp-content\/uploads\/2025\/04\/Products2.jpg","width":2198,"height":1148},{"@type":"BreadcrumbList","@id":"https:\/\/www.eprotec-extrusion.com\/es\/bombas-melt-x\/#breadcrumb","itemListElement":[{"@type":"ListItem","position":1,"name":"Home","item":"https:\/\/www.eprotec-extrusion.com\/es\/"},{"@type":"ListItem","position":2,"name":"Bombas melt-X"}]},{"@type":"WebSite","@id":"https:\/\/www.eprotec-extrusion.com\/es\/#website","url":"https:\/\/www.eprotec-extrusion.com\/es\/","name":"eprotec extrusion technology ag","description":"eprotec est\u00e1 especializada en el desarrollo y la fabricaci\u00f3n de bombas de extrusi\u00f3n de alta precisi\u00f3n","publisher":{"@id":"https:\/\/www.eprotec-extrusion.com\/es\/#organization"},"potentialAction":[{"@type":"SearchAction","target":{"@type":"EntryPoint","urlTemplate":"https:\/\/www.eprotec-extrusion.com\/es\/?s={search_term_string}"},"query-input":{"@type":"PropertyValueSpecification","valueRequired":true,"valueName":"search_term_string"}}],"inLanguage":"es"},{"@type":"Organization","@id":"https:\/\/www.eprotec-extrusion.com\/es\/#organization","name":"Mustermann GmbH","url":"https:\/\/www.eprotec-extrusion.com\/es\/","logo":{"@type":"ImageObject","inLanguage":"es","@id":"https:\/\/www.eprotec-extrusion.com\/es\/#\/schema\/logo\/image\/","url":"https:\/\/www.eprotec-extrusion.com\/es\/wp-content\/uploads\/2025\/04\/eprotecLogo.png","contentUrl":"https:\/\/www.eprotec-extrusion.com\/es\/wp-content\/uploads\/2025\/04\/eprotecLogo.png","width":332,"height":200,"caption":"Mustermann GmbH"},"image":{"@id":"https:\/\/www.eprotec-extrusion.com\/es\/#\/schema\/logo\/image\/"}}]}},"_links":{"self":[{"href":"https:\/\/www.eprotec-extrusion.com\/es\/wp-json\/wp\/v2\/pages\/10587","targetHints":{"allow":["GET"]}}],"collection":[{"href":"https:\/\/www.eprotec-extrusion.com\/es\/wp-json\/wp\/v2\/pages"}],"about":[{"href":"https:\/\/www.eprotec-extrusion.com\/es\/wp-json\/wp\/v2\/types\/page"}],"author":[{"embeddable":true,"href":"https:\/\/www.eprotec-extrusion.com\/es\/wp-json\/wp\/v2\/users\/1"}],"replies":[{"embeddable":true,"href":"https:\/\/www.eprotec-extrusion.com\/es\/wp-json\/wp\/v2\/comments?post=10587"}],"version-history":[{"count":74,"href":"https:\/\/www.eprotec-extrusion.com\/es\/wp-json\/wp\/v2\/pages\/10587\/revisions"}],"predecessor-version":[{"id":12022,"href":"https:\/\/www.eprotec-extrusion.com\/es\/wp-json\/wp\/v2\/pages\/10587\/revisions\/12022"}],"wp:featuredmedia":[{"embeddable":true,"href":"https:\/\/www.eprotec-extrusion.com\/es\/wp-json\/wp\/v2\/media\/10841"}],"wp:attachment":[{"href":"https:\/\/www.eprotec-extrusion.com\/es\/wp-json\/wp\/v2\/media?parent=10587"}],"curies":[{"name":"wp","href":"https:\/\/api.w.org\/{rel}","templated":true}]}}