{"id":10690,"date":"2024-04-06T17:07:27","date_gmt":"2024-04-06T15:07:27","guid":{"rendered":"https:\/\/seobest.de\/demo11222\/?page_id=10690"},"modified":"2025-10-18T11:03:50","modified_gmt":"2025-10-18T09:03:50","slug":"historia","status":"publish","type":"page","link":"https:\/\/www.eprotec-extrusion.com\/es\/historia\/","title":{"rendered":"Historia"},"content":{"rendered":"\n<div style=\"height:40px\" aria-hidden=\"true\" class=\"wp-block-spacer\"><\/div>\n\n\n\n<h2 class=\"wp-block-heading has-text-align-center animated fadeInLeft has-text-color has-link-color wp-elements-e65f1937ac806a7a707c5ea90907b808\" style=\"color:#ffad29;font-size:60px\">eprotec &#8211; Historia<\/h2>\n\n\n\n<div style=\"height:35px\" aria-hidden=\"true\" class=\"wp-block-spacer\"><\/div>\n\n\n<div class=\"wp-block-image animated fadeInRight\">\n<figure class=\"aligncenter size-full is-resized\"><img loading=\"lazy\" decoding=\"async\" width=\"1850\" height=\"1392\" src=\"https:\/\/seobest.de\/demo310311\/wp-content\/uploads\/2025\/06\/eprotec-history2.jpg\" alt=\"\" class=\"wp-image-11330\" style=\"width:800px\" srcset=\"https:\/\/www.eprotec-extrusion.com\/es\/wp-content\/uploads\/2025\/06\/eprotec-history2.jpg 1850w, https:\/\/www.eprotec-extrusion.com\/es\/wp-content\/uploads\/2025\/06\/eprotec-history2-300x226.jpg 300w, https:\/\/www.eprotec-extrusion.com\/es\/wp-content\/uploads\/2025\/06\/eprotec-history2-1024x770.jpg 1024w, https:\/\/www.eprotec-extrusion.com\/es\/wp-content\/uploads\/2025\/06\/eprotec-history2-768x578.jpg 768w, https:\/\/www.eprotec-extrusion.com\/es\/wp-content\/uploads\/2025\/06\/eprotec-history2-1536x1156.jpg 1536w\" sizes=\"auto, (max-width: 1850px) 100vw, 1850px\" \/><\/figure>\n<\/div>\n\n\n<div style=\"height:55px\" aria-hidden=\"true\" class=\"wp-block-spacer\"><\/div>\n\n\n\n<div class=\"wp-block-columns is-layout-flex wp-container-core-columns-is-layout-9d6595d7 wp-block-columns-is-layout-flex\">\n<div class=\"wp-block-column is-layout-flow wp-block-column-is-layout-flow\">\n<div class=\"wp-block-columns is-layout-flex wp-container-core-columns-is-layout-054a8836 wp-block-columns-is-layout-flex\" style=\"margin-top:0px;margin-bottom:30px\">\n<div class=\"wp-block-column animated fadeInUp has-border-color has-black-border-color has-white-background-color has-background is-layout-flow wp-block-column-is-layout-flow\" style=\"border-width:1px;border-radius:12px;padding-top:25px;padding-right:25px;padding-bottom:25px;padding-left:25px\">\n<div style=\"height:15px\" aria-hidden=\"true\" class=\"wp-block-spacer\"><\/div>\n\n\n\n<h3 class=\"wp-block-heading has-text-color has-link-color has-helvetica-font-family has-medium-font-size has-custom-font wp-elements-bf809c781d6f03916265c2860ad45bd2\" style=\"color:#ffad29;line-height:1.5;font-family:Helvetica\"><strong><strong><strong>desde 1987<\/strong><\/strong><\/strong><\/h3>\n\n\n\n<p class=\"has-helvetica-font-family has-custom-font\" style=\"margin-top:5px;margin-right:0px;margin-bottom:0px;margin-left:0px;font-size:16px;line-height:1.5;font-family:Helvetica\">Nuestro equipo visit\u00f3, comision\u00f3 y optimiz\u00f3 cientos de unidades extrusoras con bombas de engranajes a finales de los 80 y en los 90, y estimul\u00f3 los desarrollos de primera l\u00ednea.<\/p>\n\n\n\n<p class=\"has-helvetica-font-family has-custom-font\" style=\"margin-top:5px;margin-right:0px;margin-bottom:0px;margin-left:0px;font-size:16px;line-height:1.5;font-family:Helvetica\">Sin embargo, la consideraci\u00f3n de las generaciones de bombas, as\u00ed como de otras familias de bombas, result\u00f3 en compromisos.<\/p>\n<\/div>\n<\/div>\n<\/div>\n\n\n\n<div class=\"wp-block-column is-layout-flow wp-block-column-is-layout-flow\">\n<div class=\"wp-block-columns is-layout-flex wp-container-core-columns-is-layout-054a8836 wp-block-columns-is-layout-flex\" style=\"margin-top:0px;margin-bottom:30px\">\n<div class=\"wp-block-column animated fadeInUp has-border-color has-black-border-color has-white-background-color has-background is-layout-flow wp-block-column-is-layout-flow\" style=\"border-width:1px;border-radius:12px;padding-top:25px;padding-right:25px;padding-bottom:25px;padding-left:25px\">\n<div style=\"height:15px\" aria-hidden=\"true\" class=\"wp-block-spacer\"><\/div>\n\n\n\n<h3 class=\"wp-block-heading has-text-color has-link-color has-helvetica-font-family has-medium-font-size has-custom-font wp-elements-c6f2dadc625019bd12f91715afb666a3\" style=\"color:#ffad29;line-height:1.5;font-family:Helvetica\"><strong><strong><strong>Fundada en 1999<\/strong><\/strong><\/strong><\/h3>\n\n\n\n<p class=\"has-helvetica-font-family has-custom-font\" style=\"margin-top:5px;margin-right:0px;margin-bottom:0px;margin-left:0px;font-size:16px;line-height:1.5;font-family:Helvetica\">1999, seguir nuestros propios caminos nuevos, fue nuestra motivaci\u00f3n. Para ser honestos, subestimamos el esfuerzo de desarrollar una bomba de fusi\u00f3n completamente nueva, hasta el m\u00e1s m\u00ednimo detalle en base a los m\u00e1s modernos m\u00e9todos de c\u00e1lculo. Pero a\u00fan as\u00ed logramos este desaf\u00edo un a\u00f1o despu\u00e9s.<\/p>\n<\/div>\n<\/div>\n<\/div>\n<\/div>\n\n\n\n<div class=\"wp-block-columns is-layout-flex wp-container-core-columns-is-layout-9d6595d7 wp-block-columns-is-layout-flex\">\n<div class=\"wp-block-column is-layout-flow wp-block-column-is-layout-flow\">\n<div class=\"wp-block-columns is-layout-flex wp-container-core-columns-is-layout-054a8836 wp-block-columns-is-layout-flex\" style=\"margin-top:0px;margin-bottom:30px\">\n<div class=\"wp-block-column animated fadeInUp has-border-color has-black-border-color has-white-background-color has-background is-layout-flow wp-block-column-is-layout-flow\" style=\"border-width:1px;border-radius:12px;padding-top:25px;padding-right:25px;padding-bottom:25px;padding-left:25px\">\n<div style=\"height:15px\" aria-hidden=\"true\" class=\"wp-block-spacer\"><\/div>\n\n\n\n<h3 class=\"wp-block-heading has-text-color has-link-color has-helvetica-font-family has-medium-font-size has-custom-font wp-elements-223847209d28c4bc9e32946a55d9e3ee\" style=\"color:#ffad29;line-height:1.5;font-family:Helvetica\"><strong><strong><strong>Un nuevo desarrollo completo<\/strong><\/strong><\/strong><\/h3>\n\n\n\n<p class=\"has-helvetica-font-family has-custom-font\" style=\"margin-top:5px;margin-right:0px;margin-bottom:0px;margin-left:0px;font-size:16px;line-height:1.5;font-family:Helvetica\">Los m\u00e9todos de fabricaci\u00f3n CNC de 5 ejes de \u00faltima generaci\u00f3n nos ayudaron a fabricar r\u00e1pidamente los innovadores componentes de la bomba de extrusi\u00f3n, de modo que s\u00f3lo hubo que aplicar poco menos de un a\u00f1o de fase de prueba y optimizaci\u00f3n. En el a\u00f1o 2000 est\u00e1bamos listos. Con el coraz\u00f3n a flor de piel, el primer pedido con un conjunto de ejes y cojinetes deslizantes se instal\u00f3 en una bomba de engranajes 70 en una aplicaci\u00f3n de reciclaje.<\/p>\n\n\n\n<p class=\"has-helvetica-font-family has-custom-font\" style=\"margin-top:5px;margin-right:0px;margin-bottom:0px;margin-left:0px;font-size:16px;line-height:1.5;font-family:Helvetica\">Y funcion\u00f3!!!<\/p>\n<\/div>\n<\/div>\n<\/div>\n\n\n\n<div class=\"wp-block-column is-layout-flow wp-block-column-is-layout-flow\">\n<div class=\"wp-block-columns is-layout-flex wp-container-core-columns-is-layout-054a8836 wp-block-columns-is-layout-flex\" style=\"margin-top:0px;margin-bottom:30px\">\n<div class=\"wp-block-column animated fadeInUp has-border-color has-black-border-color has-white-background-color has-background is-layout-flow wp-block-column-is-layout-flow\" style=\"border-width:1px;border-radius:12px;padding-top:25px;padding-right:25px;padding-bottom:25px;padding-left:25px\">\n<div style=\"height:15px\" aria-hidden=\"true\" class=\"wp-block-spacer\"><\/div>\n\n\n\n<h3 class=\"wp-block-heading has-text-color has-link-color has-helvetica-font-family has-medium-font-size has-custom-font wp-elements-3e4624e61da0a588e56bf25dc1dc1520\" style=\"color:#ffad29;line-height:1.5;font-family:Helvetica\"><strong><strong><strong>Desarrollo de la especialidad<\/strong><\/strong><\/strong><\/h3>\n\n\n\n<p class=\"has-helvetica-font-family has-custom-font\" style=\"margin-top:5px;margin-right:0px;margin-bottom:0px;margin-left:0px;font-size:16px;line-height:1.5;font-family:Helvetica\">Cinta de goma con bomba de engranajes.<\/p>\n\n\n\n<p class=\"has-helvetica-font-family has-custom-font\" style=\"margin-top:5px;margin-right:0px;margin-bottom:0px;margin-left:0px;font-size:16px;line-height:1.5;font-family:Helvetica\">La idea, reemplazar un extrusor de caucho en la aplicaci\u00f3n de colador con una bomba de engranajes m\u00e1s eficiente en la construcci\u00f3n de presi\u00f3n. <\/p>\n\n\n\n<p class=\"has-helvetica-font-family has-custom-font\" style=\"margin-top:5px;margin-right:0px;margin-bottom:0px;margin-left:0px;font-size:16px;line-height:1.5;font-family:Helvetica\">Esto para reducir significativamente la temperatura del proceso. Adem\u00e1s, hab\u00eda mucho menos desperdicio de compuestos cuando se cambiaba el producto o al final de un lote de colador.<\/p>\n\n\n\n<div style=\"height:18px\" aria-hidden=\"true\" class=\"wp-block-spacer\"><\/div>\n<\/div>\n<\/div>\n<\/div>\n<\/div>\n\n\n\n<div class=\"wp-block-columns is-layout-flex wp-container-core-columns-is-layout-054a8836 wp-block-columns-is-layout-flex\" style=\"margin-top:0px;margin-bottom:30px\">\n<div class=\"wp-block-column animated fadeInUp has-border-color has-black-border-color has-white-background-color has-background is-layout-flow wp-block-column-is-layout-flow\" style=\"border-width:1px;border-radius:12px;padding-top:25px;padding-right:25px;padding-bottom:25px;padding-left:25px\">\n<div style=\"height:15px\" aria-hidden=\"true\" class=\"wp-block-spacer\"><\/div>\n\n\n\n<h3 class=\"wp-block-heading has-text-color has-link-color has-helvetica-font-family has-medium-font-size has-custom-font wp-elements-2bb502dda9ad7fc816c20e2a89ba0cc1\" style=\"color:#ffad29;line-height:1.5;font-family:Helvetica\"><strong><strong><strong>blendymer\u00a9<\/strong><\/strong><\/strong><\/h3>\n\n\n\n<p class=\"has-helvetica-font-family has-custom-font\" style=\"margin-top:5px;margin-right:0px;margin-bottom:0px;margin-left:0px;font-size:16px;line-height:1.5;font-family:Helvetica\">Reciclaje de pl\u00e1stico post-consumo.<\/p>\n\n\n\n<p class=\"has-helvetica-font-family has-custom-font\" style=\"margin-top:5px;margin-right:0px;margin-bottom:0px;margin-left:0px;font-size:16px;line-height:1.5;font-family:Helvetica\">Este es un nuevo m\u00e9todo en la corriente de reciclaje, para procesar poliolefinas fue descubierto por uno de nuestros clientes.<\/p>\n\n\n\n<p class=\"has-helvetica-font-family has-custom-font\" style=\"margin-top:5px;margin-right:0px;margin-bottom:0px;margin-left:0px;font-size:16px;line-height:1.5;font-family:Helvetica\">eprotec estaba involucrado en la ingenier\u00eda y la fabricaci\u00f3n. El desarrollo de la pre-mezcla, la pre-fusi\u00f3n y el aglomerado.<\/p>\n<\/div>\n<\/div>\n","protected":false},"excerpt":{"rendered":"<p>eprotec &#8211; Historia desde 1987 Nuestro equipo visit\u00f3, comision\u00f3 y optimiz\u00f3 cientos de unidades extrusoras con bombas de engranajes a finales de los 80 y en los 90, y estimul\u00f3 &#8230;<\/p>\n","protected":false},"author":1,"featured_media":10841,"parent":0,"menu_order":0,"comment_status":"closed","ping_status":"closed","template":"","meta":{"_coblocks_attr":"","_coblocks_dimensions":"","_coblocks_responsive_height":"","_coblocks_accordion_ie_support":"","pgc_sgb_lightbox_settings":"","footnotes":""},"class_list":["post-10690","page","type-page","status-publish","has-post-thumbnail","hentry"],"yoast_head":"<!-- This site is optimized with the Yoast SEO plugin v27.5 - https:\/\/yoast.com\/product\/yoast-seo-wordpress\/ -->\n<title>Historia - eprotec extrusion technology ag<\/title>\n<meta name=\"robots\" content=\"index, follow, max-snippet:-1, max-image-preview:large, max-video-preview:-1\" \/>\n<link rel=\"canonical\" href=\"https:\/\/www.eprotec-extrusion.com\/es\/historia\/\" \/>\n<meta property=\"og:locale\" content=\"es_ES\" \/>\n<meta property=\"og:type\" content=\"article\" \/>\n<meta property=\"og:title\" content=\"Historia - eprotec extrusion technology ag\" \/>\n<meta property=\"og:description\" content=\"eprotec &#8211; Historia desde 1987 Nuestro equipo visit\u00f3, comision\u00f3 y optimiz\u00f3 cientos de unidades extrusoras con bombas de engranajes a finales de los 80 y en los 90, y estimul\u00f3 ...\" \/>\n<meta property=\"og:url\" content=\"https:\/\/www.eprotec-extrusion.com\/es\/historia\/\" \/>\n<meta property=\"og:site_name\" content=\"eprotec extrusion technology ag\" \/>\n<meta property=\"article:modified_time\" content=\"2025-10-18T09:03:50+00:00\" \/>\n<meta property=\"og:image\" content=\"https:\/\/www.eprotec-extrusion.com\/es\/wp-content\/uploads\/2025\/04\/Products2.jpg\" \/>\n\t<meta property=\"og:image:width\" content=\"2198\" \/>\n\t<meta property=\"og:image:height\" content=\"1148\" \/>\n\t<meta property=\"og:image:type\" content=\"image\/jpeg\" \/>\n<meta name=\"twitter:card\" content=\"summary_large_image\" \/>\n<meta name=\"twitter:label1\" content=\"Tiempo de lectura\" \/>\n\t<meta name=\"twitter:data1\" content=\"2 minutos\" \/>\n<script type=\"application\/ld+json\" class=\"yoast-schema-graph\">{\"@context\":\"https:\\\/\\\/schema.org\",\"@graph\":[{\"@type\":\"WebPage\",\"@id\":\"https:\\\/\\\/www.eprotec-extrusion.com\\\/es\\\/historia\\\/\",\"url\":\"https:\\\/\\\/www.eprotec-extrusion.com\\\/es\\\/historia\\\/\",\"name\":\"Historia - eprotec extrusion technology ag\",\"isPartOf\":{\"@id\":\"https:\\\/\\\/www.eprotec-extrusion.com\\\/es\\\/#website\"},\"primaryImageOfPage\":{\"@id\":\"https:\\\/\\\/www.eprotec-extrusion.com\\\/es\\\/historia\\\/#primaryimage\"},\"image\":{\"@id\":\"https:\\\/\\\/www.eprotec-extrusion.com\\\/es\\\/historia\\\/#primaryimage\"},\"thumbnailUrl\":\"https:\\\/\\\/www.eprotec-extrusion.com\\\/es\\\/wp-content\\\/uploads\\\/2025\\\/04\\\/Products2.jpg\",\"datePublished\":\"2024-04-06T15:07:27+00:00\",\"dateModified\":\"2025-10-18T09:03:50+00:00\",\"breadcrumb\":{\"@id\":\"https:\\\/\\\/www.eprotec-extrusion.com\\\/es\\\/historia\\\/#breadcrumb\"},\"inLanguage\":\"es\",\"potentialAction\":[{\"@type\":\"ReadAction\",\"target\":[\"https:\\\/\\\/www.eprotec-extrusion.com\\\/es\\\/historia\\\/\"]}]},{\"@type\":\"ImageObject\",\"inLanguage\":\"es\",\"@id\":\"https:\\\/\\\/www.eprotec-extrusion.com\\\/es\\\/historia\\\/#primaryimage\",\"url\":\"https:\\\/\\\/www.eprotec-extrusion.com\\\/es\\\/wp-content\\\/uploads\\\/2025\\\/04\\\/Products2.jpg\",\"contentUrl\":\"https:\\\/\\\/www.eprotec-extrusion.com\\\/es\\\/wp-content\\\/uploads\\\/2025\\\/04\\\/Products2.jpg\",\"width\":2198,\"height\":1148},{\"@type\":\"BreadcrumbList\",\"@id\":\"https:\\\/\\\/www.eprotec-extrusion.com\\\/es\\\/historia\\\/#breadcrumb\",\"itemListElement\":[{\"@type\":\"ListItem\",\"position\":1,\"name\":\"Home\",\"item\":\"https:\\\/\\\/www.eprotec-extrusion.com\\\/es\\\/\"},{\"@type\":\"ListItem\",\"position\":2,\"name\":\"Historia\"}]},{\"@type\":\"WebSite\",\"@id\":\"https:\\\/\\\/www.eprotec-extrusion.com\\\/es\\\/#website\",\"url\":\"https:\\\/\\\/www.eprotec-extrusion.com\\\/es\\\/\",\"name\":\"eprotec extrusion technology ag\",\"description\":\"eprotec est\u00e1 especializada en el desarrollo y la fabricaci\u00f3n de bombas de extrusi\u00f3n de alta precisi\u00f3n\",\"publisher\":{\"@id\":\"https:\\\/\\\/www.eprotec-extrusion.com\\\/es\\\/#organization\"},\"potentialAction\":[{\"@type\":\"SearchAction\",\"target\":{\"@type\":\"EntryPoint\",\"urlTemplate\":\"https:\\\/\\\/www.eprotec-extrusion.com\\\/es\\\/?s={search_term_string}\"},\"query-input\":{\"@type\":\"PropertyValueSpecification\",\"valueRequired\":true,\"valueName\":\"search_term_string\"}}],\"inLanguage\":\"es\"},{\"@type\":\"Organization\",\"@id\":\"https:\\\/\\\/www.eprotec-extrusion.com\\\/es\\\/#organization\",\"name\":\"Mustermann GmbH\",\"url\":\"https:\\\/\\\/www.eprotec-extrusion.com\\\/es\\\/\",\"logo\":{\"@type\":\"ImageObject\",\"inLanguage\":\"es\",\"@id\":\"https:\\\/\\\/www.eprotec-extrusion.com\\\/es\\\/#\\\/schema\\\/logo\\\/image\\\/\",\"url\":\"https:\\\/\\\/www.eprotec-extrusion.com\\\/es\\\/wp-content\\\/uploads\\\/2025\\\/04\\\/eprotecLogo.png\",\"contentUrl\":\"https:\\\/\\\/www.eprotec-extrusion.com\\\/es\\\/wp-content\\\/uploads\\\/2025\\\/04\\\/eprotecLogo.png\",\"width\":332,\"height\":200,\"caption\":\"Mustermann GmbH\"},\"image\":{\"@id\":\"https:\\\/\\\/www.eprotec-extrusion.com\\\/es\\\/#\\\/schema\\\/logo\\\/image\\\/\"}}]}<\/script>\n<!-- \/ Yoast SEO plugin. -->","yoast_head_json":{"title":"Historia - eprotec extrusion technology ag","robots":{"index":"index","follow":"follow","max-snippet":"max-snippet:-1","max-image-preview":"max-image-preview:large","max-video-preview":"max-video-preview:-1"},"canonical":"https:\/\/www.eprotec-extrusion.com\/es\/historia\/","og_locale":"es_ES","og_type":"article","og_title":"Historia - eprotec extrusion technology ag","og_description":"eprotec &#8211; Historia desde 1987 Nuestro equipo visit\u00f3, comision\u00f3 y optimiz\u00f3 cientos de unidades extrusoras con bombas de engranajes a finales de los 80 y en los 90, y estimul\u00f3 ...","og_url":"https:\/\/www.eprotec-extrusion.com\/es\/historia\/","og_site_name":"eprotec extrusion technology ag","article_modified_time":"2025-10-18T09:03:50+00:00","og_image":[{"width":2198,"height":1148,"url":"https:\/\/www.eprotec-extrusion.com\/es\/wp-content\/uploads\/2025\/04\/Products2.jpg","type":"image\/jpeg"}],"twitter_card":"summary_large_image","twitter_misc":{"Tiempo de lectura":"2 minutos"},"schema":{"@context":"https:\/\/schema.org","@graph":[{"@type":"WebPage","@id":"https:\/\/www.eprotec-extrusion.com\/es\/historia\/","url":"https:\/\/www.eprotec-extrusion.com\/es\/historia\/","name":"Historia - eprotec extrusion technology ag","isPartOf":{"@id":"https:\/\/www.eprotec-extrusion.com\/es\/#website"},"primaryImageOfPage":{"@id":"https:\/\/www.eprotec-extrusion.com\/es\/historia\/#primaryimage"},"image":{"@id":"https:\/\/www.eprotec-extrusion.com\/es\/historia\/#primaryimage"},"thumbnailUrl":"https:\/\/www.eprotec-extrusion.com\/es\/wp-content\/uploads\/2025\/04\/Products2.jpg","datePublished":"2024-04-06T15:07:27+00:00","dateModified":"2025-10-18T09:03:50+00:00","breadcrumb":{"@id":"https:\/\/www.eprotec-extrusion.com\/es\/historia\/#breadcrumb"},"inLanguage":"es","potentialAction":[{"@type":"ReadAction","target":["https:\/\/www.eprotec-extrusion.com\/es\/historia\/"]}]},{"@type":"ImageObject","inLanguage":"es","@id":"https:\/\/www.eprotec-extrusion.com\/es\/historia\/#primaryimage","url":"https:\/\/www.eprotec-extrusion.com\/es\/wp-content\/uploads\/2025\/04\/Products2.jpg","contentUrl":"https:\/\/www.eprotec-extrusion.com\/es\/wp-content\/uploads\/2025\/04\/Products2.jpg","width":2198,"height":1148},{"@type":"BreadcrumbList","@id":"https:\/\/www.eprotec-extrusion.com\/es\/historia\/#breadcrumb","itemListElement":[{"@type":"ListItem","position":1,"name":"Home","item":"https:\/\/www.eprotec-extrusion.com\/es\/"},{"@type":"ListItem","position":2,"name":"Historia"}]},{"@type":"WebSite","@id":"https:\/\/www.eprotec-extrusion.com\/es\/#website","url":"https:\/\/www.eprotec-extrusion.com\/es\/","name":"eprotec extrusion technology ag","description":"eprotec est\u00e1 especializada en el desarrollo y la fabricaci\u00f3n de bombas de extrusi\u00f3n de alta precisi\u00f3n","publisher":{"@id":"https:\/\/www.eprotec-extrusion.com\/es\/#organization"},"potentialAction":[{"@type":"SearchAction","target":{"@type":"EntryPoint","urlTemplate":"https:\/\/www.eprotec-extrusion.com\/es\/?s={search_term_string}"},"query-input":{"@type":"PropertyValueSpecification","valueRequired":true,"valueName":"search_term_string"}}],"inLanguage":"es"},{"@type":"Organization","@id":"https:\/\/www.eprotec-extrusion.com\/es\/#organization","name":"Mustermann GmbH","url":"https:\/\/www.eprotec-extrusion.com\/es\/","logo":{"@type":"ImageObject","inLanguage":"es","@id":"https:\/\/www.eprotec-extrusion.com\/es\/#\/schema\/logo\/image\/","url":"https:\/\/www.eprotec-extrusion.com\/es\/wp-content\/uploads\/2025\/04\/eprotecLogo.png","contentUrl":"https:\/\/www.eprotec-extrusion.com\/es\/wp-content\/uploads\/2025\/04\/eprotecLogo.png","width":332,"height":200,"caption":"Mustermann GmbH"},"image":{"@id":"https:\/\/www.eprotec-extrusion.com\/es\/#\/schema\/logo\/image\/"}}]}},"_links":{"self":[{"href":"https:\/\/www.eprotec-extrusion.com\/es\/wp-json\/wp\/v2\/pages\/10690","targetHints":{"allow":["GET"]}}],"collection":[{"href":"https:\/\/www.eprotec-extrusion.com\/es\/wp-json\/wp\/v2\/pages"}],"about":[{"href":"https:\/\/www.eprotec-extrusion.com\/es\/wp-json\/wp\/v2\/types\/page"}],"author":[{"embeddable":true,"href":"https:\/\/www.eprotec-extrusion.com\/es\/wp-json\/wp\/v2\/users\/1"}],"replies":[{"embeddable":true,"href":"https:\/\/www.eprotec-extrusion.com\/es\/wp-json\/wp\/v2\/comments?post=10690"}],"version-history":[{"count":16,"href":"https:\/\/www.eprotec-extrusion.com\/es\/wp-json\/wp\/v2\/pages\/10690\/revisions"}],"predecessor-version":[{"id":11972,"href":"https:\/\/www.eprotec-extrusion.com\/es\/wp-json\/wp\/v2\/pages\/10690\/revisions\/11972"}],"wp:featuredmedia":[{"embeddable":true,"href":"https:\/\/www.eprotec-extrusion.com\/es\/wp-json\/wp\/v2\/media\/10841"}],"wp:attachment":[{"href":"https:\/\/www.eprotec-extrusion.com\/es\/wp-json\/wp\/v2\/media?parent=10690"}],"curies":[{"name":"wp","href":"https:\/\/api.w.org\/{rel}","templated":true}]}}