{"id":10691,"date":"2024-04-06T17:07:33","date_gmt":"2024-04-06T15:07:33","guid":{"rendered":"https:\/\/seobest.de\/demo11222\/?page_id=10691"},"modified":"2025-10-18T14:29:43","modified_gmt":"2025-10-18T12:29:43","slug":"lo-mas-destacado","status":"publish","type":"page","link":"https:\/\/www.eprotec-extrusion.com\/es\/lo-mas-destacado\/","title":{"rendered":"Lo m\u00e1s destacado"},"content":{"rendered":"\n<div style=\"height:40px\" aria-hidden=\"true\" class=\"wp-block-spacer\"><\/div>\n\n\n\n<h2 class=\"wp-block-heading animated fadeInLeft has-text-color has-link-color wp-elements-ea25924b103756d9d7eb955404d6c1e2\" style=\"color:#ffad29;font-size:60px\">eprotec <br>lo m\u00e1s destacado de la compa\u00f1\u00eda<\/h2>\n\n\n\n<div style=\"height:40px\" aria-hidden=\"true\" class=\"wp-block-spacer\"><\/div>\n\n\n\n<div class=\"wp-block-columns animated fadeInRight is-layout-flex wp-container-core-columns-is-layout-9d6595d7 wp-block-columns-is-layout-flex\">\n<div class=\"wp-block-column clm_schw1 is-layout-flow wp-block-column-is-layout-flow\">\n<div style=\"height:25px\" aria-hidden=\"true\" class=\"wp-block-spacer\"><\/div>\n\n\n\n<h3 class=\"wp-block-heading has-text-color has-link-color wp-elements-a33a0d363511f74ad105dc2bfd9f9ade\" style=\"color:#ffad29\">hasta el 80% BaSO4<br>y LDPE<\/h3>\n\n\n\n<p>El cliente buscaba un especialista en bombas de fusi\u00f3n para su proyecto de inversi\u00f3n de alto desgaste. <\/p>\n\n\n\n<p>El compuesto que sale de la bomba de fusi\u00f3n se ve y se comporta como el cemento.<\/p>\n\n\n\n<p>eprotec est\u00e1 a cargo de la protecci\u00f3n contra el desgaste de la bomba de fusi\u00f3n al aplicar diferentes aceros para herramientas y revestimientos a los componentes cr\u00edticos.<\/p>\n<\/div>\n\n\n\n<div class=\"wp-block-column clm_schw1 is-layout-flow wp-block-column-is-layout-flow\">\n<div style=\"height:25px\" aria-hidden=\"true\" class=\"wp-block-spacer\"><\/div>\n\n\n\n<h3 class=\"wp-block-heading has-text-color has-link-color wp-elements-a7a91c9f92856191bc7bcd61fabb1b9a\" style=\"color:#ffad29\">35 &#8211; 50% de fibra de vidrio<\/h3>\n\n\n\n<p>Este desarrollo comenz\u00f3 hace a\u00f1os con la bomba de engranajes de la competencia. Despu\u00e9s de este tiempo el alto desgaste redujo severamente la vida \u00fatil a s\u00f3lo ~ 800 &#8211; 1.200 horas. La dificultad para la bomba de engranajes era mantener la lubricaci\u00f3n incluso con fibras contra la alta presi\u00f3n y minimizar el desgaste en la composici\u00f3n de poliamida PA y polipropileno PP.<\/p>\n\n\n\n<p>Por lo tanto, eprotec se le pidi\u00f3 que instalara m\u00e1s piezas de repuesto protegidas contra el desgaste. Hoy en d\u00eda la compa\u00f1\u00eda de compuestos reemplaz\u00f3 todas las bombas de engranajes por eprotec melt-X bombas debido a la mejora de la vida \u00fatil.<\/p>\n<\/div>\n\n\n\n<div class=\"wp-block-column clm_schw1 is-layout-flow wp-block-column-is-layout-flow\">\n<div style=\"height:25px\" aria-hidden=\"true\" class=\"wp-block-spacer\"><\/div>\n\n\n\n<h3 class=\"wp-block-heading has-text-color has-link-color wp-elements-13e3af58f9ae261ff21b718d72631a06\" style=\"color:#ffad29\">6,2 t\/h de PVC (LVT) y 50 &#8211; 70% de piedra caliza<\/h3>\n\n\n\n<p>Primero fue la prueba de 1,2 t\/h en un laboratorio de la OEM. La escala econ\u00f3mica de la inversi\u00f3n hizo que la capacidad subiera a 4,2 t\/h.<br>Desde el principio las piezas estaban protegidas contra el desgaste, la corrosi\u00f3n y el antiadherente. Un a\u00f1o despu\u00e9s del inicio de la producci\u00f3n, la l\u00ednea completa de compuestos se desatasc\u00f3 hasta 6,2 t\/h. Adem\u00e1s el cliente a\u00f1adi\u00f3 hasta un 9% de fibra de vidrio, procedente de l\u00e1minas de PVC recicladas y perfiles de ventanas.<\/p>\n\n\n\n<p>Informe del cliente:<br>La bomba de fusi\u00f3n eprotec melt-X 80 es el componente con el menor desgaste de toda la l\u00ednea de compuestos.<\/p>\n<\/div>\n<\/div>\n\n\n\n<div style=\"height:45px\" aria-hidden=\"true\" class=\"wp-block-spacer\"><\/div>\n\n\n\n<div class=\"wp-block-columns animated fadeInLeft is-layout-flex wp-container-core-columns-is-layout-9d6595d7 wp-block-columns-is-layout-flex\">\n<div class=\"wp-block-column clm_schw1 is-layout-flow wp-block-column-is-layout-flow\">\n<div style=\"height:25px\" aria-hidden=\"true\" class=\"wp-block-spacer\"><\/div>\n\n\n\n<h3 class=\"wp-block-heading has-text-color has-link-color wp-elements-94770167e2292f8cb4c16823142102fb\" style=\"color:#ffad29\">primero en la extrusi\u00f3n de alta velocidad<\/h3>\n\n\n\n<p>Al principio de la historia de eprotec desarrollamos el melt-X para la extrusi\u00f3n de alta velocidad en polipropileno PP y poliestireno PS para un departamento de I+D de un OEM alem\u00e1n. Todas las partes internas de la bomba de fusi\u00f3n, como los ejes y los cojinetes de deslizamiento, fueron redise\u00f1adas para reducir al m\u00e1ximo el cizallamiento y, por tanto, la temperatura.<\/p>\n\n\n\n<p>Al observar las aplicaciones de campo de alta velocidad, demostramos que casi no hay diferencia en el comportamiento de la temperatura y el desgaste en comparaci\u00f3n con una aplicaci\u00f3n de velocidad est\u00e1ndar. Desde 2015 eprotec es el principal proveedor de otro OEM con la misma aplicaci\u00f3n de alta velocidad.<\/p>\n<\/div>\n\n\n\n<div class=\"wp-block-column clm_schw1 is-layout-flow wp-block-column-is-layout-flow\">\n<div style=\"height:25px\" aria-hidden=\"true\" class=\"wp-block-spacer\"><\/div>\n\n\n\n<h3 class=\"wp-block-heading has-text-color has-link-color wp-elements-92fa72e9f739425293e6edae2496be8c\" style=\"color:#ffad29\">reciclaje de postconsumo, doble vida \u00fatil<\/h3>\n\n\n\n<p>En el reciclaje (DSD post-consumo), la dificultad para las bombas de extrusi\u00f3n es, a pesar de la eliminaci\u00f3n de muchas impurezas en el prefiltro, que la lubricaci\u00f3n de los cojinetes de deslizamiento se mantiene a\u00fan contra la alta presi\u00f3n, incluyendo la minimizaci\u00f3n del desgaste. Para eprotec muchos contactos con clientes comenzaron con el reemplazo de piezas de repuesto para las bombas de la competencia.<\/p>\n\n\n\n<p>eprotec La vida \u00fatil de las piezas protegidas contra el desgaste es el doble que la de la competencia. Hoy en d\u00eda la mayor\u00eda de las empresas de reciclaje utilizan eprotec \u2026fundir las bombas.<\/p>\n<\/div>\n\n\n\n<div class=\"wp-block-column clm_schw1 is-layout-flow wp-block-column-is-layout-flow\">\n<div style=\"height:25px\" aria-hidden=\"true\" class=\"wp-block-spacer\"><\/div>\n\n\n\n<h3 class=\"wp-block-heading has-text-color has-link-color wp-elements-f34e5050b617099fdb70a6bda53f21e9\" style=\"color:#ffad29\">el cambio de color m\u00e1s r\u00e1pido en 10 minutos, de negro a blanco<\/h3>\n\n\n\n<p>Las bombas de engranajes siempre se perciben como un obst\u00e1culo para el cambio a otros pol\u00edmeros o colores. <\/p>\n\n\n\n<p>Por lo tanto, cada punto y espacio en nuestra bomba de fusi\u00f3n est\u00e1 optimizado.<\/p>\n\n\n\n<p>Las pruebas de cambio de color de negro a blanco con un famoso fabricante italiano de tuber\u00edas mostraron un impresionante resultado de 10 minutos a s\u00f3lo 30% de capacidad de l\u00ednea.<\/p>\n\n\n\n<p>Cambio deblanco a negro en s\u00f3lo 5 &#8211; 6 minutos!<\/p>\n<\/div>\n<\/div>\n\n\n\n<div style=\"height:100px\" aria-hidden=\"true\" class=\"wp-block-spacer\"><\/div>\n\n\n\n<figure class=\"wp-block-image size-full is-style-rounded animated fadeInUp\"><img loading=\"lazy\" decoding=\"async\" width=\"1500\" height=\"878\" src=\"https:\/\/www.eprotec-extrusion.com\/es\/wp-content\/uploads\/2025\/06\/eprotecmelt_parts-1.jpg\" alt=\"\" class=\"wp-image-11399\" srcset=\"https:\/\/www.eprotec-extrusion.com\/es\/wp-content\/uploads\/2025\/06\/eprotecmelt_parts-1.jpg 1500w, https:\/\/www.eprotec-extrusion.com\/es\/wp-content\/uploads\/2025\/06\/eprotecmelt_parts-1-300x176.jpg 300w, https:\/\/www.eprotec-extrusion.com\/es\/wp-content\/uploads\/2025\/06\/eprotecmelt_parts-1-1024x599.jpg 1024w, https:\/\/www.eprotec-extrusion.com\/es\/wp-content\/uploads\/2025\/06\/eprotecmelt_parts-1-768x450.jpg 768w\" sizes=\"auto, (max-width: 1500px) 100vw, 1500px\" \/><\/figure>\n","protected":false},"excerpt":{"rendered":"<p>eprotec lo m\u00e1s destacado de la compa\u00f1\u00eda hasta el 80% BaSO4y LDPE El cliente buscaba un especialista en bombas de fusi\u00f3n para su proyecto de inversi\u00f3n de alto desgaste. El &#8230;<\/p>\n","protected":false},"author":1,"featured_media":10841,"parent":0,"menu_order":0,"comment_status":"closed","ping_status":"closed","template":"","meta":{"_coblocks_attr":"","_coblocks_dimensions":"","_coblocks_responsive_height":"","_coblocks_accordion_ie_support":"","pgc_sgb_lightbox_settings":"","footnotes":""},"class_list":["post-10691","page","type-page","status-publish","has-post-thumbnail","hentry"],"yoast_head":"<!-- This site is optimized with the Yoast SEO plugin v27.5 - https:\/\/yoast.com\/product\/yoast-seo-wordpress\/ -->\n<title>Lo m\u00e1s destacado - eprotec extrusion technology ag<\/title>\n<meta name=\"robots\" content=\"index, follow, max-snippet:-1, max-image-preview:large, max-video-preview:-1\" \/>\n<link rel=\"canonical\" href=\"https:\/\/www.eprotec-extrusion.com\/es\/lo-mas-destacado\/\" \/>\n<meta property=\"og:locale\" content=\"es_ES\" \/>\n<meta property=\"og:type\" content=\"article\" \/>\n<meta property=\"og:title\" content=\"Lo m\u00e1s destacado - eprotec extrusion technology ag\" \/>\n<meta property=\"og:description\" content=\"eprotec lo m\u00e1s destacado de la compa\u00f1\u00eda hasta el 80% BaSO4y LDPE El cliente buscaba un especialista en bombas de fusi\u00f3n para su proyecto de inversi\u00f3n de alto desgaste. El ...\" \/>\n<meta property=\"og:url\" content=\"https:\/\/www.eprotec-extrusion.com\/es\/lo-mas-destacado\/\" \/>\n<meta property=\"og:site_name\" content=\"eprotec extrusion technology ag\" \/>\n<meta property=\"article:modified_time\" content=\"2025-10-18T12:29:43+00:00\" \/>\n<meta property=\"og:image\" content=\"https:\/\/www.eprotec-extrusion.com\/es\/wp-content\/uploads\/2025\/04\/Products2.jpg\" \/>\n\t<meta property=\"og:image:width\" content=\"2198\" \/>\n\t<meta property=\"og:image:height\" content=\"1148\" \/>\n\t<meta property=\"og:image:type\" content=\"image\/jpeg\" \/>\n<meta name=\"twitter:card\" content=\"summary_large_image\" \/>\n<meta name=\"twitter:label1\" content=\"Tiempo de lectura\" \/>\n\t<meta name=\"twitter:data1\" content=\"3 minutos\" \/>\n<script type=\"application\/ld+json\" class=\"yoast-schema-graph\">{\"@context\":\"https:\\\/\\\/schema.org\",\"@graph\":[{\"@type\":\"WebPage\",\"@id\":\"https:\\\/\\\/www.eprotec-extrusion.com\\\/es\\\/lo-mas-destacado\\\/\",\"url\":\"https:\\\/\\\/www.eprotec-extrusion.com\\\/es\\\/lo-mas-destacado\\\/\",\"name\":\"Lo m\u00e1s destacado - eprotec extrusion technology ag\",\"isPartOf\":{\"@id\":\"https:\\\/\\\/www.eprotec-extrusion.com\\\/es\\\/#website\"},\"primaryImageOfPage\":{\"@id\":\"https:\\\/\\\/www.eprotec-extrusion.com\\\/es\\\/lo-mas-destacado\\\/#primaryimage\"},\"image\":{\"@id\":\"https:\\\/\\\/www.eprotec-extrusion.com\\\/es\\\/lo-mas-destacado\\\/#primaryimage\"},\"thumbnailUrl\":\"https:\\\/\\\/www.eprotec-extrusion.com\\\/es\\\/wp-content\\\/uploads\\\/2025\\\/04\\\/Products2.jpg\",\"datePublished\":\"2024-04-06T15:07:33+00:00\",\"dateModified\":\"2025-10-18T12:29:43+00:00\",\"breadcrumb\":{\"@id\":\"https:\\\/\\\/www.eprotec-extrusion.com\\\/es\\\/lo-mas-destacado\\\/#breadcrumb\"},\"inLanguage\":\"es\",\"potentialAction\":[{\"@type\":\"ReadAction\",\"target\":[\"https:\\\/\\\/www.eprotec-extrusion.com\\\/es\\\/lo-mas-destacado\\\/\"]}]},{\"@type\":\"ImageObject\",\"inLanguage\":\"es\",\"@id\":\"https:\\\/\\\/www.eprotec-extrusion.com\\\/es\\\/lo-mas-destacado\\\/#primaryimage\",\"url\":\"https:\\\/\\\/www.eprotec-extrusion.com\\\/es\\\/wp-content\\\/uploads\\\/2025\\\/04\\\/Products2.jpg\",\"contentUrl\":\"https:\\\/\\\/www.eprotec-extrusion.com\\\/es\\\/wp-content\\\/uploads\\\/2025\\\/04\\\/Products2.jpg\",\"width\":2198,\"height\":1148},{\"@type\":\"BreadcrumbList\",\"@id\":\"https:\\\/\\\/www.eprotec-extrusion.com\\\/es\\\/lo-mas-destacado\\\/#breadcrumb\",\"itemListElement\":[{\"@type\":\"ListItem\",\"position\":1,\"name\":\"Home\",\"item\":\"https:\\\/\\\/www.eprotec-extrusion.com\\\/es\\\/\"},{\"@type\":\"ListItem\",\"position\":2,\"name\":\"Lo m\u00e1s destacado\"}]},{\"@type\":\"WebSite\",\"@id\":\"https:\\\/\\\/www.eprotec-extrusion.com\\\/es\\\/#website\",\"url\":\"https:\\\/\\\/www.eprotec-extrusion.com\\\/es\\\/\",\"name\":\"eprotec extrusion technology ag\",\"description\":\"eprotec est\u00e1 especializada en el desarrollo y la fabricaci\u00f3n de bombas de extrusi\u00f3n de alta precisi\u00f3n\",\"publisher\":{\"@id\":\"https:\\\/\\\/www.eprotec-extrusion.com\\\/es\\\/#organization\"},\"potentialAction\":[{\"@type\":\"SearchAction\",\"target\":{\"@type\":\"EntryPoint\",\"urlTemplate\":\"https:\\\/\\\/www.eprotec-extrusion.com\\\/es\\\/?s={search_term_string}\"},\"query-input\":{\"@type\":\"PropertyValueSpecification\",\"valueRequired\":true,\"valueName\":\"search_term_string\"}}],\"inLanguage\":\"es\"},{\"@type\":\"Organization\",\"@id\":\"https:\\\/\\\/www.eprotec-extrusion.com\\\/es\\\/#organization\",\"name\":\"Mustermann GmbH\",\"url\":\"https:\\\/\\\/www.eprotec-extrusion.com\\\/es\\\/\",\"logo\":{\"@type\":\"ImageObject\",\"inLanguage\":\"es\",\"@id\":\"https:\\\/\\\/www.eprotec-extrusion.com\\\/es\\\/#\\\/schema\\\/logo\\\/image\\\/\",\"url\":\"https:\\\/\\\/www.eprotec-extrusion.com\\\/es\\\/wp-content\\\/uploads\\\/2025\\\/04\\\/eprotecLogo.png\",\"contentUrl\":\"https:\\\/\\\/www.eprotec-extrusion.com\\\/es\\\/wp-content\\\/uploads\\\/2025\\\/04\\\/eprotecLogo.png\",\"width\":332,\"height\":200,\"caption\":\"Mustermann GmbH\"},\"image\":{\"@id\":\"https:\\\/\\\/www.eprotec-extrusion.com\\\/es\\\/#\\\/schema\\\/logo\\\/image\\\/\"}}]}<\/script>\n<!-- \/ Yoast SEO plugin. -->","yoast_head_json":{"title":"Lo m\u00e1s destacado - eprotec extrusion technology ag","robots":{"index":"index","follow":"follow","max-snippet":"max-snippet:-1","max-image-preview":"max-image-preview:large","max-video-preview":"max-video-preview:-1"},"canonical":"https:\/\/www.eprotec-extrusion.com\/es\/lo-mas-destacado\/","og_locale":"es_ES","og_type":"article","og_title":"Lo m\u00e1s destacado - eprotec extrusion technology ag","og_description":"eprotec lo m\u00e1s destacado de la compa\u00f1\u00eda hasta el 80% BaSO4y LDPE El cliente buscaba un especialista en bombas de fusi\u00f3n para su proyecto de inversi\u00f3n de alto desgaste. El ...","og_url":"https:\/\/www.eprotec-extrusion.com\/es\/lo-mas-destacado\/","og_site_name":"eprotec extrusion technology ag","article_modified_time":"2025-10-18T12:29:43+00:00","og_image":[{"width":2198,"height":1148,"url":"https:\/\/www.eprotec-extrusion.com\/es\/wp-content\/uploads\/2025\/04\/Products2.jpg","type":"image\/jpeg"}],"twitter_card":"summary_large_image","twitter_misc":{"Tiempo de lectura":"3 minutos"},"schema":{"@context":"https:\/\/schema.org","@graph":[{"@type":"WebPage","@id":"https:\/\/www.eprotec-extrusion.com\/es\/lo-mas-destacado\/","url":"https:\/\/www.eprotec-extrusion.com\/es\/lo-mas-destacado\/","name":"Lo m\u00e1s destacado - eprotec extrusion technology ag","isPartOf":{"@id":"https:\/\/www.eprotec-extrusion.com\/es\/#website"},"primaryImageOfPage":{"@id":"https:\/\/www.eprotec-extrusion.com\/es\/lo-mas-destacado\/#primaryimage"},"image":{"@id":"https:\/\/www.eprotec-extrusion.com\/es\/lo-mas-destacado\/#primaryimage"},"thumbnailUrl":"https:\/\/www.eprotec-extrusion.com\/es\/wp-content\/uploads\/2025\/04\/Products2.jpg","datePublished":"2024-04-06T15:07:33+00:00","dateModified":"2025-10-18T12:29:43+00:00","breadcrumb":{"@id":"https:\/\/www.eprotec-extrusion.com\/es\/lo-mas-destacado\/#breadcrumb"},"inLanguage":"es","potentialAction":[{"@type":"ReadAction","target":["https:\/\/www.eprotec-extrusion.com\/es\/lo-mas-destacado\/"]}]},{"@type":"ImageObject","inLanguage":"es","@id":"https:\/\/www.eprotec-extrusion.com\/es\/lo-mas-destacado\/#primaryimage","url":"https:\/\/www.eprotec-extrusion.com\/es\/wp-content\/uploads\/2025\/04\/Products2.jpg","contentUrl":"https:\/\/www.eprotec-extrusion.com\/es\/wp-content\/uploads\/2025\/04\/Products2.jpg","width":2198,"height":1148},{"@type":"BreadcrumbList","@id":"https:\/\/www.eprotec-extrusion.com\/es\/lo-mas-destacado\/#breadcrumb","itemListElement":[{"@type":"ListItem","position":1,"name":"Home","item":"https:\/\/www.eprotec-extrusion.com\/es\/"},{"@type":"ListItem","position":2,"name":"Lo m\u00e1s destacado"}]},{"@type":"WebSite","@id":"https:\/\/www.eprotec-extrusion.com\/es\/#website","url":"https:\/\/www.eprotec-extrusion.com\/es\/","name":"eprotec extrusion technology ag","description":"eprotec est\u00e1 especializada en el desarrollo y la fabricaci\u00f3n de bombas de extrusi\u00f3n de alta precisi\u00f3n","publisher":{"@id":"https:\/\/www.eprotec-extrusion.com\/es\/#organization"},"potentialAction":[{"@type":"SearchAction","target":{"@type":"EntryPoint","urlTemplate":"https:\/\/www.eprotec-extrusion.com\/es\/?s={search_term_string}"},"query-input":{"@type":"PropertyValueSpecification","valueRequired":true,"valueName":"search_term_string"}}],"inLanguage":"es"},{"@type":"Organization","@id":"https:\/\/www.eprotec-extrusion.com\/es\/#organization","name":"Mustermann GmbH","url":"https:\/\/www.eprotec-extrusion.com\/es\/","logo":{"@type":"ImageObject","inLanguage":"es","@id":"https:\/\/www.eprotec-extrusion.com\/es\/#\/schema\/logo\/image\/","url":"https:\/\/www.eprotec-extrusion.com\/es\/wp-content\/uploads\/2025\/04\/eprotecLogo.png","contentUrl":"https:\/\/www.eprotec-extrusion.com\/es\/wp-content\/uploads\/2025\/04\/eprotecLogo.png","width":332,"height":200,"caption":"Mustermann GmbH"},"image":{"@id":"https:\/\/www.eprotec-extrusion.com\/es\/#\/schema\/logo\/image\/"}}]}},"_links":{"self":[{"href":"https:\/\/www.eprotec-extrusion.com\/es\/wp-json\/wp\/v2\/pages\/10691","targetHints":{"allow":["GET"]}}],"collection":[{"href":"https:\/\/www.eprotec-extrusion.com\/es\/wp-json\/wp\/v2\/pages"}],"about":[{"href":"https:\/\/www.eprotec-extrusion.com\/es\/wp-json\/wp\/v2\/types\/page"}],"author":[{"embeddable":true,"href":"https:\/\/www.eprotec-extrusion.com\/es\/wp-json\/wp\/v2\/users\/1"}],"replies":[{"embeddable":true,"href":"https:\/\/www.eprotec-extrusion.com\/es\/wp-json\/wp\/v2\/comments?post=10691"}],"version-history":[{"count":42,"href":"https:\/\/www.eprotec-extrusion.com\/es\/wp-json\/wp\/v2\/pages\/10691\/revisions"}],"predecessor-version":[{"id":11977,"href":"https:\/\/www.eprotec-extrusion.com\/es\/wp-json\/wp\/v2\/pages\/10691\/revisions\/11977"}],"wp:featuredmedia":[{"embeddable":true,"href":"https:\/\/www.eprotec-extrusion.com\/es\/wp-json\/wp\/v2\/media\/10841"}],"wp:attachment":[{"href":"https:\/\/www.eprotec-extrusion.com\/es\/wp-json\/wp\/v2\/media?parent=10691"}],"curies":[{"name":"wp","href":"https:\/\/api.w.org\/{rel}","templated":true}]}}