{"id":10963,"date":"2025-04-02T16:55:41","date_gmt":"2025-04-02T14:55:41","guid":{"rendered":"https:\/\/seobest.de\/demo310311\/?page_id=10963"},"modified":"2025-10-18T10:42:57","modified_gmt":"2025-10-18T08:42:57","slug":"descargas","status":"publish","type":"page","link":"https:\/\/www.eprotec-extrusion.com\/es\/descargas\/","title":{"rendered":"Descargas"},"content":{"rendered":"\n<div style=\"height:40px\" aria-hidden=\"true\" class=\"wp-block-spacer\"><\/div>\n\n\n\n<div class=\"wp-block-group animated fadeInUp\"><div class=\"wp-block-group__inner-container is-layout-constrained wp-block-group-is-layout-constrained\">\n<h2 class=\"wp-block-heading has-text-align-center\">En esta p\u00e1gina proporcionamos varios documentos<\/h2>\n\n\n\n<div style=\"height:100px\" aria-hidden=\"true\" class=\"wp-block-spacer\"><\/div>\n\n\n\n<div class=\"wp-block-columns is-layout-flex wp-container-core-columns-is-layout-9d6595d7 wp-block-columns-is-layout-flex\">\n<div class=\"wp-block-column is-layout-flow wp-block-column-is-layout-flow\" style=\"flex-basis:35%\">\n<h2 class=\"wp-block-heading has-text-align-center\" style=\"font-size:25px\">El folleto de nuestra empresa<\/h2>\n\n\n\n<div style=\"height:25px\" aria-hidden=\"true\" class=\"wp-block-spacer\"><\/div>\n\n\n\n<div class=\"wp-block-columns is-layout-flex wp-container-core-columns-is-layout-9d6595d7 wp-block-columns-is-layout-flex\">\n<div class=\"wp-block-column is-layout-flow wp-block-column-is-layout-flow\"><div class=\"_df_thumb \" id=\"df_11186\"  _slug=\"unsere-firmenbroschuere\" data-title=\"folleto\" wpoptions=\"true\" thumb=\"https:\/\/www.eprotec-extrusion.com\/es\/wp-content\/uploads\/2025\/06\/3-165842.png\" thumbtype=\"\" >Folleto<\/div><script class=\"df-shortcode-script\" nowprocket type=\"application\/javascript\">window.option_df_11186 = {\"outline\":[],\"autoEnableOutline\":\"false\",\"autoEnableThumbnail\":\"false\",\"overwritePDFOutline\":\"false\",\"direction\":\"1\",\"pageSize\":\"0\",\"source\":\"https:\\\/\\\/www.eprotec-extrusion.com\\\/es\\\/wp-content\\\/uploads\\\/2025\\\/06\\\/9b3aec54-0261-4d64-8c0f-5a9972a63f44.pdf\",\"wpOptions\":\"true\"}; if(window.DFLIP && window.DFLIP.parseBooks){window.DFLIP.parseBooks();}<\/script>\n\n\n\n<p class=\"has-text-align-center has-medium-font-size\">Folleto<\/p>\n<\/div>\n<\/div>\n<\/div>\n\n\n\n<div class=\"wp-block-column is-layout-flow wp-block-column-is-layout-flow\">\n<h2 class=\"wp-block-heading has-text-align-center\" style=\"font-size:25px\">Montaje y rotaci\u00f3n del eje<\/h2>\n\n\n\n<div style=\"height:25px\" aria-hidden=\"true\" class=\"wp-block-spacer\"><\/div>\n\n\n\n<div class=\"wp-block-columns is-layout-flex wp-container-core-columns-is-layout-9d6595d7 wp-block-columns-is-layout-flex\">\n<div class=\"wp-block-column is-layout-flow wp-block-column-is-layout-flow\"><div class=\"_df_thumb \" id=\"df_11275\"  _slug=\"einbau-und-wellendrehung-clockwise-standard\" data-title=\"instalacion-y-rotacion-del-eje-sentido-horario-estandar\" wpoptions=\"true\" thumb=\"https:\/\/www.eprotec-extrusion.com\/es\/wp-content\/uploads\/2025\/06\/3-173351.png\" thumbtype=\"\" >Instalaci\u00f3n y rotaci\u00f3n del eje &#8211; SENTIDO HORARIO (Est\u00e1ndar)<\/div><script class=\"df-shortcode-script\" nowprocket type=\"application\/javascript\">window.option_df_11275 = {\"outline\":[],\"autoEnableOutline\":\"false\",\"autoEnableThumbnail\":\"false\",\"overwritePDFOutline\":\"false\",\"direction\":\"1\",\"pageSize\":\"0\",\"source\":\"https:\\\/\\\/www.eprotec-extrusion.com\\\/es\\\/wp-content\\\/uploads\\\/2025\\\/06\\\/82e6d1b8-7221-4fd7-a74d-4a60db5a779e.pdf\",\"wpOptions\":\"true\"}; if(window.DFLIP && window.DFLIP.parseBooks){window.DFLIP.parseBooks();}<\/script>\n\n\n\n<p class=\"has-text-align-center has-medium-font-size\">Instalaci\u00f3n y rotaci\u00f3n del eje &#8211; SENTIDO HORARIO (Est\u00e1ndar)<\/p>\n<\/div>\n\n\n\n<div class=\"wp-block-column is-layout-flow wp-block-column-is-layout-flow\"><div class=\"_df_thumb \" id=\"df_11276\"  _slug=\"installation-und-wellendrehung-zaehler-uhrzeit\" data-title=\"instalacion-y-rotacion-del-eje-sentido-horario-de-contrahora\" wpoptions=\"true\" thumb=\"https:\/\/www.eprotec-extrusion.com\/es\/wp-content\/uploads\/2025\/06\/3-173438.png\" thumbtype=\"\" >Instalaci\u00f3n y rotaci\u00f3n del eje &#8211; SENTIDO HORARIO DE CONTRAHORA<\/div><script class=\"df-shortcode-script\" nowprocket type=\"application\/javascript\">window.option_df_11276 = {\"outline\":[],\"autoEnableOutline\":\"false\",\"autoEnableThumbnail\":\"false\",\"overwritePDFOutline\":\"false\",\"direction\":\"1\",\"pageSize\":\"0\",\"source\":\"https:\\\/\\\/www.eprotec-extrusion.com\\\/es\\\/wp-content\\\/uploads\\\/2025\\\/06\\\/c36a61c9-6398-475a-bbd7-63d0aef6609d.pdf\",\"wpOptions\":\"true\"}; if(window.DFLIP && window.DFLIP.parseBooks){window.DFLIP.parseBooks();}<\/script>\n\n\n\n<p class=\"has-text-align-center has-medium-font-size\">Instalaci\u00f3n y rotaci\u00f3n del eje &#8211; SENTIDO HORARIO DE CONTRAHORA<\/p>\n<\/div>\n<\/div>\n<\/div>\n<\/div>\n<\/div><\/div>\n\n\n\n<div style=\"height:80px\" aria-hidden=\"true\" class=\"wp-block-spacer\"><\/div>\n\n\n\n<div class=\"wp-block-group animated fadeInUp\"><div class=\"wp-block-group__inner-container is-layout-constrained wp-block-group-is-layout-constrained\">\n<h2 class=\"wp-block-heading has-text-align-center\" style=\"font-size:25px\">Para comprobar las dimensiones de las piezas usadas puede descargar el PDF<\/h2>\n\n\n\n<div style=\"height:40px\" aria-hidden=\"true\" class=\"wp-block-spacer\"><\/div>\n\n\n\n<div class=\"wp-block-columns is-layout-flex wp-container-core-columns-is-layout-9d6595d7 wp-block-columns-is-layout-flex\">\n<div class=\"wp-block-column is-layout-flow wp-block-column-is-layout-flow\"><div class=\"_df_thumb \" id=\"df_11240\"  _slug=\"abmessungen-der-gleitlager\" data-title=\"dimension-del-cojinete-de-deslizamiento\" wpoptions=\"true\" thumb=\"https:\/\/www.eprotec-extrusion.com\/es\/wp-content\/uploads\/2025\/06\/3-172249.png\" thumbtype=\"\" >Dimensi\u00f3n del cojinete de deslizamiento<\/div><script class=\"df-shortcode-script\" nowprocket type=\"application\/javascript\">window.option_df_11240 = {\"outline\":[],\"autoEnableOutline\":\"false\",\"autoEnableThumbnail\":\"false\",\"overwritePDFOutline\":\"false\",\"direction\":\"1\",\"pageSize\":\"0\",\"source\":\"https:\\\/\\\/www.eprotec-extrusion.com\\\/es\\\/wp-content\\\/uploads\\\/2025\\\/06\\\/0cb91000-d1e6-49b9-8cb1-2468b94b67c6.pdf\",\"wpOptions\":\"true\"}; if(window.DFLIP && window.DFLIP.parseBooks){window.DFLIP.parseBooks();}<\/script>\n\n\n\n<p class=\"has-text-align-center has-medium-font-size\">Dimensi\u00f3n del cojinete de deslizamiento<\/p>\n<\/div>\n\n\n\n<div class=\"wp-block-column is-layout-flow wp-block-column-is-layout-flow\"><div class=\"_df_thumb \" id=\"df_11241\"  _slug=\"abmessungen-der-zahnradwellen\" data-title=\"dimension-de-los-ejes-de-engranajes\" wpoptions=\"true\" thumb=\"https:\/\/www.eprotec-extrusion.com\/es\/wp-content\/uploads\/2025\/06\/172344.png\" thumbtype=\"\" >Dimensi\u00f3n de los ejes de engranajes<\/div><script class=\"df-shortcode-script\" nowprocket type=\"application\/javascript\">window.option_df_11241 = {\"outline\":[],\"autoEnableOutline\":\"false\",\"autoEnableThumbnail\":\"false\",\"overwritePDFOutline\":\"false\",\"direction\":\"1\",\"pageSize\":\"0\",\"source\":\"https:\\\/\\\/www.eprotec-extrusion.com\\\/es\\\/wp-content\\\/uploads\\\/2025\\\/06\\\/a36e53b8-d95a-4f86-b4f5-61e51eaf6bea.pdf\",\"wpOptions\":\"true\"}; if(window.DFLIP && window.DFLIP.parseBooks){window.DFLIP.parseBooks();}<\/script>\n\n\n\n<p class=\"has-text-align-center has-medium-font-size\">Dimensi\u00f3n de los ejes de engranajes<\/p>\n<\/div>\n\n\n\n<div class=\"wp-block-column is-layout-flow wp-block-column-is-layout-flow\"><div class=\"_df_thumb \" id=\"df_11242\"  _slug=\"dimensionen-der-spaltdichtungen\" data-title=\"dimension-viscosa\" wpoptions=\"true\" thumb=\"https:\/\/www.eprotec-extrusion.com\/es\/wp-content\/uploads\/2025\/06\/3-172432.png\" thumbtype=\"\" >Dimensi\u00f3n viscosa<\/div><script class=\"df-shortcode-script\" nowprocket type=\"application\/javascript\">window.option_df_11242 = {\"outline\":[],\"autoEnableOutline\":\"false\",\"autoEnableThumbnail\":\"false\",\"overwritePDFOutline\":\"false\",\"direction\":\"1\",\"pageSize\":\"0\",\"source\":\"https:\\\/\\\/www.eprotec-extrusion.com\\\/es\\\/wp-content\\\/uploads\\\/2025\\\/06\\\/b18dae56-caab-4528-8517-cb4010de7675.pdf\",\"wpOptions\":\"true\"}; if(window.DFLIP && window.DFLIP.parseBooks){window.DFLIP.parseBooks();}<\/script>\n\n\n\n<p class=\"has-text-align-center has-medium-font-size\">Dimensi\u00f3n viscosa<\/p>\n<\/div>\n<\/div>\n<\/div><\/div>\n\n\n\n<div style=\"height:80px\" aria-hidden=\"true\" class=\"wp-block-spacer\"><\/div>\n\n\n\n<div class=\"wp-block-group animated fadeInUp\"><div class=\"wp-block-group__inner-container is-layout-constrained wp-block-group-is-layout-constrained\">\n<h2 class=\"wp-block-heading\" style=\"font-size:25px\">Arreglos de la bomba de fusi\u00f3n<\/h2>\n\n\n\n<div style=\"height:40px\" aria-hidden=\"true\" class=\"wp-block-spacer\"><\/div>\n\n\n\n<div class=\"wp-block-columns is-layout-flex wp-container-core-columns-is-layout-9d6595d7 wp-block-columns-is-layout-flex\">\n<div class=\"wp-block-column is-layout-flow wp-block-column-is-layout-flow\"><div class=\"_df_thumb \" id=\"df_11270\"  _slug=\"schmelzpumpen-anordnungen\" data-title=\"arreglo-fundir-bomba-y-conduccion\" wpoptions=\"true\" thumb=\"https:\/\/www.eprotec-extrusion.com\/es\/wp-content\/uploads\/2025\/06\/3-173157.png\" thumbtype=\"\" >Arreglo &#8211; FUNDIR BOMBA Y CONDUCCI\u00d3N<\/div><script class=\"df-shortcode-script\" nowprocket type=\"application\/javascript\">window.option_df_11270 = {\"outline\":[],\"autoEnableOutline\":\"false\",\"autoEnableThumbnail\":\"false\",\"overwritePDFOutline\":\"false\",\"direction\":\"1\",\"pageSize\":\"0\",\"source\":\"https:\\\/\\\/www.eprotec-extrusion.com\\\/es\\\/wp-content\\\/uploads\\\/2025\\\/06\\\/37bc19b2-49d3-4d96-97a1-f1e2c8f3fb11.pdf\",\"wpOptions\":\"true\"}; if(window.DFLIP && window.DFLIP.parseBooks){window.DFLIP.parseBooks();}<\/script>\n\n\n\n<p class=\"has-text-align-center has-medium-font-size\">Arreglo &#8211; FUNDIR BOMBA Y CONDUCCI\u00d3N<\/p>\n<\/div>\n\n\n\n<div class=\"wp-block-column is-layout-flow wp-block-column-is-layout-flow\"><\/div>\n\n\n\n<div class=\"wp-block-column is-layout-flow wp-block-column-is-layout-flow\"><\/div>\n<\/div>\n<\/div><\/div>\n","protected":false},"excerpt":{"rendered":"<p>En esta p\u00e1gina proporcionamos varios documentos El folleto de nuestra empresa Folleto Montaje y rotaci\u00f3n del eje Instalaci\u00f3n y rotaci\u00f3n del eje &#8211; SENTIDO HORARIO (Est\u00e1ndar) Instalaci\u00f3n y rotaci\u00f3n del &#8230;<\/p>\n","protected":false},"author":1,"featured_media":10841,"parent":0,"menu_order":0,"comment_status":"closed","ping_status":"closed","template":"","meta":{"_coblocks_attr":"","_coblocks_dimensions":"","_coblocks_responsive_height":"","_coblocks_accordion_ie_support":"","pgc_sgb_lightbox_settings":"","footnotes":""},"class_list":["post-10963","page","type-page","status-publish","has-post-thumbnail","hentry"],"yoast_head":"<!-- This site is optimized with the Yoast SEO plugin v27.5 - https:\/\/yoast.com\/product\/yoast-seo-wordpress\/ -->\n<title>Descargas - eprotec extrusion technology ag<\/title>\n<meta name=\"robots\" content=\"index, follow, max-snippet:-1, max-image-preview:large, max-video-preview:-1\" \/>\n<link rel=\"canonical\" href=\"https:\/\/www.eprotec-extrusion.com\/es\/descargas\/\" \/>\n<meta property=\"og:locale\" content=\"es_ES\" \/>\n<meta property=\"og:type\" content=\"article\" \/>\n<meta property=\"og:title\" content=\"Descargas - eprotec extrusion technology ag\" \/>\n<meta property=\"og:description\" content=\"En esta p\u00e1gina proporcionamos varios documentos El folleto de nuestra empresa Folleto Montaje y rotaci\u00f3n del eje Instalaci\u00f3n y rotaci\u00f3n del eje &#8211; SENTIDO HORARIO (Est\u00e1ndar) Instalaci\u00f3n y rotaci\u00f3n del ...\" \/>\n<meta property=\"og:url\" content=\"https:\/\/www.eprotec-extrusion.com\/es\/descargas\/\" \/>\n<meta property=\"og:site_name\" content=\"eprotec extrusion technology ag\" \/>\n<meta property=\"article:modified_time\" content=\"2025-10-18T08:42:57+00:00\" \/>\n<meta property=\"og:image\" content=\"https:\/\/www.eprotec-extrusion.com\/es\/wp-content\/uploads\/2025\/04\/Products2.jpg\" \/>\n\t<meta property=\"og:image:width\" content=\"2198\" \/>\n\t<meta property=\"og:image:height\" content=\"1148\" \/>\n\t<meta property=\"og:image:type\" content=\"image\/jpeg\" \/>\n<meta name=\"twitter:card\" content=\"summary_large_image\" \/>\n<meta name=\"twitter:label1\" content=\"Tiempo de lectura\" \/>\n\t<meta name=\"twitter:data1\" content=\"1 minuto\" \/>\n<script type=\"application\/ld+json\" class=\"yoast-schema-graph\">{\"@context\":\"https:\\\/\\\/schema.org\",\"@graph\":[{\"@type\":\"WebPage\",\"@id\":\"https:\\\/\\\/www.eprotec-extrusion.com\\\/es\\\/descargas\\\/\",\"url\":\"https:\\\/\\\/www.eprotec-extrusion.com\\\/es\\\/descargas\\\/\",\"name\":\"Descargas - eprotec extrusion technology ag\",\"isPartOf\":{\"@id\":\"https:\\\/\\\/www.eprotec-extrusion.com\\\/es\\\/#website\"},\"primaryImageOfPage\":{\"@id\":\"https:\\\/\\\/www.eprotec-extrusion.com\\\/es\\\/descargas\\\/#primaryimage\"},\"image\":{\"@id\":\"https:\\\/\\\/www.eprotec-extrusion.com\\\/es\\\/descargas\\\/#primaryimage\"},\"thumbnailUrl\":\"https:\\\/\\\/www.eprotec-extrusion.com\\\/es\\\/wp-content\\\/uploads\\\/2025\\\/04\\\/Products2.jpg\",\"datePublished\":\"2025-04-02T14:55:41+00:00\",\"dateModified\":\"2025-10-18T08:42:57+00:00\",\"breadcrumb\":{\"@id\":\"https:\\\/\\\/www.eprotec-extrusion.com\\\/es\\\/descargas\\\/#breadcrumb\"},\"inLanguage\":\"es\",\"potentialAction\":[{\"@type\":\"ReadAction\",\"target\":[\"https:\\\/\\\/www.eprotec-extrusion.com\\\/es\\\/descargas\\\/\"]}]},{\"@type\":\"ImageObject\",\"inLanguage\":\"es\",\"@id\":\"https:\\\/\\\/www.eprotec-extrusion.com\\\/es\\\/descargas\\\/#primaryimage\",\"url\":\"https:\\\/\\\/www.eprotec-extrusion.com\\\/es\\\/wp-content\\\/uploads\\\/2025\\\/04\\\/Products2.jpg\",\"contentUrl\":\"https:\\\/\\\/www.eprotec-extrusion.com\\\/es\\\/wp-content\\\/uploads\\\/2025\\\/04\\\/Products2.jpg\",\"width\":2198,\"height\":1148},{\"@type\":\"BreadcrumbList\",\"@id\":\"https:\\\/\\\/www.eprotec-extrusion.com\\\/es\\\/descargas\\\/#breadcrumb\",\"itemListElement\":[{\"@type\":\"ListItem\",\"position\":1,\"name\":\"Home\",\"item\":\"https:\\\/\\\/www.eprotec-extrusion.com\\\/es\\\/\"},{\"@type\":\"ListItem\",\"position\":2,\"name\":\"Descargas\"}]},{\"@type\":\"WebSite\",\"@id\":\"https:\\\/\\\/www.eprotec-extrusion.com\\\/es\\\/#website\",\"url\":\"https:\\\/\\\/www.eprotec-extrusion.com\\\/es\\\/\",\"name\":\"eprotec extrusion technology ag\",\"description\":\"eprotec est\u00e1 especializada en el desarrollo y la fabricaci\u00f3n de bombas de extrusi\u00f3n de alta precisi\u00f3n\",\"publisher\":{\"@id\":\"https:\\\/\\\/www.eprotec-extrusion.com\\\/es\\\/#organization\"},\"potentialAction\":[{\"@type\":\"SearchAction\",\"target\":{\"@type\":\"EntryPoint\",\"urlTemplate\":\"https:\\\/\\\/www.eprotec-extrusion.com\\\/es\\\/?s={search_term_string}\"},\"query-input\":{\"@type\":\"PropertyValueSpecification\",\"valueRequired\":true,\"valueName\":\"search_term_string\"}}],\"inLanguage\":\"es\"},{\"@type\":\"Organization\",\"@id\":\"https:\\\/\\\/www.eprotec-extrusion.com\\\/es\\\/#organization\",\"name\":\"Mustermann GmbH\",\"url\":\"https:\\\/\\\/www.eprotec-extrusion.com\\\/es\\\/\",\"logo\":{\"@type\":\"ImageObject\",\"inLanguage\":\"es\",\"@id\":\"https:\\\/\\\/www.eprotec-extrusion.com\\\/es\\\/#\\\/schema\\\/logo\\\/image\\\/\",\"url\":\"https:\\\/\\\/www.eprotec-extrusion.com\\\/es\\\/wp-content\\\/uploads\\\/2025\\\/04\\\/eprotecLogo.png\",\"contentUrl\":\"https:\\\/\\\/www.eprotec-extrusion.com\\\/es\\\/wp-content\\\/uploads\\\/2025\\\/04\\\/eprotecLogo.png\",\"width\":332,\"height\":200,\"caption\":\"Mustermann GmbH\"},\"image\":{\"@id\":\"https:\\\/\\\/www.eprotec-extrusion.com\\\/es\\\/#\\\/schema\\\/logo\\\/image\\\/\"}}]}<\/script>\n<!-- \/ Yoast SEO plugin. -->","yoast_head_json":{"title":"Descargas - eprotec extrusion technology ag","robots":{"index":"index","follow":"follow","max-snippet":"max-snippet:-1","max-image-preview":"max-image-preview:large","max-video-preview":"max-video-preview:-1"},"canonical":"https:\/\/www.eprotec-extrusion.com\/es\/descargas\/","og_locale":"es_ES","og_type":"article","og_title":"Descargas - eprotec extrusion technology ag","og_description":"En esta p\u00e1gina proporcionamos varios documentos El folleto de nuestra empresa Folleto Montaje y rotaci\u00f3n del eje Instalaci\u00f3n y rotaci\u00f3n del eje &#8211; SENTIDO HORARIO (Est\u00e1ndar) Instalaci\u00f3n y rotaci\u00f3n del ...","og_url":"https:\/\/www.eprotec-extrusion.com\/es\/descargas\/","og_site_name":"eprotec extrusion technology ag","article_modified_time":"2025-10-18T08:42:57+00:00","og_image":[{"width":2198,"height":1148,"url":"https:\/\/www.eprotec-extrusion.com\/es\/wp-content\/uploads\/2025\/04\/Products2.jpg","type":"image\/jpeg"}],"twitter_card":"summary_large_image","twitter_misc":{"Tiempo de lectura":"1 minuto"},"schema":{"@context":"https:\/\/schema.org","@graph":[{"@type":"WebPage","@id":"https:\/\/www.eprotec-extrusion.com\/es\/descargas\/","url":"https:\/\/www.eprotec-extrusion.com\/es\/descargas\/","name":"Descargas - eprotec extrusion technology ag","isPartOf":{"@id":"https:\/\/www.eprotec-extrusion.com\/es\/#website"},"primaryImageOfPage":{"@id":"https:\/\/www.eprotec-extrusion.com\/es\/descargas\/#primaryimage"},"image":{"@id":"https:\/\/www.eprotec-extrusion.com\/es\/descargas\/#primaryimage"},"thumbnailUrl":"https:\/\/www.eprotec-extrusion.com\/es\/wp-content\/uploads\/2025\/04\/Products2.jpg","datePublished":"2025-04-02T14:55:41+00:00","dateModified":"2025-10-18T08:42:57+00:00","breadcrumb":{"@id":"https:\/\/www.eprotec-extrusion.com\/es\/descargas\/#breadcrumb"},"inLanguage":"es","potentialAction":[{"@type":"ReadAction","target":["https:\/\/www.eprotec-extrusion.com\/es\/descargas\/"]}]},{"@type":"ImageObject","inLanguage":"es","@id":"https:\/\/www.eprotec-extrusion.com\/es\/descargas\/#primaryimage","url":"https:\/\/www.eprotec-extrusion.com\/es\/wp-content\/uploads\/2025\/04\/Products2.jpg","contentUrl":"https:\/\/www.eprotec-extrusion.com\/es\/wp-content\/uploads\/2025\/04\/Products2.jpg","width":2198,"height":1148},{"@type":"BreadcrumbList","@id":"https:\/\/www.eprotec-extrusion.com\/es\/descargas\/#breadcrumb","itemListElement":[{"@type":"ListItem","position":1,"name":"Home","item":"https:\/\/www.eprotec-extrusion.com\/es\/"},{"@type":"ListItem","position":2,"name":"Descargas"}]},{"@type":"WebSite","@id":"https:\/\/www.eprotec-extrusion.com\/es\/#website","url":"https:\/\/www.eprotec-extrusion.com\/es\/","name":"eprotec extrusion technology ag","description":"eprotec est\u00e1 especializada en el desarrollo y la fabricaci\u00f3n de bombas de extrusi\u00f3n de alta precisi\u00f3n","publisher":{"@id":"https:\/\/www.eprotec-extrusion.com\/es\/#organization"},"potentialAction":[{"@type":"SearchAction","target":{"@type":"EntryPoint","urlTemplate":"https:\/\/www.eprotec-extrusion.com\/es\/?s={search_term_string}"},"query-input":{"@type":"PropertyValueSpecification","valueRequired":true,"valueName":"search_term_string"}}],"inLanguage":"es"},{"@type":"Organization","@id":"https:\/\/www.eprotec-extrusion.com\/es\/#organization","name":"Mustermann GmbH","url":"https:\/\/www.eprotec-extrusion.com\/es\/","logo":{"@type":"ImageObject","inLanguage":"es","@id":"https:\/\/www.eprotec-extrusion.com\/es\/#\/schema\/logo\/image\/","url":"https:\/\/www.eprotec-extrusion.com\/es\/wp-content\/uploads\/2025\/04\/eprotecLogo.png","contentUrl":"https:\/\/www.eprotec-extrusion.com\/es\/wp-content\/uploads\/2025\/04\/eprotecLogo.png","width":332,"height":200,"caption":"Mustermann GmbH"},"image":{"@id":"https:\/\/www.eprotec-extrusion.com\/es\/#\/schema\/logo\/image\/"}}]}},"_links":{"self":[{"href":"https:\/\/www.eprotec-extrusion.com\/es\/wp-json\/wp\/v2\/pages\/10963","targetHints":{"allow":["GET"]}}],"collection":[{"href":"https:\/\/www.eprotec-extrusion.com\/es\/wp-json\/wp\/v2\/pages"}],"about":[{"href":"https:\/\/www.eprotec-extrusion.com\/es\/wp-json\/wp\/v2\/types\/page"}],"author":[{"embeddable":true,"href":"https:\/\/www.eprotec-extrusion.com\/es\/wp-json\/wp\/v2\/users\/1"}],"replies":[{"embeddable":true,"href":"https:\/\/www.eprotec-extrusion.com\/es\/wp-json\/wp\/v2\/comments?post=10963"}],"version-history":[{"count":62,"href":"https:\/\/www.eprotec-extrusion.com\/es\/wp-json\/wp\/v2\/pages\/10963\/revisions"}],"predecessor-version":[{"id":11954,"href":"https:\/\/www.eprotec-extrusion.com\/es\/wp-json\/wp\/v2\/pages\/10963\/revisions\/11954"}],"wp:featuredmedia":[{"embeddable":true,"href":"https:\/\/www.eprotec-extrusion.com\/es\/wp-json\/wp\/v2\/media\/10841"}],"wp:attachment":[{"href":"https:\/\/www.eprotec-extrusion.com\/es\/wp-json\/wp\/v2\/media?parent=10963"}],"curies":[{"name":"wp","href":"https:\/\/api.w.org\/{rel}","templated":true}]}}