{"id":10964,"date":"2025-04-02T16:55:49","date_gmt":"2025-04-02T14:55:49","guid":{"rendered":"https:\/\/seobest.de\/demo310311\/?page_id=10964"},"modified":"2025-10-18T10:55:37","modified_gmt":"2025-10-18T08:55:37","slug":"preguntas-frecuentes","status":"publish","type":"page","link":"https:\/\/www.eprotec-extrusion.com\/es\/preguntas-frecuentes\/","title":{"rendered":"Preguntas frecuentes"},"content":{"rendered":"\n<div style=\"height:40px\" aria-hidden=\"true\" class=\"wp-block-spacer\"><\/div>\n\n\n\n<div class=\"wp-block-columns is-layout-flex wp-container-core-columns-is-layout-9d6595d7 wp-block-columns-is-layout-flex\">\n<div class=\"wp-block-column animated fadeInLeft is-layout-flow wp-block-column-is-layout-flow\">\n<h2 class=\"wp-block-heading has-text-color has-link-color wp-elements-62e045eb9fd067df2f5c3f456dd79383\" style=\"color:#ffad29;font-size:40px\">\u00bfTiene alguna pregunta sobre las bombas de fusi\u00f3n de eprotecciones?<\/h2>\n<\/div>\n\n\n\n<div class=\"wp-block-column is-vertically-aligned-center animated fadeInRight is-layout-flow wp-block-column-is-layout-flow\" style=\"flex-basis:45%\">\n<p class=\"has-text-align-center\">A continuaci\u00f3n tal vez pueda encontrar su respuesta. De lo contrario, eres bienvenido a contacto para m\u00e1s detalles.<\/p>\n\n\n\n<div style=\"height:25px\" aria-hidden=\"true\" class=\"wp-block-spacer\"><\/div>\n\n\n\n<div class=\"wp-block-group is-content-justification-center is-nowrap is-layout-flex wp-container-core-group-is-layout-94bc23d7 wp-block-group-is-layout-flex\">\n<div class=\"wp-block-buttons is-layout-flex wp-block-buttons-is-layout-flex\">\n<div class=\"wp-block-button btn_s\"><a class=\"wp-block-button__link has-white-color has-text-color has-background has-link-color has-medium-font-size has-custom-font-size wp-element-button\" href=\"https:\/\/www.eprotec-extrusion.com\/es\/contacte\/\" style=\"border-radius:7px;background-color:#ffad29\">Contacte<\/a><\/div>\n<\/div>\n<\/div>\n<\/div>\n<\/div>\n\n\n\n<div style=\"height:77px\" aria-hidden=\"true\" class=\"wp-block-spacer\"><\/div>\n\n\n\n<div class=\"wp-block-coblocks-accordion animated fadeInRight\">\n<div class=\"wp-block-coblocks-accordion-item\" style=\"font-size:16px\"><details><summary class=\"wp-block-coblocks-accordion-item__title has-background has-text-color has-white-color\" style=\"background-color:#ffad29\">\u00bfHay alg\u00fan dise\u00f1o diferente de bomba de fusi\u00f3n usado en la extrusi\u00f3n?<\/summary><div class=\"wp-block-coblocks-accordion-item__content\" style=\"border-color:#ffad29\">\n<p>En principio, todas las bombas de fusi\u00f3n de extrusi\u00f3n tienen el mismo dise\u00f1o: dos ruedas dentadas externas se acoplan entre s\u00ed cuando giran (v\u00e9ase tambi\u00e9n <a href=\"https:\/\/www.plastics.gl\/extrusion-profile\/extruder-melt-pump-for-demanding-sheet-and-compounding-applications\/\" target=\"_blank\" rel=\"noreferrer noopener\">El principio de funcionamiento de la bomba de engranajes melt-x<\/a> ). Hay diferencias en cuanto al dise\u00f1o de los engranajes en s\u00ed: los helicoidales, los de espol\u00f3n y los de espina de pescado son los m\u00e1s comunes. eprotec utiliza el tipo ligeramente helicoidal ya que este dise\u00f1o es adecuado para casi todas las aplicaciones y asegura un proceso continuo y suave. Adem\u00e1s, el dise\u00f1o de engranajes helicoidales presenta menos fricci\u00f3n y tiene las mejores caracter\u00edsticas de autolimpieza.<\/p>\n\n\n\n<p>Tambi\u00e9n existen ejecuciones especiales de bombas de engranajes para aplicaciones en las que se requieren frecuentes cambios de color, por ejemplo en la composici\u00f3n de TPE. Aqu\u00ed la bomba melt-X tiene un llamado \u00absistema de drenaje\u00bb para la descarga espec\u00edfica de la masa fundida que se utiliz\u00f3 para lubricar los cojinetes de deslizamiento.<\/p>\n<\/div><\/details><\/div>\n<\/div>\n\n\n\n<div class=\"wp-block-coblocks-accordion animated fadeInLeft\">\n<div class=\"wp-block-coblocks-accordion-item\" style=\"font-size:16px\"><details><summary class=\"wp-block-coblocks-accordion-item__title has-background has-text-color has-white-color\" style=\"background-color:#ffad29\">\u00bfC\u00f3mo elegir la bomba de extrusi\u00f3n adecuada?<\/summary><div class=\"wp-block-coblocks-accordion-item__content\" style=\"border-color:#ffad29\">\n<p>Los criterios m\u00e1s importantes para elegir la bomba de fusi\u00f3n correcta son:<\/p>\n\n\n\n<ul class=\"wp-block-list\">\n<li>Rendimiento (kg\/h)<\/li>\n\n\n\n<li>Aplicaci\u00f3n (l\u00e1minas, compuestos, reciclaje, etc.)<\/li>\n\n\n\n<li>Tipo de pol\u00edmero (PET, PE, etc.)<\/li>\n\n\n\n<li>Contenido de relleno (tipo de relleno y porcentaje)<\/li>\n\n\n\n<li>Rango de presi\u00f3n<\/li>\n<\/ul>\n<\/div><\/details><\/div>\n<\/div>\n\n\n\n<div class=\"wp-block-coblocks-accordion animated fadeInRight\">\n<div class=\"wp-block-coblocks-accordion-item\" style=\"font-size:16px\"><details><summary class=\"wp-block-coblocks-accordion-item__title has-background has-text-color has-white-color\" style=\"background-color:#ffad29\">\u00bfC\u00f3mo se lubrican las bombas de fusi\u00f3n?<\/summary><div class=\"wp-block-coblocks-accordion-item__content\" style=\"border-color:#ffad29\">\n<p>B\u00e1sicamente todas las bombas de engranajes usadas en el proceso de extrusi\u00f3n son lubricadas por el pol\u00edmero fundido. Por lo tanto, se llaman \u00abbombas de fusi\u00f3n\u00bb. Hace alg\u00fan tiempo se introdujeron en el mercado bombas de engranajes externas para materiales abrasivos. Sin embargo, no han sido capaces de establecerse. Principalmente debido al hecho de que s\u00f3lo se pueden realizar bajas presiones comparables.<\/p>\n<\/div><\/details><\/div>\n<\/div>\n\n\n\n<div class=\"wp-block-coblocks-accordion animated fadeInLeft\">\n<div class=\"wp-block-coblocks-accordion-item\" style=\"font-size:16px\"><details><summary class=\"wp-block-coblocks-accordion-item__title has-background has-text-color has-white-color\" style=\"background-color:#ffad29\">\u00bfC\u00f3mo se controlan las bombas de fusi\u00f3n?<\/summary><div class=\"wp-block-coblocks-accordion-item__content\" style=\"border-color:#ffad29\">\n<p>Desde hace m\u00e1s de 35 a\u00f1os las bombas de engranajes con sistema de control asociado son de \u00faltima generaci\u00f3n. El modo de control m\u00e1s com\u00fan es el control de la presi\u00f3n de entrada P1 en bucle autom\u00e1tico.<br>Esto significa que la presi\u00f3n de entrada de la bomba (P1) se mide con un sensor de presi\u00f3n. El controlador eval\u00faa la actual con el valor de presi\u00f3n establecido y regula la velocidad del tornillo de la extrusora, llamado modo de extrusi\u00f3n (por ejemplo, l\u00e1mina), o la velocidad de la bomba de extrusi\u00f3n, llamado modo de composici\u00f3n.<\/p>\n<\/div><\/details><\/div>\n<\/div>\n\n\n\n<div class=\"wp-block-coblocks-accordion animated fadeInRight\">\n<div class=\"wp-block-coblocks-accordion-item\" style=\"font-size:16px\"><details><summary class=\"wp-block-coblocks-accordion-item__title has-background has-text-color has-white-color\" style=\"background-color:#ffad29\">\u00bfSe puede utilizar una bomba de engranajes con un contenido de relleno muy alto?<\/summary><div class=\"wp-block-coblocks-accordion-item__content\" style=\"border-color:#ffad29\">\n<p>El uso de una bomba de engranajes en relaci\u00f3n con el alto contenido de relleno es una tarea exigente. Por lo general, el alto contenido de relleno no s\u00f3lo es altamente abrasivo, sino que tambi\u00e9n aumenta o disminuye la viscosidad, lo que a su vez aumenta o disminuye la presi\u00f3n y el consumo de energ\u00eda de la unidad motriz. Aqu\u00ed hay que prestar especial atenci\u00f3n a los materiales de construcci\u00f3n utilizados, o a los revestimientos para proteger el acero de la herramienta contra el desgaste y la corrosi\u00f3n. Las bombas de fusi\u00f3n de eprotec tienen un recubrimiento especial de PVD y pueden procesar un contenido m\u00e1ximo de relleno de hasta 83% de CaCO3, por ejemplo. Tambi\u00e9n pueden procesarse compuestos con gran cantidad de fibra de vidrio (\u226445%), negro de carb\u00f3n CB, TiO2 y WPC (compuestos de polvo de madera).<\/p>\n<\/div><\/details><\/div>\n<\/div>\n\n\n\n<div class=\"wp-block-coblocks-accordion animated fadeInLeft\">\n<div class=\"wp-block-coblocks-accordion-item\" style=\"font-size:16px\"><details><summary class=\"wp-block-coblocks-accordion-item__title has-background has-text-color has-white-color\" style=\"background-color:#ffad29\">\u00bfHay alg\u00fan material que NO sea apto para ser procesado con una bomba de engranajes?<\/summary><div class=\"wp-block-coblocks-accordion-item__content\" style=\"border-color:#ffad29\">\n<p>Por ejemplo, el PLA es extremadamente corrosivo, y el PVC, adem\u00e1s, tambi\u00e9n es sensible al calor. Pero ambos materiales pueden ser procesados con eprotec bombas de fusi\u00f3n.<\/p>\n\n\n\n<p>En general, si se pretende procesar materiales corrosivos, sensibles al calor o f\u00e1cilmente degradables, se requiere una aclaraci\u00f3n detallada y la comunicaci\u00f3n con el fabricante de la bomba de engranajes. Adem\u00e1s de los materiales termopl\u00e1sticos, las bombas de engranajes tambi\u00e9n se utilizan com\u00fanmente con caucho (NBR, SBR) y TPE, SEBS y SBS.<\/p>\n<\/div><\/details><\/div>\n<\/div>\n\n\n\n<div class=\"wp-block-coblocks-accordion animated fadeInRight\">\n<div class=\"wp-block-coblocks-accordion-item\" style=\"font-size:16px\"><details><summary class=\"wp-block-coblocks-accordion-item__title has-background has-text-color has-white-color\" style=\"background-color:#ffad29\">\u00bfEs la bomba de engranajes adecuada para todos los procesos de extrusi\u00f3n?<\/summary><div class=\"wp-block-coblocks-accordion-item__content\" style=\"border-color:#ffad29\">\n<p>Desde el punto de vista t\u00e9cnico, b\u00e1sicamente no hay ning\u00fan proceso de extrusi\u00f3n en el que no se pueda instalar la bomba de fusi\u00f3n. Se utiliza com\u00fanmente en la extrusi\u00f3n de l\u00e1minas (PET, PP, PE, PS, HIPS), en el compounding, en la peletizaci\u00f3n (en hebras y bajo el agua), en el revestimiento, en los tubos, en los perfiles, en la extrusi\u00f3n de pel\u00edculas sopladas y en la extrusi\u00f3n de pel\u00edculas fundidas. Las bombas de fusi\u00f3n tambi\u00e9n se pueden encontrar en la producci\u00f3n de alambres, cables, textiles (fibras, filamentos y no tejidos), EVA, adhesivos de fusi\u00f3n en caliente y PSA.<\/p>\n<\/div><\/details><\/div>\n<\/div>\n\n\n\n<div class=\"wp-block-coblocks-accordion animated fadeInLeft\">\n<div class=\"wp-block-coblocks-accordion-item\" style=\"font-size:16px\"><details><summary class=\"wp-block-coblocks-accordion-item__title has-background has-text-color has-white-color\" style=\"background-color:#ffad29\">\u00bfC\u00f3mo proteger la bomba de engranajes contra la sobrepresi\u00f3n?<\/summary><div class=\"wp-block-coblocks-accordion-item__content\" style=\"border-color:#ffad29\">\n<p>Cada bomba de engranajes tiene una presi\u00f3n de funcionamiento m\u00e1xima establecida. Si se supera esta presi\u00f3n, pueden producirse da\u00f1os graves. Un escenario t\u00edpico es una alta presi\u00f3n de descarga debido a un \u00abarranque en fr\u00edo\u00bb, lo que significa que los adaptadores de corriente descendente, los cambiadores de malla o los cabezales de los troqueles est\u00e1n todav\u00eda demasiado fr\u00edos, o que el material s\u00f3lido (no fundido) bloquea el camino.<\/p>\n\n\n\n<p>Para proteger la bomba de la sobrepresi\u00f3n, los discos de ruptura y\/o los transductores de presi\u00f3n deben estar situados directamente antes y despu\u00e9s de la bomba de fusi\u00f3n. Los transductores de presi\u00f3n suelen estar conectados a un sistema de control con doble funci\u00f3n de alarma (advertencia y apagado).<br>eprotec integra de forma est\u00e1ndar dos roscas de sensor de presi\u00f3n en la carcasa de la bomba de fusi\u00f3n. Por lo tanto, no son necesarios orificios y roscas adicionales en los adaptadores antes o despu\u00e9s de la bomba de extrusi\u00f3n.<\/p>\n<\/div><\/details><\/div>\n<\/div>\n\n\n\n<div class=\"wp-block-coblocks-accordion animated fadeInRight\">\n<div class=\"wp-block-coblocks-accordion-item\" style=\"font-size:16px\"><details><summary class=\"wp-block-coblocks-accordion-item__title has-background has-text-color has-white-color\" style=\"background-color:#ffad29\">Para proteger la bomba de fusi\u00f3n, \u00bfnecesito un cambiador de pantalla?<\/summary><div class=\"wp-block-coblocks-accordion-item__content\" style=\"border-color:#ffad29\">\n<p>eprotec Las bombas de fusi\u00f3n son menos sensibles a los contaminantes duros que las bombas de engranajes de la competencia, debido a los diferentes m\u00f3dulos para la ra\u00edz de los dientes m\u00e1s gruesos.<br>Aunque siempre se recomienda instalar una pantalla de protecci\u00f3n antes de la bomba para evitar da\u00f1os.<\/p>\n<\/div><\/details><\/div>\n<\/div>\n","protected":false},"excerpt":{"rendered":"<p>\u00bfTiene alguna pregunta sobre las bombas de fusi\u00f3n de eprotecciones? A continuaci\u00f3n tal vez pueda encontrar su respuesta. De lo contrario, eres bienvenido a contacto para m\u00e1s detalles.<\/p>\n","protected":false},"author":1,"featured_media":10841,"parent":0,"menu_order":0,"comment_status":"closed","ping_status":"closed","template":"","meta":{"_coblocks_attr":"","_coblocks_dimensions":"","_coblocks_responsive_height":"","_coblocks_accordion_ie_support":"","pgc_sgb_lightbox_settings":"","footnotes":""},"class_list":["post-10964","page","type-page","status-publish","has-post-thumbnail","hentry"],"yoast_head":"<!-- This site is optimized with the Yoast SEO plugin v27.5 - https:\/\/yoast.com\/product\/yoast-seo-wordpress\/ -->\n<title>Preguntas frecuentes - eprotec extrusion technology ag<\/title>\n<meta name=\"robots\" content=\"index, follow, max-snippet:-1, max-image-preview:large, max-video-preview:-1\" \/>\n<link rel=\"canonical\" href=\"https:\/\/www.eprotec-extrusion.com\/es\/preguntas-frecuentes\/\" \/>\n<meta property=\"og:locale\" content=\"es_ES\" \/>\n<meta property=\"og:type\" content=\"article\" \/>\n<meta property=\"og:title\" content=\"Preguntas frecuentes - eprotec extrusion technology ag\" \/>\n<meta property=\"og:description\" content=\"\u00bfTiene alguna pregunta sobre las bombas de fusi\u00f3n de eprotecciones? A continuaci\u00f3n tal vez pueda encontrar su respuesta. De lo contrario, eres bienvenido a contacto para m\u00e1s detalles.\" \/>\n<meta property=\"og:url\" content=\"https:\/\/www.eprotec-extrusion.com\/es\/preguntas-frecuentes\/\" \/>\n<meta property=\"og:site_name\" content=\"eprotec extrusion technology ag\" \/>\n<meta property=\"article:modified_time\" content=\"2025-10-18T08:55:37+00:00\" \/>\n<meta property=\"og:image\" content=\"https:\/\/www.eprotec-extrusion.com\/es\/wp-content\/uploads\/2025\/04\/Products2.jpg\" \/>\n\t<meta property=\"og:image:width\" content=\"2198\" \/>\n\t<meta property=\"og:image:height\" content=\"1148\" \/>\n\t<meta property=\"og:image:type\" content=\"image\/jpeg\" \/>\n<meta name=\"twitter:card\" content=\"summary_large_image\" \/>\n<meta name=\"twitter:label1\" content=\"Tiempo de lectura\" \/>\n\t<meta name=\"twitter:data1\" content=\"6 minutos\" \/>\n<script type=\"application\/ld+json\" class=\"yoast-schema-graph\">{\"@context\":\"https:\\\/\\\/schema.org\",\"@graph\":[{\"@type\":\"WebPage\",\"@id\":\"https:\\\/\\\/www.eprotec-extrusion.com\\\/es\\\/preguntas-frecuentes\\\/\",\"url\":\"https:\\\/\\\/www.eprotec-extrusion.com\\\/es\\\/preguntas-frecuentes\\\/\",\"name\":\"Preguntas frecuentes - eprotec extrusion technology ag\",\"isPartOf\":{\"@id\":\"https:\\\/\\\/www.eprotec-extrusion.com\\\/es\\\/#website\"},\"primaryImageOfPage\":{\"@id\":\"https:\\\/\\\/www.eprotec-extrusion.com\\\/es\\\/preguntas-frecuentes\\\/#primaryimage\"},\"image\":{\"@id\":\"https:\\\/\\\/www.eprotec-extrusion.com\\\/es\\\/preguntas-frecuentes\\\/#primaryimage\"},\"thumbnailUrl\":\"https:\\\/\\\/www.eprotec-extrusion.com\\\/es\\\/wp-content\\\/uploads\\\/2025\\\/04\\\/Products2.jpg\",\"datePublished\":\"2025-04-02T14:55:49+00:00\",\"dateModified\":\"2025-10-18T08:55:37+00:00\",\"breadcrumb\":{\"@id\":\"https:\\\/\\\/www.eprotec-extrusion.com\\\/es\\\/preguntas-frecuentes\\\/#breadcrumb\"},\"inLanguage\":\"es\",\"potentialAction\":[{\"@type\":\"ReadAction\",\"target\":[\"https:\\\/\\\/www.eprotec-extrusion.com\\\/es\\\/preguntas-frecuentes\\\/\"]}]},{\"@type\":\"ImageObject\",\"inLanguage\":\"es\",\"@id\":\"https:\\\/\\\/www.eprotec-extrusion.com\\\/es\\\/preguntas-frecuentes\\\/#primaryimage\",\"url\":\"https:\\\/\\\/www.eprotec-extrusion.com\\\/es\\\/wp-content\\\/uploads\\\/2025\\\/04\\\/Products2.jpg\",\"contentUrl\":\"https:\\\/\\\/www.eprotec-extrusion.com\\\/es\\\/wp-content\\\/uploads\\\/2025\\\/04\\\/Products2.jpg\",\"width\":2198,\"height\":1148},{\"@type\":\"BreadcrumbList\",\"@id\":\"https:\\\/\\\/www.eprotec-extrusion.com\\\/es\\\/preguntas-frecuentes\\\/#breadcrumb\",\"itemListElement\":[{\"@type\":\"ListItem\",\"position\":1,\"name\":\"Home\",\"item\":\"https:\\\/\\\/www.eprotec-extrusion.com\\\/es\\\/\"},{\"@type\":\"ListItem\",\"position\":2,\"name\":\"Preguntas frecuentes\"}]},{\"@type\":\"WebSite\",\"@id\":\"https:\\\/\\\/www.eprotec-extrusion.com\\\/es\\\/#website\",\"url\":\"https:\\\/\\\/www.eprotec-extrusion.com\\\/es\\\/\",\"name\":\"eprotec extrusion technology ag\",\"description\":\"eprotec est\u00e1 especializada en el desarrollo y la fabricaci\u00f3n de bombas de extrusi\u00f3n de alta precisi\u00f3n\",\"publisher\":{\"@id\":\"https:\\\/\\\/www.eprotec-extrusion.com\\\/es\\\/#organization\"},\"potentialAction\":[{\"@type\":\"SearchAction\",\"target\":{\"@type\":\"EntryPoint\",\"urlTemplate\":\"https:\\\/\\\/www.eprotec-extrusion.com\\\/es\\\/?s={search_term_string}\"},\"query-input\":{\"@type\":\"PropertyValueSpecification\",\"valueRequired\":true,\"valueName\":\"search_term_string\"}}],\"inLanguage\":\"es\"},{\"@type\":\"Organization\",\"@id\":\"https:\\\/\\\/www.eprotec-extrusion.com\\\/es\\\/#organization\",\"name\":\"Mustermann GmbH\",\"url\":\"https:\\\/\\\/www.eprotec-extrusion.com\\\/es\\\/\",\"logo\":{\"@type\":\"ImageObject\",\"inLanguage\":\"es\",\"@id\":\"https:\\\/\\\/www.eprotec-extrusion.com\\\/es\\\/#\\\/schema\\\/logo\\\/image\\\/\",\"url\":\"https:\\\/\\\/www.eprotec-extrusion.com\\\/es\\\/wp-content\\\/uploads\\\/2025\\\/04\\\/eprotecLogo.png\",\"contentUrl\":\"https:\\\/\\\/www.eprotec-extrusion.com\\\/es\\\/wp-content\\\/uploads\\\/2025\\\/04\\\/eprotecLogo.png\",\"width\":332,\"height\":200,\"caption\":\"Mustermann GmbH\"},\"image\":{\"@id\":\"https:\\\/\\\/www.eprotec-extrusion.com\\\/es\\\/#\\\/schema\\\/logo\\\/image\\\/\"}}]}<\/script>\n<!-- \/ Yoast SEO plugin. -->","yoast_head_json":{"title":"Preguntas frecuentes - eprotec extrusion technology ag","robots":{"index":"index","follow":"follow","max-snippet":"max-snippet:-1","max-image-preview":"max-image-preview:large","max-video-preview":"max-video-preview:-1"},"canonical":"https:\/\/www.eprotec-extrusion.com\/es\/preguntas-frecuentes\/","og_locale":"es_ES","og_type":"article","og_title":"Preguntas frecuentes - eprotec extrusion technology ag","og_description":"\u00bfTiene alguna pregunta sobre las bombas de fusi\u00f3n de eprotecciones? A continuaci\u00f3n tal vez pueda encontrar su respuesta. De lo contrario, eres bienvenido a contacto para m\u00e1s detalles.","og_url":"https:\/\/www.eprotec-extrusion.com\/es\/preguntas-frecuentes\/","og_site_name":"eprotec extrusion technology ag","article_modified_time":"2025-10-18T08:55:37+00:00","og_image":[{"width":2198,"height":1148,"url":"https:\/\/www.eprotec-extrusion.com\/es\/wp-content\/uploads\/2025\/04\/Products2.jpg","type":"image\/jpeg"}],"twitter_card":"summary_large_image","twitter_misc":{"Tiempo de lectura":"6 minutos"},"schema":{"@context":"https:\/\/schema.org","@graph":[{"@type":"WebPage","@id":"https:\/\/www.eprotec-extrusion.com\/es\/preguntas-frecuentes\/","url":"https:\/\/www.eprotec-extrusion.com\/es\/preguntas-frecuentes\/","name":"Preguntas frecuentes - eprotec extrusion technology ag","isPartOf":{"@id":"https:\/\/www.eprotec-extrusion.com\/es\/#website"},"primaryImageOfPage":{"@id":"https:\/\/www.eprotec-extrusion.com\/es\/preguntas-frecuentes\/#primaryimage"},"image":{"@id":"https:\/\/www.eprotec-extrusion.com\/es\/preguntas-frecuentes\/#primaryimage"},"thumbnailUrl":"https:\/\/www.eprotec-extrusion.com\/es\/wp-content\/uploads\/2025\/04\/Products2.jpg","datePublished":"2025-04-02T14:55:49+00:00","dateModified":"2025-10-18T08:55:37+00:00","breadcrumb":{"@id":"https:\/\/www.eprotec-extrusion.com\/es\/preguntas-frecuentes\/#breadcrumb"},"inLanguage":"es","potentialAction":[{"@type":"ReadAction","target":["https:\/\/www.eprotec-extrusion.com\/es\/preguntas-frecuentes\/"]}]},{"@type":"ImageObject","inLanguage":"es","@id":"https:\/\/www.eprotec-extrusion.com\/es\/preguntas-frecuentes\/#primaryimage","url":"https:\/\/www.eprotec-extrusion.com\/es\/wp-content\/uploads\/2025\/04\/Products2.jpg","contentUrl":"https:\/\/www.eprotec-extrusion.com\/es\/wp-content\/uploads\/2025\/04\/Products2.jpg","width":2198,"height":1148},{"@type":"BreadcrumbList","@id":"https:\/\/www.eprotec-extrusion.com\/es\/preguntas-frecuentes\/#breadcrumb","itemListElement":[{"@type":"ListItem","position":1,"name":"Home","item":"https:\/\/www.eprotec-extrusion.com\/es\/"},{"@type":"ListItem","position":2,"name":"Preguntas frecuentes"}]},{"@type":"WebSite","@id":"https:\/\/www.eprotec-extrusion.com\/es\/#website","url":"https:\/\/www.eprotec-extrusion.com\/es\/","name":"eprotec extrusion technology ag","description":"eprotec est\u00e1 especializada en el desarrollo y la fabricaci\u00f3n de bombas de extrusi\u00f3n de alta precisi\u00f3n","publisher":{"@id":"https:\/\/www.eprotec-extrusion.com\/es\/#organization"},"potentialAction":[{"@type":"SearchAction","target":{"@type":"EntryPoint","urlTemplate":"https:\/\/www.eprotec-extrusion.com\/es\/?s={search_term_string}"},"query-input":{"@type":"PropertyValueSpecification","valueRequired":true,"valueName":"search_term_string"}}],"inLanguage":"es"},{"@type":"Organization","@id":"https:\/\/www.eprotec-extrusion.com\/es\/#organization","name":"Mustermann GmbH","url":"https:\/\/www.eprotec-extrusion.com\/es\/","logo":{"@type":"ImageObject","inLanguage":"es","@id":"https:\/\/www.eprotec-extrusion.com\/es\/#\/schema\/logo\/image\/","url":"https:\/\/www.eprotec-extrusion.com\/es\/wp-content\/uploads\/2025\/04\/eprotecLogo.png","contentUrl":"https:\/\/www.eprotec-extrusion.com\/es\/wp-content\/uploads\/2025\/04\/eprotecLogo.png","width":332,"height":200,"caption":"Mustermann GmbH"},"image":{"@id":"https:\/\/www.eprotec-extrusion.com\/es\/#\/schema\/logo\/image\/"}}]}},"_links":{"self":[{"href":"https:\/\/www.eprotec-extrusion.com\/es\/wp-json\/wp\/v2\/pages\/10964","targetHints":{"allow":["GET"]}}],"collection":[{"href":"https:\/\/www.eprotec-extrusion.com\/es\/wp-json\/wp\/v2\/pages"}],"about":[{"href":"https:\/\/www.eprotec-extrusion.com\/es\/wp-json\/wp\/v2\/types\/page"}],"author":[{"embeddable":true,"href":"https:\/\/www.eprotec-extrusion.com\/es\/wp-json\/wp\/v2\/users\/1"}],"replies":[{"embeddable":true,"href":"https:\/\/www.eprotec-extrusion.com\/es\/wp-json\/wp\/v2\/comments?post=10964"}],"version-history":[{"count":37,"href":"https:\/\/www.eprotec-extrusion.com\/es\/wp-json\/wp\/v2\/pages\/10964\/revisions"}],"predecessor-version":[{"id":11959,"href":"https:\/\/www.eprotec-extrusion.com\/es\/wp-json\/wp\/v2\/pages\/10964\/revisions\/11959"}],"wp:featuredmedia":[{"embeddable":true,"href":"https:\/\/www.eprotec-extrusion.com\/es\/wp-json\/wp\/v2\/media\/10841"}],"wp:attachment":[{"href":"https:\/\/www.eprotec-extrusion.com\/es\/wp-json\/wp\/v2\/media?parent=10964"}],"curies":[{"name":"wp","href":"https:\/\/api.w.org\/{rel}","templated":true}]}}