{"id":4,"date":"2016-02-12T07:54:41","date_gmt":"2016-02-12T07:54:41","guid":{"rendered":"http:\/\/demos.famethemes.com\/onepress\/?page_id=4"},"modified":"2026-03-25T18:49:43","modified_gmt":"2026-03-25T17:49:43","slug":"eprotec-extrusion-technology-ag-bombas-de-fusion","status":"publish","type":"page","link":"https:\/\/www.eprotec-extrusion.com\/es\/","title":{"rendered":"Home"},"content":{"rendered":"\n<div class=\"wp-block-columns alignwide are-vertically-aligned-center has-white-background-color has-background is-layout-flex wp-container-core-columns-is-layout-acf431fe wp-block-columns-is-layout-flex\" style=\"margin-bottom:0;padding-top:var(--wp--preset--spacing--70);padding-bottom:var(--wp--preset--spacing--70)\">\n<div class=\"wp-block-column is-vertically-aligned-center has-text-color has-link-color wp-elements-e4d692b294e1e9ffc06d6f2de761e24a is-layout-flow wp-block-column-is-layout-flow\" style=\"color:#000000;padding-top:0em;padding-right:0em;padding-bottom:0em;padding-left:0em;flex-basis:50%\">\n<div class=\"wp-block-cover\" style=\"border-top-left-radius:100px;border-top-right-radius:0px;border-bottom-left-radius:0px;border-bottom-right-radius:100px;min-height:650px;aspect-ratio:unset;\"><img loading=\"lazy\" decoding=\"async\" width=\"822\" height=\"1234\" class=\"wp-block-cover__image-background wp-image-10887\" alt=\"\" src=\"https:\/\/seobest.de\/demo310311\/wp-content\/uploads\/2025\/04\/eprotecshow1.jpg\" data-object-fit=\"cover\" srcset=\"https:\/\/www.eprotec-extrusion.com\/es\/wp-content\/uploads\/2025\/04\/eprotecshow1.jpg 822w, https:\/\/www.eprotec-extrusion.com\/es\/wp-content\/uploads\/2025\/04\/eprotecshow1-200x300.jpg 200w, https:\/\/www.eprotec-extrusion.com\/es\/wp-content\/uploads\/2025\/04\/eprotecshow1-682x1024.jpg 682w, https:\/\/www.eprotec-extrusion.com\/es\/wp-content\/uploads\/2025\/04\/eprotecshow1-768x1153.jpg 768w\" sizes=\"auto, (max-width: 822px) 100vw, 822px\" \/><span aria-hidden=\"true\" class=\"wp-block-cover__background has-background-dim-0 has-background-dim\" style=\"background-color:#5a5957\"><\/span><div class=\"wp-block-cover__inner-container is-layout-constrained wp-block-cover-is-layout-constrained\">\n<p class=\"has-text-align-center has-large-font-size\"><\/p>\n<\/div><\/div>\n<\/div>\n\n\n\n<div class=\"wp-block-column is-vertically-aligned-center is-layout-flow wp-block-column-is-layout-flow\" style=\"border-style:none;border-width:0px;padding-top:0em;padding-right:0em;padding-bottom:0em;padding-left:0em;flex-basis:50%\">\n<h3 class=\"wp-block-heading\" style=\"font-size:40px;font-style:normal;font-weight:600;line-height:1.2\">e p r o t e c<\/h3>\n\n\n\n<p>La base de nuestra posici\u00f3n competitiva reconocida mundialmente es la experiencia de primera clase junto con procesos de toma de decisiones cortos. Los valores suizos son evidentes para nosotros como fabricantes de bombas de engranajes:<\/p>\n\n\n\n<ul class=\"wp-block-list\">\n<li>Calidad superior, servicio al cliente X-cellent, fiabilidad, entrega a tiempo y flexibilidad<\/li>\n\n\n\n<li>El desarrollo continuo es parte de nuestra filosof\u00eda.<\/li>\n\n\n\n<li>Es por eso que nuestro melt-X las bombas de fusi\u00f3n son siempre de \u00faltima generaci\u00f3n.<\/li>\n\n\n\n<li>Nuestros productos son sin\u00f3nimo de precisi\u00f3n, durabilidad e innovaci\u00f3n.<\/li>\n<\/ul>\n\n\n\n<p>eprotec garantiza al cliente una calidad constante. Le ofrecemos soluciones sostenibles para una extrusi\u00f3n de calidad superior. Desde el componente m\u00e1s peque\u00f1o hasta el sistema completo, desde la ingenier\u00eda hasta la puesta en marcha: todo de una sola fuente del especialista suizo en bombas de fusi\u00f3n.<\/p>\n\n\n\n<p>eprotec es su socio en todo el mundo para un asesoramiento experto, tiempos de respuesta cortos y servicio X-cellent.<\/p>\n<\/div>\n<\/div>\n\n\n\n<div style=\"height:100px\" aria-hidden=\"true\" class=\"wp-block-spacer\"><\/div>\n\n\n\n<div style=\"height:20px\" aria-hidden=\"true\" class=\"wp-block-spacer\"><\/div>\n\n\n\n<div class=\"wp-block-columns is-layout-flex wp-container-core-columns-is-layout-9d6595d7 wp-block-columns-is-layout-flex\">\n<div class=\"wp-block-column is-vertically-aligned-center animated fadeInLeft is-layout-flow wp-block-column-is-layout-flow\">\n<h2 class=\"wp-block-heading has-text-color has-link-color has-x-large-font-size wp-elements-54db29eed80c4bd71fd8ce8a24ac3e70\" style=\"color:#ffad29\">Aspectos y Filosof\u00eda<\/h2>\n\n\n\n<p>eprotec La bomba de fusi\u00f3n optimiza el proceso de extrusi\u00f3n aliviando la presi\u00f3n acumulada en el tornillo extrusor y as\u00ed poder homogeneizar mejor. La bomba de fusi\u00f3n genera la presi\u00f3n requerida, alivia el extrusor. <\/p>\n\n\n\n<p>Esto reduce el cizallamiento, optimiza el proceso de fusi\u00f3n y reduce el consumo de energ\u00eda del extrusor.<\/p>\n\n\n\n<div style=\"height:27px\" aria-hidden=\"true\" class=\"wp-block-spacer\"><\/div>\n\n\n\n<div class=\"wp-block-buttons is-layout-flex wp-block-buttons-is-layout-flex\">\n<div class=\"wp-block-button btn_s\"><a class=\"wp-block-button__link has-white-color has-text-color has-background has-link-color wp-element-button\" href=\"https:\/\/www.eprotec-extrusion.com\/es\/sobre-nosotros\/\" style=\"border-radius:5px;background-color:#ffad29\">Sobre nosotros<\/a><\/div>\n<\/div>\n<\/div>\n\n\n\n<div class=\"wp-block-column animated fadeInRight is-layout-flow wp-block-column-is-layout-flow\">\n<figure class=\"wp-block-image size-large\"><img loading=\"lazy\" decoding=\"async\" width=\"1024\" height=\"683\" src=\"https:\/\/seobest.de\/demo310311\/wp-content\/uploads\/2025\/04\/eprotecmeltpumpandstaticmixer-1024x683.jpg\" alt=\"\" class=\"wp-image-10843\" srcset=\"https:\/\/www.eprotec-extrusion.com\/es\/wp-content\/uploads\/2025\/04\/eprotecmeltpumpandstaticmixer-1024x683.jpg 1024w, https:\/\/www.eprotec-extrusion.com\/es\/wp-content\/uploads\/2025\/04\/eprotecmeltpumpandstaticmixer-300x200.jpg 300w, https:\/\/www.eprotec-extrusion.com\/es\/wp-content\/uploads\/2025\/04\/eprotecmeltpumpandstaticmixer-768x512.jpg 768w, https:\/\/www.eprotec-extrusion.com\/es\/wp-content\/uploads\/2025\/04\/eprotecmeltpumpandstaticmixer.jpg 1200w\" sizes=\"auto, (max-width: 1024px) 100vw, 1024px\" \/><\/figure>\n<\/div>\n<\/div>\n\n\n\n<div style=\"height:57px\" aria-hidden=\"true\" class=\"wp-block-spacer\"><\/div>\n\n\n\n<div class=\"wp-block-columns is-layout-flex wp-container-core-columns-is-layout-9d6595d7 wp-block-columns-is-layout-flex\">\n<div class=\"wp-block-column is-layout-flow wp-block-column-is-layout-flow\">\n<div class=\"wp-block-columns is-layout-flex wp-container-core-columns-is-layout-9d6595d7 wp-block-columns-is-layout-flex\">\n<div class=\"wp-block-column animated fadeInUp clm_schw1 has-white-color has-text-color has-background has-link-color wp-elements-cf85ad43dd2f54293a3521da2fb9df3c is-layout-flow wp-block-column-is-layout-flow\" style=\"background-color:#686560\">\n<figure class=\"wp-block-image size-full\"><img loading=\"lazy\" decoding=\"async\" width=\"500\" height=\"503\" src=\"https:\/\/seobest.de\/demo310311\/wp-content\/uploads\/2025\/04\/spare-parts.jpg\" alt=\"eprotec extrusion technology ag Bombas de fusi\u00f3n\" class=\"wp-image-10907\" srcset=\"https:\/\/www.eprotec-extrusion.com\/es\/wp-content\/uploads\/2025\/04\/spare-parts.jpg 500w, https:\/\/www.eprotec-extrusion.com\/es\/wp-content\/uploads\/2025\/04\/spare-parts-298x300.jpg 298w, https:\/\/www.eprotec-extrusion.com\/es\/wp-content\/uploads\/2025\/04\/spare-parts-150x150.jpg 150w\" sizes=\"auto, (max-width: 500px) 100vw, 500px\" \/><\/figure>\n\n\n\n<div style=\"height:30px\" aria-hidden=\"true\" class=\"wp-block-spacer\"><\/div>\n\n\n\n<h3 class=\"wp-block-heading has-text-align-center has-white-color has-text-color has-link-color wp-elements-beb75fee44ef89d631235b91ce67efc2\">Siempre hay piezas de repuesto en stock<\/h3>\n<\/div>\n\n\n\n<div class=\"wp-block-column animated fadeInUp clm_schw1 has-white-color has-text-color has-background has-link-color wp-elements-66b9cda065c87d3838429e4d33db9a52 is-layout-flow wp-block-column-is-layout-flow\" style=\"background-color:#686560\">\n<figure class=\"wp-block-image size-full\"><img loading=\"lazy\" decoding=\"async\" width=\"500\" height=\"503\" src=\"https:\/\/seobest.de\/demo310311\/wp-content\/uploads\/2025\/04\/know-how-and-support.jpg\" alt=\"eprotec extrusion technology ag Bombas de fusi\u00f3n\" class=\"wp-image-10908\" srcset=\"https:\/\/www.eprotec-extrusion.com\/es\/wp-content\/uploads\/2025\/04\/know-how-and-support.jpg 500w, https:\/\/www.eprotec-extrusion.com\/es\/wp-content\/uploads\/2025\/04\/know-how-and-support-298x300.jpg 298w, https:\/\/www.eprotec-extrusion.com\/es\/wp-content\/uploads\/2025\/04\/know-how-and-support-150x150.jpg 150w\" sizes=\"auto, (max-width: 500px) 100vw, 500px\" \/><\/figure>\n\n\n\n<div style=\"height:30px\" aria-hidden=\"true\" class=\"wp-block-spacer\"><\/div>\n\n\n\n<h3 class=\"wp-block-heading has-text-align-center has-white-color has-text-color has-link-color wp-elements-0b1f6b11dd2de85471500c4600109eda\">Saber c\u00f3mo y apoyo<\/h3>\n<\/div>\n<\/div>\n<\/div>\n\n\n\n<div class=\"wp-block-column is-layout-flow wp-block-column-is-layout-flow\">\n<div class=\"wp-block-columns is-layout-flex wp-container-core-columns-is-layout-9d6595d7 wp-block-columns-is-layout-flex\">\n<div class=\"wp-block-column animated fadeInUp clm_schw1 has-white-color has-text-color has-background has-link-color wp-elements-dcc799d9c24588cf5ee341dd57035c7b is-layout-flow wp-block-column-is-layout-flow\" style=\"background-color:#686560\">\n<figure class=\"wp-block-image size-full\"><img loading=\"lazy\" decoding=\"async\" width=\"500\" height=\"503\" src=\"https:\/\/seobest.de\/demo310311\/wp-content\/uploads\/2025\/04\/customer-focused.jpg\" alt=\"eprotec extrusion technology ag Bombas de fusi\u00f3n\" class=\"wp-image-10909\" srcset=\"https:\/\/www.eprotec-extrusion.com\/es\/wp-content\/uploads\/2025\/04\/customer-focused.jpg 500w, https:\/\/www.eprotec-extrusion.com\/es\/wp-content\/uploads\/2025\/04\/customer-focused-298x300.jpg 298w, https:\/\/www.eprotec-extrusion.com\/es\/wp-content\/uploads\/2025\/04\/customer-focused-150x150.jpg 150w\" sizes=\"auto, (max-width: 500px) 100vw, 500px\" \/><\/figure>\n\n\n\n<div style=\"height:30px\" aria-hidden=\"true\" class=\"wp-block-spacer\"><\/div>\n\n\n\n<h3 class=\"wp-block-heading has-text-align-center has-white-color has-text-color has-link-color wp-elements-8eca29a55e9871f2a74257e512941ea9\">Centrado en el cliente<\/h3>\n<\/div>\n\n\n\n<div class=\"wp-block-column animated fadeInUp clm_schw1 has-white-color has-text-color has-background has-link-color wp-elements-5ded513fa5cfdbb196d4141883519556 is-layout-flow wp-block-column-is-layout-flow\" style=\"background-color:#686560\">\n<figure class=\"wp-block-image size-full\"><img loading=\"lazy\" decoding=\"async\" width=\"500\" height=\"503\" src=\"https:\/\/seobest.de\/demo310311\/wp-content\/uploads\/2025\/04\/short-decisionmaking-process.jpg\" alt=\"eprotec extrusion technology ag Bombas de fusi\u00f3n\" class=\"wp-image-10910\" srcset=\"https:\/\/www.eprotec-extrusion.com\/es\/wp-content\/uploads\/2025\/04\/short-decisionmaking-process.jpg 500w, https:\/\/www.eprotec-extrusion.com\/es\/wp-content\/uploads\/2025\/04\/short-decisionmaking-process-298x300.jpg 298w, https:\/\/www.eprotec-extrusion.com\/es\/wp-content\/uploads\/2025\/04\/short-decisionmaking-process-150x150.jpg 150w\" sizes=\"auto, (max-width: 500px) 100vw, 500px\" \/><\/figure>\n\n\n\n<div style=\"height:30px\" aria-hidden=\"true\" class=\"wp-block-spacer\"><\/div>\n\n\n\n<h3 class=\"wp-block-heading has-text-align-center has-white-color has-text-color has-link-color wp-elements-748d52e3ff009453b0462409831e55b4\">Proceso de toma de decisiones corto<\/h3>\n<\/div>\n<\/div>\n<\/div>\n<\/div>\n","protected":false},"excerpt":{"rendered":"<p>e p r o t e c La base de nuestra posici\u00f3n competitiva reconocida mundialmente es la experiencia de primera clase junto con procesos de toma de decisiones cortos. Los &#8230;<\/p>\n","protected":false},"author":2,"featured_media":0,"parent":0,"menu_order":0,"comment_status":"closed","ping_status":"closed","template":"template-frontpage.php","meta":{"_coblocks_attr":"","_coblocks_dimensions":"","_coblocks_responsive_height":"","_coblocks_accordion_ie_support":"","pgc_sgb_lightbox_settings":"","footnotes":""},"class_list":["post-4","page","type-page","status-publish","hentry"],"yoast_head":"<!-- This site is optimized with the Yoast SEO plugin v27.5 - https:\/\/yoast.com\/product\/yoast-seo-wordpress\/ -->\n<title>Home - eprotec extrusion technology ag<\/title>\n<meta name=\"description\" content=\"eprotec extrusion technology ag Bombas de fusi\u00f3n, Funci\u00f3n melt-X, melt-X Caracter\u00edsticas, Bombas melt-X, melt-X XT, melt-X S, melt-X H\" \/>\n<meta name=\"robots\" content=\"index, follow, max-snippet:-1, max-image-preview:large, max-video-preview:-1\" \/>\n<link rel=\"canonical\" href=\"https:\/\/www.eprotec-extrusion.com\/es\/\" \/>\n<meta property=\"og:locale\" content=\"es_ES\" \/>\n<meta property=\"og:type\" content=\"article\" \/>\n<meta property=\"og:title\" content=\"Home - eprotec extrusion technology ag\" \/>\n<meta property=\"og:description\" content=\"eprotec extrusion technology ag Bombas de fusi\u00f3n, Funci\u00f3n melt-X, melt-X Caracter\u00edsticas, Bombas melt-X, melt-X XT, melt-X S, melt-X H\" \/>\n<meta property=\"og:url\" content=\"https:\/\/www.eprotec-extrusion.com\/es\/\" \/>\n<meta property=\"og:site_name\" content=\"eprotec extrusion technology ag\" \/>\n<meta property=\"article:modified_time\" content=\"2026-03-25T17:49:43+00:00\" \/>\n<meta property=\"og:image\" content=\"https:\/\/www.eprotec-extrusion.com\/es\/wp-content\/uploads\/2025\/04\/eprotecshow1.jpg\" \/>\n\t<meta property=\"og:image:width\" content=\"822\" \/>\n\t<meta property=\"og:image:height\" content=\"1234\" \/>\n\t<meta property=\"og:image:type\" content=\"image\/jpeg\" \/>\n<meta name=\"twitter:card\" content=\"summary_large_image\" \/>\n<meta name=\"twitter:label1\" content=\"Tiempo de lectura\" \/>\n\t<meta name=\"twitter:data1\" content=\"3 minutos\" \/>\n<script type=\"application\/ld+json\" class=\"yoast-schema-graph\">{\"@context\":\"https:\\\/\\\/schema.org\",\"@graph\":[{\"@type\":\"WebPage\",\"@id\":\"https:\\\/\\\/www.eprotec-extrusion.com\\\/es\\\/\",\"url\":\"https:\\\/\\\/www.eprotec-extrusion.com\\\/es\\\/\",\"name\":\"Home - eprotec extrusion technology ag\",\"isPartOf\":{\"@id\":\"https:\\\/\\\/www.eprotec-extrusion.com\\\/es\\\/#website\"},\"primaryImageOfPage\":{\"@id\":\"https:\\\/\\\/www.eprotec-extrusion.com\\\/es\\\/#primaryimage\"},\"image\":{\"@id\":\"https:\\\/\\\/www.eprotec-extrusion.com\\\/es\\\/#primaryimage\"},\"thumbnailUrl\":\"https:\\\/\\\/seobest.de\\\/demo310311\\\/wp-content\\\/uploads\\\/2025\\\/04\\\/eprotecshow1.jpg\",\"datePublished\":\"2016-02-12T07:54:41+00:00\",\"dateModified\":\"2026-03-25T17:49:43+00:00\",\"description\":\"eprotec extrusion technology ag Bombas de fusi\u00f3n, Funci\u00f3n melt-X, melt-X Caracter\u00edsticas, Bombas melt-X, melt-X XT, melt-X S, melt-X H\",\"breadcrumb\":{\"@id\":\"https:\\\/\\\/www.eprotec-extrusion.com\\\/es\\\/#breadcrumb\"},\"inLanguage\":\"es\",\"potentialAction\":[{\"@type\":\"ReadAction\",\"target\":[\"https:\\\/\\\/www.eprotec-extrusion.com\\\/es\\\/\"]}]},{\"@type\":\"ImageObject\",\"inLanguage\":\"es\",\"@id\":\"https:\\\/\\\/www.eprotec-extrusion.com\\\/es\\\/#primaryimage\",\"url\":\"https:\\\/\\\/seobest.de\\\/demo310311\\\/wp-content\\\/uploads\\\/2025\\\/04\\\/eprotecshow1.jpg\",\"contentUrl\":\"https:\\\/\\\/seobest.de\\\/demo310311\\\/wp-content\\\/uploads\\\/2025\\\/04\\\/eprotecshow1.jpg\"},{\"@type\":\"BreadcrumbList\",\"@id\":\"https:\\\/\\\/www.eprotec-extrusion.com\\\/es\\\/#breadcrumb\",\"itemListElement\":[{\"@type\":\"ListItem\",\"position\":1,\"name\":\"Home\",\"item\":\"https:\\\/\\\/www.eprotec-extrusion.com\\\/es\\\/\"},{\"@type\":\"ListItem\",\"position\":2,\"name\":\"Home\"}]},{\"@type\":\"WebSite\",\"@id\":\"https:\\\/\\\/www.eprotec-extrusion.com\\\/es\\\/#website\",\"url\":\"https:\\\/\\\/www.eprotec-extrusion.com\\\/es\\\/\",\"name\":\"eprotec extrusion technology ag\",\"description\":\"eprotec est\u00e1 especializada en el desarrollo y la fabricaci\u00f3n de bombas de extrusi\u00f3n de alta precisi\u00f3n\",\"publisher\":{\"@id\":\"https:\\\/\\\/www.eprotec-extrusion.com\\\/es\\\/#organization\"},\"potentialAction\":[{\"@type\":\"SearchAction\",\"target\":{\"@type\":\"EntryPoint\",\"urlTemplate\":\"https:\\\/\\\/www.eprotec-extrusion.com\\\/es\\\/?s={search_term_string}\"},\"query-input\":{\"@type\":\"PropertyValueSpecification\",\"valueRequired\":true,\"valueName\":\"search_term_string\"}}],\"inLanguage\":\"es\"},{\"@type\":\"Organization\",\"@id\":\"https:\\\/\\\/www.eprotec-extrusion.com\\\/es\\\/#organization\",\"name\":\"Mustermann GmbH\",\"url\":\"https:\\\/\\\/www.eprotec-extrusion.com\\\/es\\\/\",\"logo\":{\"@type\":\"ImageObject\",\"inLanguage\":\"es\",\"@id\":\"https:\\\/\\\/www.eprotec-extrusion.com\\\/es\\\/#\\\/schema\\\/logo\\\/image\\\/\",\"url\":\"https:\\\/\\\/www.eprotec-extrusion.com\\\/es\\\/wp-content\\\/uploads\\\/2025\\\/04\\\/eprotecLogo.png\",\"contentUrl\":\"https:\\\/\\\/www.eprotec-extrusion.com\\\/es\\\/wp-content\\\/uploads\\\/2025\\\/04\\\/eprotecLogo.png\",\"width\":332,\"height\":200,\"caption\":\"Mustermann GmbH\"},\"image\":{\"@id\":\"https:\\\/\\\/www.eprotec-extrusion.com\\\/es\\\/#\\\/schema\\\/logo\\\/image\\\/\"}}]}<\/script>\n<!-- \/ Yoast SEO plugin. -->","yoast_head_json":{"title":"Home - eprotec extrusion technology ag","description":"eprotec extrusion technology ag Bombas de fusi\u00f3n, Funci\u00f3n melt-X, melt-X Caracter\u00edsticas, Bombas melt-X, melt-X XT, melt-X S, melt-X H","robots":{"index":"index","follow":"follow","max-snippet":"max-snippet:-1","max-image-preview":"max-image-preview:large","max-video-preview":"max-video-preview:-1"},"canonical":"https:\/\/www.eprotec-extrusion.com\/es\/","og_locale":"es_ES","og_type":"article","og_title":"Home - eprotec extrusion technology ag","og_description":"eprotec extrusion technology ag Bombas de fusi\u00f3n, Funci\u00f3n melt-X, melt-X Caracter\u00edsticas, Bombas melt-X, melt-X XT, melt-X S, melt-X H","og_url":"https:\/\/www.eprotec-extrusion.com\/es\/","og_site_name":"eprotec extrusion technology ag","article_modified_time":"2026-03-25T17:49:43+00:00","og_image":[{"width":822,"height":1234,"url":"https:\/\/www.eprotec-extrusion.com\/es\/wp-content\/uploads\/2025\/04\/eprotecshow1.jpg","type":"image\/jpeg"}],"twitter_card":"summary_large_image","twitter_misc":{"Tiempo de lectura":"3 minutos"},"schema":{"@context":"https:\/\/schema.org","@graph":[{"@type":"WebPage","@id":"https:\/\/www.eprotec-extrusion.com\/es\/","url":"https:\/\/www.eprotec-extrusion.com\/es\/","name":"Home - eprotec extrusion technology ag","isPartOf":{"@id":"https:\/\/www.eprotec-extrusion.com\/es\/#website"},"primaryImageOfPage":{"@id":"https:\/\/www.eprotec-extrusion.com\/es\/#primaryimage"},"image":{"@id":"https:\/\/www.eprotec-extrusion.com\/es\/#primaryimage"},"thumbnailUrl":"https:\/\/seobest.de\/demo310311\/wp-content\/uploads\/2025\/04\/eprotecshow1.jpg","datePublished":"2016-02-12T07:54:41+00:00","dateModified":"2026-03-25T17:49:43+00:00","description":"eprotec extrusion technology ag Bombas de fusi\u00f3n, Funci\u00f3n melt-X, melt-X Caracter\u00edsticas, Bombas melt-X, melt-X XT, melt-X S, melt-X H","breadcrumb":{"@id":"https:\/\/www.eprotec-extrusion.com\/es\/#breadcrumb"},"inLanguage":"es","potentialAction":[{"@type":"ReadAction","target":["https:\/\/www.eprotec-extrusion.com\/es\/"]}]},{"@type":"ImageObject","inLanguage":"es","@id":"https:\/\/www.eprotec-extrusion.com\/es\/#primaryimage","url":"https:\/\/seobest.de\/demo310311\/wp-content\/uploads\/2025\/04\/eprotecshow1.jpg","contentUrl":"https:\/\/seobest.de\/demo310311\/wp-content\/uploads\/2025\/04\/eprotecshow1.jpg"},{"@type":"BreadcrumbList","@id":"https:\/\/www.eprotec-extrusion.com\/es\/#breadcrumb","itemListElement":[{"@type":"ListItem","position":1,"name":"Home","item":"https:\/\/www.eprotec-extrusion.com\/es\/"},{"@type":"ListItem","position":2,"name":"Home"}]},{"@type":"WebSite","@id":"https:\/\/www.eprotec-extrusion.com\/es\/#website","url":"https:\/\/www.eprotec-extrusion.com\/es\/","name":"eprotec extrusion technology ag","description":"eprotec est\u00e1 especializada en el desarrollo y la fabricaci\u00f3n de bombas de extrusi\u00f3n de alta precisi\u00f3n","publisher":{"@id":"https:\/\/www.eprotec-extrusion.com\/es\/#organization"},"potentialAction":[{"@type":"SearchAction","target":{"@type":"EntryPoint","urlTemplate":"https:\/\/www.eprotec-extrusion.com\/es\/?s={search_term_string}"},"query-input":{"@type":"PropertyValueSpecification","valueRequired":true,"valueName":"search_term_string"}}],"inLanguage":"es"},{"@type":"Organization","@id":"https:\/\/www.eprotec-extrusion.com\/es\/#organization","name":"Mustermann GmbH","url":"https:\/\/www.eprotec-extrusion.com\/es\/","logo":{"@type":"ImageObject","inLanguage":"es","@id":"https:\/\/www.eprotec-extrusion.com\/es\/#\/schema\/logo\/image\/","url":"https:\/\/www.eprotec-extrusion.com\/es\/wp-content\/uploads\/2025\/04\/eprotecLogo.png","contentUrl":"https:\/\/www.eprotec-extrusion.com\/es\/wp-content\/uploads\/2025\/04\/eprotecLogo.png","width":332,"height":200,"caption":"Mustermann GmbH"},"image":{"@id":"https:\/\/www.eprotec-extrusion.com\/es\/#\/schema\/logo\/image\/"}}]}},"_links":{"self":[{"href":"https:\/\/www.eprotec-extrusion.com\/es\/wp-json\/wp\/v2\/pages\/4","targetHints":{"allow":["GET"]}}],"collection":[{"href":"https:\/\/www.eprotec-extrusion.com\/es\/wp-json\/wp\/v2\/pages"}],"about":[{"href":"https:\/\/www.eprotec-extrusion.com\/es\/wp-json\/wp\/v2\/types\/page"}],"author":[{"embeddable":true,"href":"https:\/\/www.eprotec-extrusion.com\/es\/wp-json\/wp\/v2\/users\/2"}],"replies":[{"embeddable":true,"href":"https:\/\/www.eprotec-extrusion.com\/es\/wp-json\/wp\/v2\/comments?post=4"}],"version-history":[{"count":34,"href":"https:\/\/www.eprotec-extrusion.com\/es\/wp-json\/wp\/v2\/pages\/4\/revisions"}],"predecessor-version":[{"id":12016,"href":"https:\/\/www.eprotec-extrusion.com\/es\/wp-json\/wp\/v2\/pages\/4\/revisions\/12016"}],"wp:attachment":[{"href":"https:\/\/www.eprotec-extrusion.com\/es\/wp-json\/wp\/v2\/media?parent=4"}],"curies":[{"name":"wp","href":"https:\/\/api.w.org\/{rel}","templated":true}]}}